{"id":1003,"date":"2026-02-03T18:49:40","date_gmt":"2026-02-03T17:49:40","guid":{"rendered":"https:\/\/juliettesejourne.com\/?page_id=1003"},"modified":"2026-02-03T19:17:42","modified_gmt":"2026-02-03T18:17:42","slug":"dans-la-peau-dune-oeuvre-tsukumothemis","status":"publish","type":"page","link":"https:\/\/juliettesejourne.com\/en\/dans-la-peau-dune-oeuvre-tsukumothemis\/","title":{"rendered":"Dans la peau d&rsquo;une \u0153uvre &#8211; Tsukumoth\u00e9mis"},"content":{"rendered":"<p>R\u00e9sidence \u00e0 la Villa Guimet, centre de recherche sur les arts asiatiques<\/p>\n\n\n\n<div style=\"height:11px\" aria-hidden=\"true\" class=\"wp-block-spacer\"><\/div>\n\n\n\n<blockquote class=\"wp-block-quote is-layout-flow wp-block-quote-is-layout-flow\">\n<p>Bourse \u00ab Petit projet \u00bb &#8211; PEPR ICCARE &#8211; [TH\u00c9MIS] Toucher les publics.<\/p>\n\n\n\n<p>Institutions partenaires : ENS Paris-Saclay, Mus\u00e9e national des arts asiatiques Guimet<\/p>\n\n\n\n<p>Collaborations : Fr\u00e9d\u00e9ric Bevilacqua (chercheur Ircam), Rapha\u00ebl Dallaporta, Pierre Nouvel, Emmanuel Fl\u00e9ty<\/p>\n<\/blockquote>\n\n\n\n<div style=\"height:11px\" aria-hidden=\"true\" class=\"wp-block-spacer\"><\/div>\n\n\n\n<p><em>D\u00e9velopper un dispositif interactif de m\u00e9diation faisant appara\u00eetre des aspects invisibles d\u2019objets au cours d\u2019une interaction sensitive et imaginaire<\/em><\/p>\n\n\n\n<div style=\"height:11px\" aria-hidden=\"true\" class=\"wp-block-spacer\"><\/div>\n\n\n\n<p>Il s\u2019agissait d\u2019un temps de recherche sur la m\u00e9diation dans un contexte mus\u00e9al visant une interaction sensible entre les publics et les objets : inviter le.a visiteur.se \u00e0 une rencontre sensorielle et subjective avec l\u2019objet, une prise de contact, une interaction. Il \u00e9tait question de concevoir, en discussion constante avec les divers acteurs.ices du mus\u00e9s, des espaces de possible intimit\u00e9 avec un objet dont la mat\u00e9rialit\u00e9 nous semble a priori inaccessible. <\/p>\n\n\n\n<div style=\"height:11px\" aria-hidden=\"true\" class=\"wp-block-spacer\"><\/div>\n\n\n\n<p>Je me suis ancr\u00e9e dans la vie quotidienne et sensorielle des objets, des soins qui leur sont apport\u00e9s, afin d\u2019entrer en contact avec cette intimit\u00e9 de l\u2019objet : celle de des restaurateur.ices, technicien.nes, conservateur.ices, des \u00e9quipes de la r\u00e9gie des \u0153uvres, de la surveillance, de l\u2019accueil&#8230; J&rsquo;explorais une perspective souvent cach\u00e9e de la vie du mus\u00e9e, consid\u00e9rant que leurs r\u00e9cits font partie int\u00e9grante de la vie des objets qu\u2019ils c\u00f4toient. Cette r\u00e9alit\u00e9 de l\u2019objet peut \u00eatre le d\u00e9part d\u2019une interaction sensible, imaginaire, d\u2019un.e visiteur.se avec un objet du mus\u00e9e.<\/p>\n\n\n\n<div style=\"height:11px\" aria-hidden=\"true\" class=\"wp-block-spacer\"><\/div>\n\n\n\n<p><em>Il s\u2019agissait alors, en filigrane, de tenter d\u2019apercevoir, d\u2019entendre et d\u2019adopter la perspective de l\u2019\u0153uvre, de l\u2019objet dans son quotidien.<\/em><\/p>\n\n\n\n<div style=\"height:11px\" aria-hidden=\"true\" class=\"wp-block-spacer\"><\/div>\n\n\n\n<p>A travers un dispositif interactif, comment \u00e9couter des points de vues diff\u00e9rents de l\u2019objet, entre ceux des personnes qui en prennent soin et peut-\u00eatre ceux de l\u2019objet lui-m\u00eame ? <\/p>\n\n\n\n<div style=\"height:11px\" aria-hidden=\"true\" class=\"wp-block-spacer\"><\/div>\n\n\n\n<p>Au fil de la contemplation, de l\u2019\u00e9coute, et du dialogue avec les divers personnels du mus\u00e9e, j\u2019ai formul\u00e9 et formalis\u00e9 diff\u00e9rentes pistes de cr\u00e9ation-m\u00e9diation. <\/p>\n\n\n\n<p>Je me suis ensuite concentr\u00e9e sur la r\u00e9alisation d&rsquo;un prototype, rendant d\u2019une part possible de manipuler un clone de l\u2019objet physique (en \u00e9vitant une approche trop \u00e9vidente de r\u00e9alit\u00e9 virtuelle). Enfin, j\u2019ai donn\u00e9 une \u00ab rencontre-cr\u00e9ation-collective \u00bb pour les Journ\u00e9es du patrimoine 2025 du mus\u00e9e Guimet, qui invite \u00e0 se mettre dans la peau d\u2019une \u0153uvre pour y percevoir une partie de son quotidien mus\u00e9al&#8230;<\/p>\n\n\n\n<figure class=\"wp-block-image size-full\"><img loading=\"lazy\" decoding=\"async\" width=\"800\" height=\"741\" src=\"https:\/\/juliettesejourne.com\/wp-content\/uploads\/2026\/02\/Dans_la_peau_oeuvre_800.jpeg\" alt=\"\" class=\"wp-image-1016\" srcset=\"https:\/\/juliettesejourne.com\/wp-content\/uploads\/2026\/02\/Dans_la_peau_oeuvre_800.jpeg 800w, https:\/\/juliettesejourne.com\/wp-content\/uploads\/2026\/02\/Dans_la_peau_oeuvre_800-300x278.jpeg 300w, https:\/\/juliettesejourne.com\/wp-content\/uploads\/2026\/02\/Dans_la_peau_oeuvre_800-768x711.jpeg 768w, https:\/\/juliettesejourne.com\/wp-content\/uploads\/2026\/02\/Dans_la_peau_oeuvre_800-13x12.jpeg 13w\" sizes=\"auto, (max-width: 800px) 100vw, 800px\" \/><\/figure>\n\n\n\n<p><em>S\u00e9rie de cartels correspondant aux \u0153uvres dans la perspective desquelles le public \u00e9tait invit\u00e9 \u00e0 sa glisser.<\/em><\/p>\n\n\n\n<p><\/p>","protected":false},"excerpt":{"rendered":"<p>R\u00e9sidence \u00e0 la Villa Guimet, centre de recherche sur les arts asiatiques Bourse \u00ab Petit projet \u00bb &#8211; PEPR ICCARE &#8211; [TH\u00c9MIS] Toucher les publics. Institutions partenaires : ENS Paris-Saclay, Mus\u00e9e national des arts asiatiques Guimet Collaborations : Fr\u00e9d\u00e9ric Bevilacqua (chercheur Ircam), Rapha\u00ebl Dallaporta, Pierre Nouvel, Emmanuel Fl\u00e9ty D\u00e9velopper un dispositif interactif de m\u00e9diation faisant [&hellip;]<\/p>","protected":false},"author":1,"featured_media":1015,"parent":0,"menu_order":0,"comment_status":"closed","ping_status":"closed","template":"","meta":{"_monsterinsights_skip_tracking":false,"_monsterinsights_sitenote_active":false,"_monsterinsights_sitenote_note":"","_monsterinsights_sitenote_category":0,"footnotes":""},"class_list":["post-1003","page","type-page","status-publish","has-post-thumbnail","hentry"],"yoast_head":"<!-- This site is optimized with the Yoast SEO plugin v24.8.1 - https:\/\/yoast.com\/wordpress\/plugins\/seo\/ -->\n<title>Dans la peau d&#039;une \u0153uvre - Tsukumoth\u00e9mis - Juliette Sejourn\u00e9<\/title>\n<meta name=\"robots\" content=\"index, follow, max-snippet:-1, max-image-preview:large, max-video-preview:-1\" \/>\n<link rel=\"canonical\" href=\"https:\/\/juliettesejourne.com\/en\/dans-la-peau-dune-oeuvre-tsukumothemis\/\" \/>\n<meta property=\"og:locale\" content=\"en_GB\" \/>\n<meta property=\"og:type\" content=\"article\" \/>\n<meta property=\"og:title\" content=\"Dans la peau d&#039;une \u0153uvre - Tsukumoth\u00e9mis - Juliette Sejourn\u00e9\" \/>\n<meta property=\"og:description\" content=\"R\u00e9sidence \u00e0 la Villa Guimet, centre de recherche sur les arts asiatiques Bourse \u00ab Petit projet \u00bb &#8211; PEPR ICCARE &#8211; [TH\u00c9MIS] Toucher les publics. Institutions partenaires : ENS Paris-Saclay, Mus\u00e9e national des arts asiatiques Guimet Collaborations : Fr\u00e9d\u00e9ric Bevilacqua (chercheur Ircam), Rapha\u00ebl Dallaporta, Pierre Nouvel, Emmanuel Fl\u00e9ty D\u00e9velopper un dispositif interactif de m\u00e9diation faisant [&hellip;]\" \/>\n<meta property=\"og:url\" content=\"https:\/\/juliettesejourne.com\/en\/dans-la-peau-dune-oeuvre-tsukumothemis\/\" \/>\n<meta property=\"og:site_name\" content=\"Juliette Sejourn\u00e9\" \/>\n<meta property=\"article:modified_time\" content=\"2026-02-03T18:17:42+00:00\" \/>\n<meta property=\"og:image\" content=\"https:\/\/juliettesejourne.com\/wp-content\/uploads\/2026\/02\/Tsukumothemis_800.jpeg\" \/>\n\t<meta property=\"og:image:width\" content=\"800\" \/>\n\t<meta property=\"og:image:height\" content=\"640\" \/>\n\t<meta property=\"og:image:type\" content=\"image\/jpeg\" \/>\n<meta name=\"twitter:card\" content=\"summary_large_image\" \/>\n<meta name=\"twitter:label1\" content=\"Estimated reading time\" \/>\n\t<meta name=\"twitter:data1\" content=\"3 minutes\" \/>\n<script type=\"application\/ld+json\" class=\"yoast-schema-graph\">{\"@context\":\"https:\/\/schema.org\",\"@graph\":[{\"@type\":\"WebPage\",\"@id\":\"https:\/\/juliettesejourne.com\/dans-la-peau-dune-oeuvre-tsukumothemis\/\",\"url\":\"https:\/\/juliettesejourne.com\/dans-la-peau-dune-oeuvre-tsukumothemis\/\",\"name\":\"Dans la peau d'une \u0153uvre - Tsukumoth\u00e9mis - Juliette Sejourn\u00e9\",\"isPartOf\":{\"@id\":\"https:\/\/juliettesejourne.com\/#website\"},\"primaryImageOfPage\":{\"@id\":\"https:\/\/juliettesejourne.com\/dans-la-peau-dune-oeuvre-tsukumothemis\/#primaryimage\"},\"image\":{\"@id\":\"https:\/\/juliettesejourne.com\/dans-la-peau-dune-oeuvre-tsukumothemis\/#primaryimage\"},\"thumbnailUrl\":\"https:\/\/juliettesejourne.com\/wp-content\/uploads\/2026\/02\/Tsukumothemis_800.jpeg\",\"datePublished\":\"2026-02-03T17:49:40+00:00\",\"dateModified\":\"2026-02-03T18:17:42+00:00\",\"breadcrumb\":{\"@id\":\"https:\/\/juliettesejourne.com\/dans-la-peau-dune-oeuvre-tsukumothemis\/#breadcrumb\"},\"inLanguage\":\"en-GB\",\"potentialAction\":[{\"@type\":\"ReadAction\",\"target\":[\"https:\/\/juliettesejourne.com\/dans-la-peau-dune-oeuvre-tsukumothemis\/\"]}]},{\"@type\":\"ImageObject\",\"inLanguage\":\"en-GB\",\"@id\":\"https:\/\/juliettesejourne.com\/dans-la-peau-dune-oeuvre-tsukumothemis\/#primaryimage\",\"url\":\"https:\/\/juliettesejourne.com\/wp-content\/uploads\/2026\/02\/Tsukumothemis_800.jpeg\",\"contentUrl\":\"https:\/\/juliettesejourne.com\/wp-content\/uploads\/2026\/02\/Tsukumothemis_800.jpeg\",\"width\":800,\"height\":640,\"caption\":\"Screenshot\"},{\"@type\":\"BreadcrumbList\",\"@id\":\"https:\/\/juliettesejourne.com\/dans-la-peau-dune-oeuvre-tsukumothemis\/#breadcrumb\",\"itemListElement\":[{\"@type\":\"ListItem\",\"position\":1,\"name\":\"Accueil\",\"item\":\"https:\/\/juliettesejourne.com\/\"},{\"@type\":\"ListItem\",\"position\":2,\"name\":\"Dans la peau d&rsquo;une \u0153uvre &#8211; Tsukumoth\u00e9mis\"}]},{\"@type\":\"WebSite\",\"@id\":\"https:\/\/juliettesejourne.com\/#website\",\"url\":\"https:\/\/juliettesejourne.com\/\",\"name\":\"Juliette S\u00e9journ\u00e9\",\"description\":\"Juliette Sejourn\u00e9\",\"potentialAction\":[{\"@type\":\"SearchAction\",\"target\":{\"@type\":\"EntryPoint\",\"urlTemplate\":\"https:\/\/juliettesejourne.com\/?s={search_term_string}\"},\"query-input\":{\"@type\":\"PropertyValueSpecification\",\"valueRequired\":true,\"valueName\":\"search_term_string\"}}],\"inLanguage\":\"en-GB\"}]}<\/script>\n<!-- \/ Yoast SEO plugin. -->","yoast_head_json":{"title":"Dans la peau d'une \u0153uvre - Tsukumoth\u00e9mis - Juliette Sejourn\u00e9","robots":{"index":"index","follow":"follow","max-snippet":"max-snippet:-1","max-image-preview":"max-image-preview:large","max-video-preview":"max-video-preview:-1"},"canonical":"https:\/\/juliettesejourne.com\/en\/dans-la-peau-dune-oeuvre-tsukumothemis\/","og_locale":"en_GB","og_type":"article","og_title":"Dans la peau d'une \u0153uvre - Tsukumoth\u00e9mis - Juliette Sejourn\u00e9","og_description":"R\u00e9sidence \u00e0 la Villa Guimet, centre de recherche sur les arts asiatiques Bourse \u00ab Petit projet \u00bb &#8211; PEPR ICCARE &#8211; [TH\u00c9MIS] Toucher les publics. Institutions partenaires : ENS Paris-Saclay, Mus\u00e9e national des arts asiatiques Guimet Collaborations : Fr\u00e9d\u00e9ric Bevilacqua (chercheur Ircam), Rapha\u00ebl Dallaporta, Pierre Nouvel, Emmanuel Fl\u00e9ty D\u00e9velopper un dispositif interactif de m\u00e9diation faisant [&hellip;]","og_url":"https:\/\/juliettesejourne.com\/en\/dans-la-peau-dune-oeuvre-tsukumothemis\/","og_site_name":"Juliette Sejourn\u00e9","article_modified_time":"2026-02-03T18:17:42+00:00","og_image":[{"width":800,"height":640,"url":"https:\/\/juliettesejourne.com\/wp-content\/uploads\/2026\/02\/Tsukumothemis_800.jpeg","type":"image\/jpeg"}],"twitter_card":"summary_large_image","twitter_misc":{"Estimated reading time":"3 minutes"},"schema":{"@context":"https:\/\/schema.org","@graph":[{"@type":"WebPage","@id":"https:\/\/juliettesejourne.com\/dans-la-peau-dune-oeuvre-tsukumothemis\/","url":"https:\/\/juliettesejourne.com\/dans-la-peau-dune-oeuvre-tsukumothemis\/","name":"Dans la peau d'une \u0153uvre - Tsukumoth\u00e9mis - Juliette Sejourn\u00e9","isPartOf":{"@id":"https:\/\/juliettesejourne.com\/#website"},"primaryImageOfPage":{"@id":"https:\/\/juliettesejourne.com\/dans-la-peau-dune-oeuvre-tsukumothemis\/#primaryimage"},"image":{"@id":"https:\/\/juliettesejourne.com\/dans-la-peau-dune-oeuvre-tsukumothemis\/#primaryimage"},"thumbnailUrl":"https:\/\/juliettesejourne.com\/wp-content\/uploads\/2026\/02\/Tsukumothemis_800.jpeg","datePublished":"2026-02-03T17:49:40+00:00","dateModified":"2026-02-03T18:17:42+00:00","breadcrumb":{"@id":"https:\/\/juliettesejourne.com\/dans-la-peau-dune-oeuvre-tsukumothemis\/#breadcrumb"},"inLanguage":"en-GB","potentialAction":[{"@type":"ReadAction","target":["https:\/\/juliettesejourne.com\/dans-la-peau-dune-oeuvre-tsukumothemis\/"]}]},{"@type":"ImageObject","inLanguage":"en-GB","@id":"https:\/\/juliettesejourne.com\/dans-la-peau-dune-oeuvre-tsukumothemis\/#primaryimage","url":"https:\/\/juliettesejourne.com\/wp-content\/uploads\/2026\/02\/Tsukumothemis_800.jpeg","contentUrl":"https:\/\/juliettesejourne.com\/wp-content\/uploads\/2026\/02\/Tsukumothemis_800.jpeg","width":800,"height":640,"caption":"Screenshot"},{"@type":"BreadcrumbList","@id":"https:\/\/juliettesejourne.com\/dans-la-peau-dune-oeuvre-tsukumothemis\/#breadcrumb","itemListElement":[{"@type":"ListItem","position":1,"name":"Accueil","item":"https:\/\/juliettesejourne.com\/"},{"@type":"ListItem","position":2,"name":"Dans la peau d&rsquo;une \u0153uvre &#8211; Tsukumoth\u00e9mis"}]},{"@type":"WebSite","@id":"https:\/\/juliettesejourne.com\/#website","url":"https:\/\/juliettesejourne.com\/","name":"Juliette S\u00e9journ\u00e9","description":"Juliette Sejourn\u00e9","potentialAction":[{"@type":"SearchAction","target":{"@type":"EntryPoint","urlTemplate":"https:\/\/juliettesejourne.com\/?s={search_term_string}"},"query-input":{"@type":"PropertyValueSpecification","valueRequired":true,"valueName":"search_term_string"}}],"inLanguage":"en-GB"}]}},"_links":{"self":[{"href":"https:\/\/juliettesejourne.com\/en\/wp-json\/wp\/v2\/pages\/1003","targetHints":{"allow":["GET"]}}],"collection":[{"href":"https:\/\/juliettesejourne.com\/en\/wp-json\/wp\/v2\/pages"}],"about":[{"href":"https:\/\/juliettesejourne.com\/en\/wp-json\/wp\/v2\/types\/page"}],"author":[{"embeddable":true,"href":"https:\/\/juliettesejourne.com\/en\/wp-json\/wp\/v2\/users\/1"}],"replies":[{"embeddable":true,"href":"https:\/\/juliettesejourne.com\/en\/wp-json\/wp\/v2\/comments?post=1003"}],"version-history":[{"count":6,"href":"https:\/\/juliettesejourne.com\/en\/wp-json\/wp\/v2\/pages\/1003\/revisions"}],"predecessor-version":[{"id":1018,"href":"https:\/\/juliettesejourne.com\/en\/wp-json\/wp\/v2\/pages\/1003\/revisions\/1018"}],"wp:featuredmedia":[{"embeddable":true,"href":"https:\/\/juliettesejourne.com\/en\/wp-json\/wp\/v2\/media\/1015"}],"wp:attachment":[{"href":"https:\/\/juliettesejourne.com\/en\/wp-json\/wp\/v2\/media?parent=1003"}],"curies":[{"name":"wp","href":"https:\/\/api.w.org\/{rel}","templated":true}]}}