{"id":1007,"date":"2026-02-03T18:24:50","date_gmt":"2026-02-03T17:24:50","guid":{"rendered":"https:\/\/juliettesejourne.com\/?page_id=1007"},"modified":"2026-02-03T18:28:14","modified_gmt":"2026-02-03T17:28:14","slug":"vieille-petite-fille","status":"publish","type":"page","link":"https:\/\/juliettesejourne.com\/en\/vieille-petite-fille\/","title":{"rendered":"Vieille Petite Fille"},"content":{"rendered":"<p><em>Spectacle<\/em><\/p>\n\n\n\n<div style=\"height:10px\" aria-hidden=\"true\" class=\"wp-block-spacer\"><\/div>\n\n\n\n<blockquote class=\"wp-block-quote is-layout-flow wp-block-quote-is-layout-flow\">\n<p>Written by Juliette Riedler<\/p>\n\n\n\n<p>Direction: Floriane Comm\u00e9l\u00e9ran<\/p>\n\n\n\n<p>Interpretation: Juliette S\u00e9journ\u00e9, India De Almeida, Anthony Audoux<\/p>\n\n\n\n<p>Th\u00e9\u00e2tre de la Reine Blanche (2024),&nbsp;<a href=\"https:\/\/www.festivaldelolmu.fr\/vieillepetitefille\">Festival Olmu<\/a>&nbsp;(2024), Th\u00e9\u00e2tre des 3T (2025)<\/p>\n\n\n\n<p>Photo credit<\/p>\n<\/blockquote>\n\n\n\n<div style=\"height:10px\" aria-hidden=\"true\" class=\"wp-block-spacer\"><\/div>\n\n\n\n<p>Somewhere between a free rewriting of Little Red Riding Hood and autofiction,&nbsp;<em>Vieille petite fille<\/em>&nbsp;est un r\u00e9cit d\u2019\u00e9mancipation qui s\u2019appuie sur le c\u00e9l\u00e8bre conte pour mettre au grand jour les m\u00e9canismes d\u2019ali\u00e9nation entretenus par les femmes. La pi\u00e8ce interroge la formation et l\u2019inscription du d\u00e9sir d\u2019une jeune femme qui tente de s\u2019affranchir de son destin f\u00e9minin et familial pour d\u00e9couvrir sa libert\u00e9 propre.<\/p>\n\n\n\n<figure class=\"wp-block-embed is-type-video is-provider-vimeo wp-block-embed-vimeo\"><div class=\"wp-block-embed__wrapper\">\n<iframe loading=\"lazy\" title=\"Vieille Petite Fille Teaser\" src=\"https:\/\/player.vimeo.com\/video\/1011254047?dnt=1&amp;app_id=122963\" width=\"500\" height=\"264\" frameborder=\"0\" allow=\"autoplay; fullscreen; picture-in-picture; clipboard-write; encrypted-media; web-share\" referrerpolicy=\"strict-origin-when-cross-origin\"><\/iframe>\n<\/div><\/figure>\n\n\n\n<figure class=\"wp-block-image\"><img decoding=\"async\" src=\"https:\/\/juliettesejourne.com\/wp-content\/uploads\/2024\/10\/Vieille-petite-fille_800.jpeg\" alt=\"\"\/><\/figure>","protected":false},"excerpt":{"rendered":"<p>Spectacle Texte :&nbsp; Juliette Riedler Mise en sc\u00e8ne : Floriane Comm\u00e9l\u00e9ran Interpr\u00e9tation : Juliette S\u00e9journ\u00e9, India De Almeida, Anthony Audoux Th\u00e9\u00e2tre de la Reine Blanche (2024),&nbsp;Festival Olmu&nbsp;(2024), Th\u00e9\u00e2tre des 3T (2025) Cr\u00e9dit photo Francisc Martinas Entre r\u00e9\u00e9criture libre du conte du Petit chaperon rouge et autofiction,&nbsp;Vieille petite fille&nbsp;est un r\u00e9cit d\u2019\u00e9mancipation qui s\u2019appuie sur le [&hellip;]<\/p>","protected":false},"author":1,"featured_media":0,"parent":0,"menu_order":0,"comment_status":"closed","ping_status":"closed","template":"","meta":{"_monsterinsights_skip_tracking":false,"_monsterinsights_sitenote_active":false,"_monsterinsights_sitenote_note":"","_monsterinsights_sitenote_category":0,"footnotes":""},"class_list":["post-1007","page","type-page","status-publish","hentry"],"yoast_head":"<!-- This site is optimized with the Yoast SEO plugin v24.8.1 - https:\/\/yoast.com\/wordpress\/plugins\/seo\/ -->\n<title>Vieille Petite Fille - Juliette Sejourn\u00e9<\/title>\n<meta name=\"robots\" content=\"index, follow, max-snippet:-1, max-image-preview:large, max-video-preview:-1\" \/>\n<link rel=\"canonical\" href=\"https:\/\/juliettesejourne.com\/en\/vieille-petite-fille\/\" \/>\n<meta property=\"og:locale\" content=\"en_GB\" \/>\n<meta property=\"og:type\" content=\"article\" \/>\n<meta property=\"og:title\" content=\"Vieille Petite Fille - Juliette Sejourn\u00e9\" \/>\n<meta property=\"og:description\" content=\"Spectacle Texte :&nbsp; Juliette Riedler Mise en sc\u00e8ne : Floriane Comm\u00e9l\u00e9ran Interpr\u00e9tation : Juliette S\u00e9journ\u00e9, India De Almeida, Anthony Audoux Th\u00e9\u00e2tre de la Reine Blanche (2024),&nbsp;Festival Olmu&nbsp;(2024), Th\u00e9\u00e2tre des 3T (2025) Cr\u00e9dit photo Francisc Martinas Entre r\u00e9\u00e9criture libre du conte du Petit chaperon rouge et autofiction,&nbsp;Vieille petite fille&nbsp;est un r\u00e9cit d\u2019\u00e9mancipation qui s\u2019appuie sur le [&hellip;]\" \/>\n<meta property=\"og:url\" content=\"https:\/\/juliettesejourne.com\/en\/vieille-petite-fille\/\" \/>\n<meta property=\"og:site_name\" content=\"Juliette Sejourn\u00e9\" \/>\n<meta property=\"article:modified_time\" content=\"2026-02-03T17:28:14+00:00\" \/>\n<meta property=\"og:image\" content=\"https:\/\/juliettesejourne.com\/wp-content\/uploads\/2024\/10\/Vieille-petite-fille_800.jpeg\" \/>\n<meta name=\"twitter:card\" content=\"summary_large_image\" \/>\n<meta name=\"twitter:label1\" content=\"Estimated reading time\" \/>\n\t<meta name=\"twitter:data1\" content=\"1 minute\" \/>\n<script type=\"application\/ld+json\" class=\"yoast-schema-graph\">{\"@context\":\"https:\/\/schema.org\",\"@graph\":[{\"@type\":\"WebPage\",\"@id\":\"https:\/\/juliettesejourne.com\/vieille-petite-fille\/\",\"url\":\"https:\/\/juliettesejourne.com\/vieille-petite-fille\/\",\"name\":\"Vieille Petite Fille - Juliette Sejourn\u00e9\",\"isPartOf\":{\"@id\":\"https:\/\/juliettesejourne.com\/#website\"},\"primaryImageOfPage\":{\"@id\":\"https:\/\/juliettesejourne.com\/vieille-petite-fille\/#primaryimage\"},\"image\":{\"@id\":\"https:\/\/juliettesejourne.com\/vieille-petite-fille\/#primaryimage\"},\"thumbnailUrl\":\"https:\/\/juliettesejourne.com\/wp-content\/uploads\/2024\/10\/Vieille-petite-fille_800.jpeg\",\"datePublished\":\"2026-02-03T17:24:50+00:00\",\"dateModified\":\"2026-02-03T17:28:14+00:00\",\"breadcrumb\":{\"@id\":\"https:\/\/juliettesejourne.com\/vieille-petite-fille\/#breadcrumb\"},\"inLanguage\":\"en-GB\",\"potentialAction\":[{\"@type\":\"ReadAction\",\"target\":[\"https:\/\/juliettesejourne.com\/vieille-petite-fille\/\"]}]},{\"@type\":\"ImageObject\",\"inLanguage\":\"en-GB\",\"@id\":\"https:\/\/juliettesejourne.com\/vieille-petite-fille\/#primaryimage\",\"url\":\"https:\/\/juliettesejourne.com\/wp-content\/uploads\/2024\/10\/Vieille-petite-fille_800.jpeg\",\"contentUrl\":\"https:\/\/juliettesejourne.com\/wp-content\/uploads\/2024\/10\/Vieille-petite-fille_800.jpeg\"},{\"@type\":\"BreadcrumbList\",\"@id\":\"https:\/\/juliettesejourne.com\/vieille-petite-fille\/#breadcrumb\",\"itemListElement\":[{\"@type\":\"ListItem\",\"position\":1,\"name\":\"Accueil\",\"item\":\"https:\/\/juliettesejourne.com\/\"},{\"@type\":\"ListItem\",\"position\":2,\"name\":\"Vieille Petite Fille\"}]},{\"@type\":\"WebSite\",\"@id\":\"https:\/\/juliettesejourne.com\/#website\",\"url\":\"https:\/\/juliettesejourne.com\/\",\"name\":\"Juliette S\u00e9journ\u00e9\",\"description\":\"Juliette Sejourn\u00e9\",\"potentialAction\":[{\"@type\":\"SearchAction\",\"target\":{\"@type\":\"EntryPoint\",\"urlTemplate\":\"https:\/\/juliettesejourne.com\/?s={search_term_string}\"},\"query-input\":{\"@type\":\"PropertyValueSpecification\",\"valueRequired\":true,\"valueName\":\"search_term_string\"}}],\"inLanguage\":\"en-GB\"}]}<\/script>\n<!-- \/ Yoast SEO plugin. -->","yoast_head_json":{"title":"Vieille Petite Fille - Juliette Sejourn\u00e9","robots":{"index":"index","follow":"follow","max-snippet":"max-snippet:-1","max-image-preview":"max-image-preview:large","max-video-preview":"max-video-preview:-1"},"canonical":"https:\/\/juliettesejourne.com\/en\/vieille-petite-fille\/","og_locale":"en_GB","og_type":"article","og_title":"Vieille Petite Fille - Juliette Sejourn\u00e9","og_description":"Spectacle Texte :&nbsp; Juliette Riedler Mise en sc\u00e8ne : Floriane Comm\u00e9l\u00e9ran Interpr\u00e9tation : Juliette S\u00e9journ\u00e9, India De Almeida, Anthony Audoux Th\u00e9\u00e2tre de la Reine Blanche (2024),&nbsp;Festival Olmu&nbsp;(2024), Th\u00e9\u00e2tre des 3T (2025) Cr\u00e9dit photo Francisc Martinas Entre r\u00e9\u00e9criture libre du conte du Petit chaperon rouge et autofiction,&nbsp;Vieille petite fille&nbsp;est un r\u00e9cit d\u2019\u00e9mancipation qui s\u2019appuie sur le [&hellip;]","og_url":"https:\/\/juliettesejourne.com\/en\/vieille-petite-fille\/","og_site_name":"Juliette Sejourn\u00e9","article_modified_time":"2026-02-03T17:28:14+00:00","og_image":[{"url":"https:\/\/juliettesejourne.com\/wp-content\/uploads\/2024\/10\/Vieille-petite-fille_800.jpeg","type":"","width":"","height":""}],"twitter_card":"summary_large_image","twitter_misc":{"Estimated reading time":"1 minute"},"schema":{"@context":"https:\/\/schema.org","@graph":[{"@type":"WebPage","@id":"https:\/\/juliettesejourne.com\/vieille-petite-fille\/","url":"https:\/\/juliettesejourne.com\/vieille-petite-fille\/","name":"Vieille Petite Fille - Juliette Sejourn\u00e9","isPartOf":{"@id":"https:\/\/juliettesejourne.com\/#website"},"primaryImageOfPage":{"@id":"https:\/\/juliettesejourne.com\/vieille-petite-fille\/#primaryimage"},"image":{"@id":"https:\/\/juliettesejourne.com\/vieille-petite-fille\/#primaryimage"},"thumbnailUrl":"https:\/\/juliettesejourne.com\/wp-content\/uploads\/2024\/10\/Vieille-petite-fille_800.jpeg","datePublished":"2026-02-03T17:24:50+00:00","dateModified":"2026-02-03T17:28:14+00:00","breadcrumb":{"@id":"https:\/\/juliettesejourne.com\/vieille-petite-fille\/#breadcrumb"},"inLanguage":"en-GB","potentialAction":[{"@type":"ReadAction","target":["https:\/\/juliettesejourne.com\/vieille-petite-fille\/"]}]},{"@type":"ImageObject","inLanguage":"en-GB","@id":"https:\/\/juliettesejourne.com\/vieille-petite-fille\/#primaryimage","url":"https:\/\/juliettesejourne.com\/wp-content\/uploads\/2024\/10\/Vieille-petite-fille_800.jpeg","contentUrl":"https:\/\/juliettesejourne.com\/wp-content\/uploads\/2024\/10\/Vieille-petite-fille_800.jpeg"},{"@type":"BreadcrumbList","@id":"https:\/\/juliettesejourne.com\/vieille-petite-fille\/#breadcrumb","itemListElement":[{"@type":"ListItem","position":1,"name":"Accueil","item":"https:\/\/juliettesejourne.com\/"},{"@type":"ListItem","position":2,"name":"Vieille Petite Fille"}]},{"@type":"WebSite","@id":"https:\/\/juliettesejourne.com\/#website","url":"https:\/\/juliettesejourne.com\/","name":"Juliette S\u00e9journ\u00e9","description":"Juliette Sejourn\u00e9","potentialAction":[{"@type":"SearchAction","target":{"@type":"EntryPoint","urlTemplate":"https:\/\/juliettesejourne.com\/?s={search_term_string}"},"query-input":{"@type":"PropertyValueSpecification","valueRequired":true,"valueName":"search_term_string"}}],"inLanguage":"en-GB"}]}},"_links":{"self":[{"href":"https:\/\/juliettesejourne.com\/en\/wp-json\/wp\/v2\/pages\/1007","targetHints":{"allow":["GET"]}}],"collection":[{"href":"https:\/\/juliettesejourne.com\/en\/wp-json\/wp\/v2\/pages"}],"about":[{"href":"https:\/\/juliettesejourne.com\/en\/wp-json\/wp\/v2\/types\/page"}],"author":[{"embeddable":true,"href":"https:\/\/juliettesejourne.com\/en\/wp-json\/wp\/v2\/users\/1"}],"replies":[{"embeddable":true,"href":"https:\/\/juliettesejourne.com\/en\/wp-json\/wp\/v2\/comments?post=1007"}],"version-history":[{"count":2,"href":"https:\/\/juliettesejourne.com\/en\/wp-json\/wp\/v2\/pages\/1007\/revisions"}],"predecessor-version":[{"id":1010,"href":"https:\/\/juliettesejourne.com\/en\/wp-json\/wp\/v2\/pages\/1007\/revisions\/1010"}],"wp:attachment":[{"href":"https:\/\/juliettesejourne.com\/en\/wp-json\/wp\/v2\/media?parent=1007"}],"curies":[{"name":"wp","href":"https:\/\/api.w.org\/{rel}","templated":true}]}}