{"id":282,"date":"2023-08-17T18:16:48","date_gmt":"2023-08-17T16:16:48","guid":{"rendered":"https:\/\/juliettesejourne.com\/?page_id=282"},"modified":"2025-08-26T23:29:39","modified_gmt":"2025-08-26T21:29:39","slug":"bio","status":"publish","type":"page","link":"https:\/\/juliettesejourne.com\/en\/bio\/","title":{"rendered":"bio"},"content":{"rendered":"<div class=\"wp-block-columns is-layout-flex wp-container-core-columns-is-layout-28f84493 wp-block-columns-is-layout-flex\">\n<div class=\"wp-block-column is-layout-flow wp-block-column-is-layout-flow\" style=\"flex-basis:700px\">\n<div class=\"wp-block-columns is-layout-flex wp-container-core-columns-is-layout-28f84493 wp-block-columns-is-layout-flex\">\n<div class=\"wp-block-column is-layout-flow wp-block-column-is-layout-flow\" style=\"flex-basis:100%\">\n<div style=\"height:10px\" aria-hidden=\"true\" class=\"wp-block-spacer\"><\/div>\n\n\n\n<p>She is working as an artist and performer on the edge of various disciplines, essentially theater, music and art installation. She works in a variety of contexts, from opera houses on international tour (Shanghai, Tianjin and Harbin opera houses) and concert halls (Th\u00e9\u00e2tre des Bouffes du Nord, Th\u00e9\u00e2tre de la Colline, Institut du Monde Arabe...) to interventions in basilicas, cinemas, greenhouses, gardens, social welfare centers, hospitals (Consultations Po\u00e9tiques du Th\u00e9\u00e2tre de la Ville) and even scientific symposia.&nbsp;<\/p>\n\n\n\n<div style=\"height:10px\" aria-hidden=\"true\" class=\"wp-block-spacer\"><\/div>\n\n\n\n<h2 class=\"wp-block-heading\">Education<\/h2>\n\n\n\n<p style=\"text-transform:none\">Graduate from the National Conservatory of Dramatic Art in Paris, Juliette also conducted researches in History of music at The \u00c9cole Normale Sup\u00e9rieure de Cachan.\nShe has trained in lyrical singing and contemporary dance and ballet, lately with Hofesh Shechter then with the Batsheva Dance company &amp; Ohad Naharin.<\/p>\n\n\n\n<p style=\"text-transform:none\">To strengthen her professional practices, she has continuously train on both new concepts and technologies (notably at Ircam). Her year of research and creation at ENS Paris-Saclay represented a unique opportunity to link her creative work with existential issues she is confronted to, as every inhabitant of the \"critical zone\" of the globe.<\/p>\n\n\n\n<div style=\"height:10px\" aria-hidden=\"true\" class=\"wp-block-spacer\"><\/div>\n\n\n\n<h2 class=\"wp-block-heading\">Direction and installations<\/h2>\n\n\n\n<p style=\"text-transform:none\">Since her beginnings in creation, she has examined the question of the \"little inner voice\" and its expression. This notion runs through the dramaturgies of her first multidisciplinary creations :&nbsp; <em>Didon(s), Amer(s) <\/em>(2018), <em>R\u00e9cital Darwich<\/em> (2019).<\/p>\n\n\n\n<p style=\"text-transform:none\">For some time now, this question has joined a reflection on \"attention\": how are we attentive or distracted? And how do we get closer to ourselves, body and soul, through a work or a meta-work?<\/p>\n\n\n\n<p style=\"text-transform:none\">As associate artist of the \"ETCR, Festival de films dans\u00e9s\", she creates several installations and performances\/workshops for film viewers (2021). She then created the interactive installation <em>Tuskumo-caf\u00e9<\/em>, which she presented at the Dr\u00f4les d'objets conference in May 2023 in collaboration with Anthonin Gourichon and Fr\u00e9d\u00e9ric Bevilacqua. In spring 2023, she joins the Nuclear Knowledges research center (CERI - Sciences Po) for a research-creation term as part of her training at ENS Paris-Saclay. She is currently developing a sound creation on nuclear weapons.<\/p>\n\n\n\n<div style=\"height:10px\" aria-hidden=\"true\" class=\"wp-block-spacer\"><\/div>\n\n\n\n<h2 class=\"wp-block-heading\">Performer<\/h2>\n\n\n\n<p style=\"text-transform:none\">She recently performed with Tarek Haoudy &amp; Simon Bonanni for <em>\"Copi\u00e9tons\"<\/em>a short film selected at the 2020 Valence International Festival, and with Marielle Chabal for <em>\"Al Qamar\"<\/em> , at the Palais de Tokyo. She also works as an actress in close collaboration with the writer\/director Juliette Riedler for the performance<em>Ainsi Connu Proche et Aim\u00e9<\/em> (Festival Bruit in 2022, Festival Existences in 2023).<\/p>\n\n\n\n<p style=\"text-transform:none\">She assisted Benjamin Lazar in the staging of \" <em>Traviata, You Deserve a Better Future\",<\/em> for its creation in autumn 2016 at the Bouffes du Nord, then on an international tour from 2016 to 1019, a show for which she became a performer in the role of Flora.<\/p>\n\n\n\n<p style=\"text-transform:none\">She performed in concert at the Institut du Monde Arabe (2017, 2018) and at the Th\u00e9\u00e2tre National de La Colline (2018). In spring 2021, she joined the Th\u00e9\u00e2tre de la Ville for \"The Scientific &amp; Poetic Consultations\".<\/p>\n\n\n\n<div style=\"height:10px\" aria-hidden=\"true\" class=\"wp-block-spacer\"><\/div>\n\n\n\n<h2 class=\"wp-block-heading\"><a href=\"https:\/\/juliettesejourne.com\/wp-content\/uploads\/2025\/08\/CV_JS_all_0825_fr.pdf\" target=\"_blank\" rel=\"noreferrer noopener\">CV Juliette Sejourn\u00e9 (pdf)<\/a><\/h2>\n<\/div>\n<\/div>\n<\/div>\n<\/div>\n\n\n\n<div style=\"height:10px\" aria-hidden=\"true\" class=\"wp-block-spacer\"><\/div>\n\n\n\n<div style=\"height:10px\" aria-hidden=\"true\" class=\"wp-block-spacer\"><\/div>","protected":false},"excerpt":{"rendered":"<p>Performeuse interpr\u00e8te et cr\u00e9atrice, elle travaille \u00e0 la lisi\u00e8re de plusieurs disciplines, essentiellement : le th\u00e9\u00e2tre, la musique et l\u2019installation. Elle intervient dans diff\u00e9rents contextes, allant de maisons d\u2019op\u00e9ra lors de tourn\u00e9es internationales (Shanghai, Tianjin and Harbin opera houses) et de salles de concerts et spectacles (Th\u00e9\u00e2tre des Bouffes du Nord, Th\u00e9\u00e2tre de la Colline, [&hellip;]<\/p>","protected":false},"author":1,"featured_media":508,"parent":0,"menu_order":0,"comment_status":"closed","ping_status":"closed","template":"wp-custom-template-modele-projet","meta":{"_monsterinsights_skip_tracking":false,"_monsterinsights_sitenote_active":false,"_monsterinsights_sitenote_note":"","_monsterinsights_sitenote_category":0,"footnotes":""},"class_list":["post-282","page","type-page","status-publish","has-post-thumbnail","hentry"],"yoast_head":"<!-- This site is optimized with the Yoast SEO plugin v24.8.1 - https:\/\/yoast.com\/wordpress\/plugins\/seo\/ -->\n<title>bio - Juliette Sejourn\u00e9<\/title>\n<meta name=\"robots\" content=\"index, follow, max-snippet:-1, max-image-preview:large, max-video-preview:-1\" \/>\n<link rel=\"canonical\" href=\"https:\/\/juliettesejourne.com\/en\/bio\/\" \/>\n<meta property=\"og:locale\" content=\"en_GB\" \/>\n<meta property=\"og:type\" content=\"article\" \/>\n<meta property=\"og:title\" content=\"bio - Juliette Sejourn\u00e9\" \/>\n<meta property=\"og:description\" content=\"Performeuse interpr\u00e8te et cr\u00e9atrice, elle travaille \u00e0 la lisi\u00e8re de plusieurs disciplines, essentiellement : le th\u00e9\u00e2tre, la musique et l\u2019installation. Elle intervient dans diff\u00e9rents contextes, allant de maisons d\u2019op\u00e9ra lors de tourn\u00e9es internationales (Shanghai, Tianjin and Harbin opera houses) et de salles de concerts et spectacles (Th\u00e9\u00e2tre des Bouffes du Nord, Th\u00e9\u00e2tre de la Colline, [&hellip;]\" \/>\n<meta property=\"og:url\" content=\"https:\/\/juliettesejourne.com\/en\/bio\/\" \/>\n<meta property=\"og:site_name\" content=\"Juliette Sejourn\u00e9\" \/>\n<meta property=\"article:modified_time\" content=\"2025-08-26T21:29:39+00:00\" \/>\n<meta property=\"og:image\" content=\"https:\/\/juliettesejourne.com\/wp-content\/uploads\/2023\/08\/portrait2_800.jpeg\" \/>\n\t<meta property=\"og:image:width\" content=\"800\" \/>\n\t<meta property=\"og:image:height\" content=\"1200\" \/>\n\t<meta property=\"og:image:type\" content=\"image\/jpeg\" \/>\n<meta name=\"twitter:card\" content=\"summary_large_image\" \/>\n<meta name=\"twitter:label1\" content=\"Estimated reading time\" \/>\n\t<meta name=\"twitter:data1\" content=\"3 minutes\" \/>\n<script type=\"application\/ld+json\" class=\"yoast-schema-graph\">{\"@context\":\"https:\/\/schema.org\",\"@graph\":[{\"@type\":\"WebPage\",\"@id\":\"https:\/\/juliettesejourne.com\/bio\/\",\"url\":\"https:\/\/juliettesejourne.com\/bio\/\",\"name\":\"bio - Juliette Sejourn\u00e9\",\"isPartOf\":{\"@id\":\"https:\/\/juliettesejourne.com\/#website\"},\"primaryImageOfPage\":{\"@id\":\"https:\/\/juliettesejourne.com\/bio\/#primaryimage\"},\"image\":{\"@id\":\"https:\/\/juliettesejourne.com\/bio\/#primaryimage\"},\"thumbnailUrl\":\"https:\/\/juliettesejourne.com\/wp-content\/uploads\/2023\/08\/portrait2_800.jpeg\",\"datePublished\":\"2023-08-17T16:16:48+00:00\",\"dateModified\":\"2025-08-26T21:29:39+00:00\",\"breadcrumb\":{\"@id\":\"https:\/\/juliettesejourne.com\/bio\/#breadcrumb\"},\"inLanguage\":\"en-GB\",\"potentialAction\":[{\"@type\":\"ReadAction\",\"target\":[\"https:\/\/juliettesejourne.com\/bio\/\"]}]},{\"@type\":\"ImageObject\",\"inLanguage\":\"en-GB\",\"@id\":\"https:\/\/juliettesejourne.com\/bio\/#primaryimage\",\"url\":\"https:\/\/juliettesejourne.com\/wp-content\/uploads\/2023\/08\/portrait2_800.jpeg\",\"contentUrl\":\"https:\/\/juliettesejourne.com\/wp-content\/uploads\/2023\/08\/portrait2_800.jpeg\",\"width\":800,\"height\":1200},{\"@type\":\"BreadcrumbList\",\"@id\":\"https:\/\/juliettesejourne.com\/bio\/#breadcrumb\",\"itemListElement\":[{\"@type\":\"ListItem\",\"position\":1,\"name\":\"Accueil\",\"item\":\"https:\/\/juliettesejourne.com\/\"},{\"@type\":\"ListItem\",\"position\":2,\"name\":\"bio\"}]},{\"@type\":\"WebSite\",\"@id\":\"https:\/\/juliettesejourne.com\/#website\",\"url\":\"https:\/\/juliettesejourne.com\/\",\"name\":\"Juliette S\u00e9journ\u00e9\",\"description\":\"Juliette Sejourn\u00e9\",\"potentialAction\":[{\"@type\":\"SearchAction\",\"target\":{\"@type\":\"EntryPoint\",\"urlTemplate\":\"https:\/\/juliettesejourne.com\/?s={search_term_string}\"},\"query-input\":{\"@type\":\"PropertyValueSpecification\",\"valueRequired\":true,\"valueName\":\"search_term_string\"}}],\"inLanguage\":\"en-GB\"}]}<\/script>\n<!-- \/ Yoast SEO plugin. -->","yoast_head_json":{"title":"bio - Juliette Sejourn\u00e9","robots":{"index":"index","follow":"follow","max-snippet":"max-snippet:-1","max-image-preview":"max-image-preview:large","max-video-preview":"max-video-preview:-1"},"canonical":"https:\/\/juliettesejourne.com\/en\/bio\/","og_locale":"en_GB","og_type":"article","og_title":"bio - Juliette Sejourn\u00e9","og_description":"Performeuse interpr\u00e8te et cr\u00e9atrice, elle travaille \u00e0 la lisi\u00e8re de plusieurs disciplines, essentiellement : le th\u00e9\u00e2tre, la musique et l\u2019installation. Elle intervient dans diff\u00e9rents contextes, allant de maisons d\u2019op\u00e9ra lors de tourn\u00e9es internationales (Shanghai, Tianjin and Harbin opera houses) et de salles de concerts et spectacles (Th\u00e9\u00e2tre des Bouffes du Nord, Th\u00e9\u00e2tre de la Colline, [&hellip;]","og_url":"https:\/\/juliettesejourne.com\/en\/bio\/","og_site_name":"Juliette Sejourn\u00e9","article_modified_time":"2025-08-26T21:29:39+00:00","og_image":[{"width":800,"height":1200,"url":"https:\/\/juliettesejourne.com\/wp-content\/uploads\/2023\/08\/portrait2_800.jpeg","type":"image\/jpeg"}],"twitter_card":"summary_large_image","twitter_misc":{"Estimated reading time":"3 minutes"},"schema":{"@context":"https:\/\/schema.org","@graph":[{"@type":"WebPage","@id":"https:\/\/juliettesejourne.com\/bio\/","url":"https:\/\/juliettesejourne.com\/bio\/","name":"bio - Juliette Sejourn\u00e9","isPartOf":{"@id":"https:\/\/juliettesejourne.com\/#website"},"primaryImageOfPage":{"@id":"https:\/\/juliettesejourne.com\/bio\/#primaryimage"},"image":{"@id":"https:\/\/juliettesejourne.com\/bio\/#primaryimage"},"thumbnailUrl":"https:\/\/juliettesejourne.com\/wp-content\/uploads\/2023\/08\/portrait2_800.jpeg","datePublished":"2023-08-17T16:16:48+00:00","dateModified":"2025-08-26T21:29:39+00:00","breadcrumb":{"@id":"https:\/\/juliettesejourne.com\/bio\/#breadcrumb"},"inLanguage":"en-GB","potentialAction":[{"@type":"ReadAction","target":["https:\/\/juliettesejourne.com\/bio\/"]}]},{"@type":"ImageObject","inLanguage":"en-GB","@id":"https:\/\/juliettesejourne.com\/bio\/#primaryimage","url":"https:\/\/juliettesejourne.com\/wp-content\/uploads\/2023\/08\/portrait2_800.jpeg","contentUrl":"https:\/\/juliettesejourne.com\/wp-content\/uploads\/2023\/08\/portrait2_800.jpeg","width":800,"height":1200},{"@type":"BreadcrumbList","@id":"https:\/\/juliettesejourne.com\/bio\/#breadcrumb","itemListElement":[{"@type":"ListItem","position":1,"name":"Accueil","item":"https:\/\/juliettesejourne.com\/"},{"@type":"ListItem","position":2,"name":"bio"}]},{"@type":"WebSite","@id":"https:\/\/juliettesejourne.com\/#website","url":"https:\/\/juliettesejourne.com\/","name":"Juliette S\u00e9journ\u00e9","description":"Juliette Sejourn\u00e9","potentialAction":[{"@type":"SearchAction","target":{"@type":"EntryPoint","urlTemplate":"https:\/\/juliettesejourne.com\/?s={search_term_string}"},"query-input":{"@type":"PropertyValueSpecification","valueRequired":true,"valueName":"search_term_string"}}],"inLanguage":"en-GB"}]}},"_links":{"self":[{"href":"https:\/\/juliettesejourne.com\/en\/wp-json\/wp\/v2\/pages\/282","targetHints":{"allow":["GET"]}}],"collection":[{"href":"https:\/\/juliettesejourne.com\/en\/wp-json\/wp\/v2\/pages"}],"about":[{"href":"https:\/\/juliettesejourne.com\/en\/wp-json\/wp\/v2\/types\/page"}],"author":[{"embeddable":true,"href":"https:\/\/juliettesejourne.com\/en\/wp-json\/wp\/v2\/users\/1"}],"replies":[{"embeddable":true,"href":"https:\/\/juliettesejourne.com\/en\/wp-json\/wp\/v2\/comments?post=282"}],"version-history":[{"count":29,"href":"https:\/\/juliettesejourne.com\/en\/wp-json\/wp\/v2\/pages\/282\/revisions"}],"predecessor-version":[{"id":963,"href":"https:\/\/juliettesejourne.com\/en\/wp-json\/wp\/v2\/pages\/282\/revisions\/963"}],"wp:featuredmedia":[{"embeddable":true,"href":"https:\/\/juliettesejourne.com\/en\/wp-json\/wp\/v2\/media\/508"}],"wp:attachment":[{"href":"https:\/\/juliettesejourne.com\/en\/wp-json\/wp\/v2\/media?parent=282"}],"curies":[{"name":"wp","href":"https:\/\/api.w.org\/{rel}","templated":true}]}}