{"id":333,"date":"2023-08-18T15:45:24","date_gmt":"2023-08-18T13:45:24","guid":{"rendered":"https:\/\/juliettesejourne.com\/?page_id=333"},"modified":"2024-08-23T21:34:45","modified_gmt":"2024-08-23T19:34:45","slug":"tsukumo-cafe","status":"publish","type":"page","link":"https:\/\/juliettesejourne.com\/en\/tsukumo-cafe\/","title":{"rendered":"Tsukumo-caf\u00e9"},"content":{"rendered":"<p style=\"text-transform:none\"><em>Interact with your coffee cup inner monologue<\/em><\/p>\n\n\n\n<p style=\"text-transform:none\">Interactive installation<\/p>\n\n\n\n<blockquote class=\"wp-block-quote is-layout-flow wp-block-quote-is-layout-flow\">\n<p>Presented at: <\/p>\n\n\n\n<p><a href=\"https:\/\/recto-vrso.com\/tsukumo-cafe\/\">Festival Recto VRso de Laval Virtual (2024)<\/a>, <\/p>\n\n\n\n<p><a href=\"https:\/\/drolesdobjets23.sciencesconf.org\/\">Colloque <em>Dr\u00f4les d\u2019Objets Symposia<\/em> (2023)<\/a><\/p>\n\n\n\n<p>ENS Paris-Saclay (2023)<\/p>\n\n\n\n<div style=\"height:10px\" aria-hidden=\"true\" class=\"wp-block-spacer\"><\/div>\n\n\n\n<p>In collaboration with Fr\u00e9d\u00e9ric Bevilacqua, Anthonin Gourichon<\/p>\n\n\n\n<p>Acknowledgements: Jean Hostache and Gregor Daronian for the video improvisations, photo credit Anthonin Gourichon<\/p>\n<\/blockquote>\n\n\n\n<div style=\"height:10px\" aria-hidden=\"true\" class=\"wp-block-spacer\"><\/div>\n\n\n\n<h2 class=\"wp-block-heading\"><a href=\"https:\/\/vimeo.com\/showcase\/10155307\">VOIR l&rsquo;ensemble des Capsules vid\u00e9os<\/a><\/h2>\n\n\n\n<div style=\"height:10px\" aria-hidden=\"true\" class=\"wp-block-spacer\"><\/div>\n\n\n\n<h2 class=\"wp-block-heading\"><strong><em>A connected anti-object?<\/em><\/strong><\/h2>\n\n\n\n<p style=\"text-transform:none\">Tsukumo-caf\u00e9 is a coffee cup connected... to its interiority, to its soul, which appeared at the age of one hundred years, as in the Japanese tradition of tsukumogami-emaki. It has no precise function other than to serve you a cup of coffee... unless you listen to its inner monologue and perhaps connect it to your own.<\/p>\n\n\n\n<p style=\"text-transform:none\">While connected objects constantly draw us towards an external world - real or virtual - the paradox proposed in the Tsukumo-caf\u00e9 installation is to invest a poetic and symbiotic experience with an object with a mysterious and singular language.<\/p>\n\n\n\n<div style=\"height:10px\" aria-hidden=\"true\" class=\"wp-block-spacer\"><\/div>\n\n\n\n<h2 class=\"wp-block-heading\"><strong><em>A living object?<\/em><\/strong><\/h2>\n\n\n\n<p style=\"text-transform:none\">A symbolic stake lies in the consideration of the <em>nature <\/em>of the cup object<em>.<\/em> The dramaturgy is based on the idea that it is a being in its own right, to be heard and listened to, rather than an \"animated\" or \"enchanted\" interactive object. This quasi-animalistic perspective on vitalization allows us to question more directly the role (or lack of role) of objects in our daily lives, in our human and non-human relationships.<\/p>\n\n\n\n<p style=\"text-transform:none\">In this installation and device, I therefore question the principle of interaction with objects too exclusively tied to question-and-answer exchanges (as is classically the case with connected objects such as Alexa or other commercial avatars). Instead, I propose to explore the notion of inner dialogue as a driving force for interaction.<\/p>\n\n\n\n<div style=\"height:10px\" aria-hidden=\"true\" class=\"wp-block-spacer\"><\/div>\n\n\n\n<h2 class=\"wp-block-heading\"><strong><em>The \"cup-being\" of a cup of coffee?<\/em><\/strong><\/h2>\n\n\n\n<p style=\"text-transform:none\">This raises a series of questions: what language can it speak? what senses does it have? what relationship to the world does its cup body offer it, i.e. what is its \"Umwelt\" (according to Jakob Johann von Uexk\u00fcll's concept)? As pets develop neuroses, does the mug also become impregnated with certain neuroses as it becomes more and more familiar with neurotic mammals such as humans? To what extent does it imbibe the human languages that inhabit its coffee psyche?  Has she heard of Bruno Latour's Parliament of Things, and what does she think of it? And how can we perceive the manifestations of a coffee-cup endophasia at work?<\/p>\n\n\n\n<div style=\"height:10px\" aria-hidden=\"true\" class=\"wp-block-spacer\"><\/div>\n\n\n\n<h2 class=\"wp-block-heading\"><strong><em>Installation descriptions<\/em><\/strong><\/h2>\n\n\n\n<p style=\"text-transform:none\">Several devices have been developed:<\/p>\n\n\n\n<div style=\"height:10px\" aria-hidden=\"true\" class=\"wp-block-spacer\"><\/div>\n\n\n\n<h3 class=\"wp-block-heading\">Device 1<br><em>in collaboration with Fr\u00e9d\u00e9ric Bevilacqua<\/em><\/h3>\n\n\n\n<p style=\"text-transform:none\">The interaction consists of <em>drinking<\/em> a cup of coffee. As you drink, the cup's self-talk unfolds and evolves, based on voices and environmental sounds. I consider that it feels these gestures.<\/p>\n\n\n\n<p style=\"text-transform:none\">A wireless motion sensor (accelerometers\/gyroscopes) is embedded in the cup. A Max\/MSP patch generates the text interactively.<\/p>\n\n\n\n<p>Articles de presse (<a href=\"https:\/\/juliettesejourne.com\/wp-content\/uploads\/2024\/08\/RectoVRso-OuestFrance.pdf\">Ouest France<\/a>, <a href=\"https:\/\/blog.laval-virtual.com\/oeuvre-tsukumo-cafe-recto-vrso-2024\/\">Blog Laval Virtual<\/a>) about the installation during the Festival Recto VRso of Laval Virtual (2024).<\/p>\n\n\n\n<div style=\"height:10px\" aria-hidden=\"true\" class=\"wp-block-spacer\"><\/div>\n\n\n\n<div style=\"padding:56.25% 0 0 0;position:relative;\"><iframe src=\"https:\/\/player.vimeo.com\/video\/939049615?badge=0&amp;autopause=0&amp;player_id=0&amp;app_id=58479\" frameborder=\"0\" allow=\"autoplay; fullscreen; picture-in-picture; clipboard-write\" style=\"position:absolute;top:0;left:0;width:100%;height:100%;\" title=\"Installation sonore interaction immersive\"><\/iframe><\/div><script src=\"https:\/\/player.vimeo.com\/api\/player.js\"><\/script>\n\n\n\n<div style=\"height:10px\" aria-hidden=\"true\" class=\"wp-block-spacer\"><\/div>\n\n\n\n<h3 class=\"wp-block-heading\">Device 2<br><em>in collaboration with Anthonin Gourichon<\/em><\/h3>\n\n\n\n<p style=\"text-transform:none\">The spec-actor is invited to come into <em>contact<\/em> with the object.<\/p>\n\n\n\n<p style=\"text-transform:none\">I consider here that the cup feels the touch. To achieve this, capacitive sensors are used, which are inscribed in the cup. I created copper embroidery, inspired by the Kintsugi technique and the art of porcelain gilding. I then designed a sound space based on sounds recorded with the cup.<\/p>\n\n\n\n<div style=\"height:10px\" aria-hidden=\"true\" class=\"wp-block-spacer\"><\/div>\n\n\n\n<div style=\"padding:56.25% 0 0 0;position:relative;\"><iframe src=\"https:\/\/player.vimeo.com\/video\/793814068?badge=0&amp;autopause=0&amp;player_id=0&amp;app_id=58479\" frameborder=\"0\" allow=\"autoplay; fullscreen; picture-in-picture; clipboard-write\" style=\"position:absolute;top:0;left:0;width:100%;height:100%;\" title=\"R\u00e9miniscences sonores. La peau d\u2019une tasse.\"><\/iframe><\/div><script src=\"https:\/\/player.vimeo.com\/api\/player.js\"><\/script>\n\n\n\n<div style=\"height:10px\" aria-hidden=\"true\" class=\"wp-block-spacer\"><\/div>\n\n\n\n<p style=\"text-transform:none\">Other dispositifs, prototypes et videos:<\/p>\n\n\n\n<p>Caffeomancy allows us to read the future in coffee grounds. But can we listen to the past in these old cups? What memories have they retained? What words have marked them, which they continue to contain in their coffee psyches?<\/p>\n\n\n\n<div style=\"padding:56.25% 0 0 0;position:relative;\"><iframe src=\"https:\/\/player.vimeo.com\/video\/793814728?badge=0&amp;autopause=0&amp;player_id=0&amp;app_id=58479\" frameborder=\"0\" allow=\"autoplay; fullscreen; picture-in-picture; clipboard-write\" style=\"position:absolute;top:0;left:0;width:100%;height:100%;\" title=\"Entre deux tasses. Langages.\"><\/iframe><\/div><script src=\"https:\/\/player.vimeo.com\/api\/player.js\"><\/script>\n\n\n\n<div style=\"height:10px\" aria-hidden=\"true\" class=\"wp-block-spacer\"><\/div>\n\n\n\n<p>A piezo microphone amplifies the sounds created by the gestures and movements of the cup.<\/p>\n\n\n\n<div style=\"padding:56.25% 0 0 0;position:relative;\"><iframe src=\"https:\/\/player.vimeo.com\/video\/793843240?badge=0&amp;autopause=0&amp;player_id=0&amp;app_id=58479\" frameborder=\"0\" allow=\"autoplay; fullscreen; picture-in-picture; clipboard-write\" style=\"position:absolute;top:0;left:0;width:100%;height:100%;\" title=\"Hyperacousie. Le corps d\u2019une tasse.\"><\/iframe><\/div><script src=\"https:\/\/player.vimeo.com\/api\/player.js\"><\/script>\n\n\n\n<div style=\"height:10px\" aria-hidden=\"true\" class=\"wp-block-spacer\"><\/div>\n\n\n\n<p>Video improvisation on the endophasia of an antique mug, with actors Gregor Daronian and Jean Hostache.<\/p>\n\n\n\n<div style=\"padding:56.25% 0 0 0;position:relative;\"><iframe src=\"https:\/\/player.vimeo.com\/video\/772863940?badge=0&amp;autopause=0&amp;player_id=0&amp;app_id=58479\" frameborder=\"0\" allow=\"autoplay; fullscreen; picture-in-picture; clipboard-write\" style=\"position:absolute;top:0;left:0;width:100%;height:100%;\" title=\"Tsukumo-cafe\u0301, impro 2\"><\/iframe><\/div><script src=\"https:\/\/player.vimeo.com\/api\/player.js\"><\/script>\n\n\n\n<hr class=\"wp-block-separator has-alpha-channel-opacity\"\/>","protected":false},"excerpt":{"rendered":"<p>Exploration interactive d\u2019un objet connect\u00e9 \u00e0 sa propre int\u00e9riorit\u00e9\u2026 Installation interactive VOIR l&rsquo;ensemble des Capsules vid\u00e9os Un anti-objet connect\u00e9 ? Tsukumo-caf\u00e9 est une tasse de caf\u00e9 connect\u00e9e\u2026 \u00e0 son int\u00e9riorit\u00e9, \u00e0 son \u00e2me apparue \u00e0 l\u2019\u00e2ge de cent ans comme dans la tradition japonaise des tsukumogami-emaki. A priori elle n\u2019a pas d\u2019autre fonction pr\u00e9cise que [&hellip;]<\/p>","protected":false},"author":1,"featured_media":178,"parent":0,"menu_order":0,"comment_status":"closed","ping_status":"closed","template":"wp-custom-template-modele-projet","meta":{"_monsterinsights_skip_tracking":false,"_monsterinsights_sitenote_active":false,"_monsterinsights_sitenote_note":"","_monsterinsights_sitenote_category":0,"footnotes":""},"class_list":["post-333","page","type-page","status-publish","has-post-thumbnail","hentry"],"yoast_head":"<!-- This site is optimized with the Yoast SEO plugin v24.8.1 - https:\/\/yoast.com\/wordpress\/plugins\/seo\/ -->\n<title>Tsukumo-caf\u00e9 - Juliette Sejourn\u00e9<\/title>\n<meta name=\"description\" content=\"Tsukumo-caf\u00e9 est une tasse de caf\u00e9 connect\u00e9e\u2026 \u00e0 son int\u00e9riorit\u00e9, \u00e0 son \u00e2me apparue \u00e0 l\u2019\u00e2ge de cent ans comme dans la tradition japonaise des tsukumogami-emaki. A priori elle n\u2019a pas d\u2019autre fonction pr\u00e9cise que de vous servir \u00e0 boire un caf\u00e9\u2026 \u00e0 moins d\u2019\u00e9couter son monologue int\u00e9rieur et peut-\u00eatre le relier au v\u00f4tre.Alors que les objets connect\u00e9s nous happent constamment vers un monde ext\u00e9rieur - r\u00e9el ou virtuel - le paradoxe propos\u00e9 dans l\u2019installation Tsukumo-caf\u00e9 est d\u2019investir une exp\u00e9rience po\u00e9tique et symbiotique avec un objet au langage myst\u00e9rieux et singulier.\" \/>\n<meta name=\"robots\" content=\"index, follow, max-snippet:-1, max-image-preview:large, max-video-preview:-1\" \/>\n<link rel=\"canonical\" href=\"https:\/\/juliettesejourne.com\/en\/tsukumo-cafe\/\" \/>\n<meta property=\"og:locale\" content=\"en_GB\" \/>\n<meta property=\"og:type\" content=\"article\" \/>\n<meta property=\"og:title\" content=\"Tsukumo-caf\u00e9 - Juliette Sejourn\u00e9\" \/>\n<meta property=\"og:description\" content=\"Tsukumo-caf\u00e9 est une tasse de caf\u00e9 connect\u00e9e\u2026 \u00e0 son int\u00e9riorit\u00e9, \u00e0 son \u00e2me apparue \u00e0 l\u2019\u00e2ge de cent ans comme dans la tradition japonaise des tsukumogami-emaki. A priori elle n\u2019a pas d\u2019autre fonction pr\u00e9cise que de vous servir \u00e0 boire un caf\u00e9\u2026 \u00e0 moins d\u2019\u00e9couter son monologue int\u00e9rieur et peut-\u00eatre le relier au v\u00f4tre.Alors que les objets connect\u00e9s nous happent constamment vers un monde ext\u00e9rieur - r\u00e9el ou virtuel - le paradoxe propos\u00e9 dans l\u2019installation Tsukumo-caf\u00e9 est d\u2019investir une exp\u00e9rience po\u00e9tique et symbiotique avec un objet au langage myst\u00e9rieux et singulier.\" \/>\n<meta property=\"og:url\" content=\"https:\/\/juliettesejourne.com\/en\/tsukumo-cafe\/\" \/>\n<meta property=\"og:site_name\" content=\"Juliette Sejourn\u00e9\" \/>\n<meta property=\"article:modified_time\" content=\"2024-08-23T19:34:45+00:00\" \/>\n<meta property=\"og:image\" content=\"https:\/\/juliettesejourne.com\/wp-content\/uploads\/2023\/08\/image_tsuku_kintsugi_400-e1692217424279.jpeg\" \/>\n\t<meta property=\"og:image:width\" content=\"400\" \/>\n\t<meta property=\"og:image:height\" content=\"462\" \/>\n\t<meta property=\"og:image:type\" content=\"image\/jpeg\" \/>\n<meta name=\"twitter:card\" content=\"summary_large_image\" \/>\n<meta name=\"twitter:label1\" content=\"Estimated reading time\" \/>\n\t<meta name=\"twitter:data1\" content=\"4 minutes\" \/>\n<script type=\"application\/ld+json\" class=\"yoast-schema-graph\">{\"@context\":\"https:\/\/schema.org\",\"@graph\":[{\"@type\":\"WebPage\",\"@id\":\"https:\/\/juliettesejourne.com\/tsukumo-cafe\/\",\"url\":\"https:\/\/juliettesejourne.com\/tsukumo-cafe\/\",\"name\":\"Tsukumo-caf\u00e9 - Juliette Sejourn\u00e9\",\"isPartOf\":{\"@id\":\"https:\/\/juliettesejourne.com\/#website\"},\"primaryImageOfPage\":{\"@id\":\"https:\/\/juliettesejourne.com\/tsukumo-cafe\/#primaryimage\"},\"image\":{\"@id\":\"https:\/\/juliettesejourne.com\/tsukumo-cafe\/#primaryimage\"},\"thumbnailUrl\":\"https:\/\/juliettesejourne.com\/wp-content\/uploads\/2023\/08\/image_tsuku_kintsugi_400-e1692217424279.jpeg\",\"datePublished\":\"2023-08-18T13:45:24+00:00\",\"dateModified\":\"2024-08-23T19:34:45+00:00\",\"description\":\"Tsukumo-caf\u00e9 est une tasse de caf\u00e9 connect\u00e9e\u2026 \u00e0 son int\u00e9riorit\u00e9, \u00e0 son \u00e2me apparue \u00e0 l\u2019\u00e2ge de cent ans comme dans la tradition japonaise des tsukumogami-emaki. A priori elle n\u2019a pas d\u2019autre fonction pr\u00e9cise que de vous servir \u00e0 boire un caf\u00e9\u2026 \u00e0 moins d\u2019\u00e9couter son monologue int\u00e9rieur et peut-\u00eatre le relier au v\u00f4tre.Alors que les objets connect\u00e9s nous happent constamment vers un monde ext\u00e9rieur - r\u00e9el ou virtuel - le paradoxe propos\u00e9 dans l\u2019installation Tsukumo-caf\u00e9 est d\u2019investir une exp\u00e9rience po\u00e9tique et symbiotique avec un objet au langage myst\u00e9rieux et singulier.\",\"breadcrumb\":{\"@id\":\"https:\/\/juliettesejourne.com\/tsukumo-cafe\/#breadcrumb\"},\"inLanguage\":\"en-GB\",\"potentialAction\":[{\"@type\":\"ReadAction\",\"target\":[\"https:\/\/juliettesejourne.com\/tsukumo-cafe\/\"]}]},{\"@type\":\"ImageObject\",\"inLanguage\":\"en-GB\",\"@id\":\"https:\/\/juliettesejourne.com\/tsukumo-cafe\/#primaryimage\",\"url\":\"https:\/\/juliettesejourne.com\/wp-content\/uploads\/2023\/08\/image_tsuku_kintsugi_400-e1692217424279.jpeg\",\"contentUrl\":\"https:\/\/juliettesejourne.com\/wp-content\/uploads\/2023\/08\/image_tsuku_kintsugi_400-e1692217424279.jpeg\",\"width\":400,\"height\":462},{\"@type\":\"BreadcrumbList\",\"@id\":\"https:\/\/juliettesejourne.com\/tsukumo-cafe\/#breadcrumb\",\"itemListElement\":[{\"@type\":\"ListItem\",\"position\":1,\"name\":\"Accueil\",\"item\":\"https:\/\/juliettesejourne.com\/\"},{\"@type\":\"ListItem\",\"position\":2,\"name\":\"Tsukumo-caf\u00e9\"}]},{\"@type\":\"WebSite\",\"@id\":\"https:\/\/juliettesejourne.com\/#website\",\"url\":\"https:\/\/juliettesejourne.com\/\",\"name\":\"Juliette S\u00e9journ\u00e9\",\"description\":\"Juliette Sejourn\u00e9\",\"potentialAction\":[{\"@type\":\"SearchAction\",\"target\":{\"@type\":\"EntryPoint\",\"urlTemplate\":\"https:\/\/juliettesejourne.com\/?s={search_term_string}\"},\"query-input\":{\"@type\":\"PropertyValueSpecification\",\"valueRequired\":true,\"valueName\":\"search_term_string\"}}],\"inLanguage\":\"en-GB\"}]}<\/script>\n<!-- \/ Yoast SEO plugin. -->","yoast_head_json":{"title":"Tsukumo-caf\u00e9 - Juliette Sejourn\u00e9","description":"Tsukumo-caf\u00e9 est une tasse de caf\u00e9 connect\u00e9e\u2026 \u00e0 son int\u00e9riorit\u00e9, \u00e0 son \u00e2me apparue \u00e0 l\u2019\u00e2ge de cent ans comme dans la tradition japonaise des tsukumogami-emaki. A priori elle n\u2019a pas d\u2019autre fonction pr\u00e9cise que de vous servir \u00e0 boire un caf\u00e9\u2026 \u00e0 moins d\u2019\u00e9couter son monologue int\u00e9rieur et peut-\u00eatre le relier au v\u00f4tre.Alors que les objets connect\u00e9s nous happent constamment vers un monde ext\u00e9rieur - r\u00e9el ou virtuel - le paradoxe propos\u00e9 dans l\u2019installation Tsukumo-caf\u00e9 est d\u2019investir une exp\u00e9rience po\u00e9tique et symbiotique avec un objet au langage myst\u00e9rieux et singulier.","robots":{"index":"index","follow":"follow","max-snippet":"max-snippet:-1","max-image-preview":"max-image-preview:large","max-video-preview":"max-video-preview:-1"},"canonical":"https:\/\/juliettesejourne.com\/en\/tsukumo-cafe\/","og_locale":"en_GB","og_type":"article","og_title":"Tsukumo-caf\u00e9 - Juliette Sejourn\u00e9","og_description":"Tsukumo-caf\u00e9 est une tasse de caf\u00e9 connect\u00e9e\u2026 \u00e0 son int\u00e9riorit\u00e9, \u00e0 son \u00e2me apparue \u00e0 l\u2019\u00e2ge de cent ans comme dans la tradition japonaise des tsukumogami-emaki. A priori elle n\u2019a pas d\u2019autre fonction pr\u00e9cise que de vous servir \u00e0 boire un caf\u00e9\u2026 \u00e0 moins d\u2019\u00e9couter son monologue int\u00e9rieur et peut-\u00eatre le relier au v\u00f4tre.Alors que les objets connect\u00e9s nous happent constamment vers un monde ext\u00e9rieur - r\u00e9el ou virtuel - le paradoxe propos\u00e9 dans l\u2019installation Tsukumo-caf\u00e9 est d\u2019investir une exp\u00e9rience po\u00e9tique et symbiotique avec un objet au langage myst\u00e9rieux et singulier.","og_url":"https:\/\/juliettesejourne.com\/en\/tsukumo-cafe\/","og_site_name":"Juliette Sejourn\u00e9","article_modified_time":"2024-08-23T19:34:45+00:00","og_image":[{"width":400,"height":462,"url":"https:\/\/juliettesejourne.com\/wp-content\/uploads\/2023\/08\/image_tsuku_kintsugi_400-e1692217424279.jpeg","type":"image\/jpeg"}],"twitter_card":"summary_large_image","twitter_misc":{"Estimated reading time":"4 minutes"},"schema":{"@context":"https:\/\/schema.org","@graph":[{"@type":"WebPage","@id":"https:\/\/juliettesejourne.com\/tsukumo-cafe\/","url":"https:\/\/juliettesejourne.com\/tsukumo-cafe\/","name":"Tsukumo-caf\u00e9 - Juliette Sejourn\u00e9","isPartOf":{"@id":"https:\/\/juliettesejourne.com\/#website"},"primaryImageOfPage":{"@id":"https:\/\/juliettesejourne.com\/tsukumo-cafe\/#primaryimage"},"image":{"@id":"https:\/\/juliettesejourne.com\/tsukumo-cafe\/#primaryimage"},"thumbnailUrl":"https:\/\/juliettesejourne.com\/wp-content\/uploads\/2023\/08\/image_tsuku_kintsugi_400-e1692217424279.jpeg","datePublished":"2023-08-18T13:45:24+00:00","dateModified":"2024-08-23T19:34:45+00:00","description":"Tsukumo-caf\u00e9 est une tasse de caf\u00e9 connect\u00e9e\u2026 \u00e0 son int\u00e9riorit\u00e9, \u00e0 son \u00e2me apparue \u00e0 l\u2019\u00e2ge de cent ans comme dans la tradition japonaise des tsukumogami-emaki. A priori elle n\u2019a pas d\u2019autre fonction pr\u00e9cise que de vous servir \u00e0 boire un caf\u00e9\u2026 \u00e0 moins d\u2019\u00e9couter son monologue int\u00e9rieur et peut-\u00eatre le relier au v\u00f4tre.Alors que les objets connect\u00e9s nous happent constamment vers un monde ext\u00e9rieur - r\u00e9el ou virtuel - le paradoxe propos\u00e9 dans l\u2019installation Tsukumo-caf\u00e9 est d\u2019investir une exp\u00e9rience po\u00e9tique et symbiotique avec un objet au langage myst\u00e9rieux et singulier.","breadcrumb":{"@id":"https:\/\/juliettesejourne.com\/tsukumo-cafe\/#breadcrumb"},"inLanguage":"en-GB","potentialAction":[{"@type":"ReadAction","target":["https:\/\/juliettesejourne.com\/tsukumo-cafe\/"]}]},{"@type":"ImageObject","inLanguage":"en-GB","@id":"https:\/\/juliettesejourne.com\/tsukumo-cafe\/#primaryimage","url":"https:\/\/juliettesejourne.com\/wp-content\/uploads\/2023\/08\/image_tsuku_kintsugi_400-e1692217424279.jpeg","contentUrl":"https:\/\/juliettesejourne.com\/wp-content\/uploads\/2023\/08\/image_tsuku_kintsugi_400-e1692217424279.jpeg","width":400,"height":462},{"@type":"BreadcrumbList","@id":"https:\/\/juliettesejourne.com\/tsukumo-cafe\/#breadcrumb","itemListElement":[{"@type":"ListItem","position":1,"name":"Accueil","item":"https:\/\/juliettesejourne.com\/"},{"@type":"ListItem","position":2,"name":"Tsukumo-caf\u00e9"}]},{"@type":"WebSite","@id":"https:\/\/juliettesejourne.com\/#website","url":"https:\/\/juliettesejourne.com\/","name":"Juliette S\u00e9journ\u00e9","description":"Juliette Sejourn\u00e9","potentialAction":[{"@type":"SearchAction","target":{"@type":"EntryPoint","urlTemplate":"https:\/\/juliettesejourne.com\/?s={search_term_string}"},"query-input":{"@type":"PropertyValueSpecification","valueRequired":true,"valueName":"search_term_string"}}],"inLanguage":"en-GB"}]}},"_links":{"self":[{"href":"https:\/\/juliettesejourne.com\/en\/wp-json\/wp\/v2\/pages\/333","targetHints":{"allow":["GET"]}}],"collection":[{"href":"https:\/\/juliettesejourne.com\/en\/wp-json\/wp\/v2\/pages"}],"about":[{"href":"https:\/\/juliettesejourne.com\/en\/wp-json\/wp\/v2\/types\/page"}],"author":[{"embeddable":true,"href":"https:\/\/juliettesejourne.com\/en\/wp-json\/wp\/v2\/users\/1"}],"replies":[{"embeddable":true,"href":"https:\/\/juliettesejourne.com\/en\/wp-json\/wp\/v2\/comments?post=333"}],"version-history":[{"count":47,"href":"https:\/\/juliettesejourne.com\/en\/wp-json\/wp\/v2\/pages\/333\/revisions"}],"predecessor-version":[{"id":801,"href":"https:\/\/juliettesejourne.com\/en\/wp-json\/wp\/v2\/pages\/333\/revisions\/801"}],"wp:featuredmedia":[{"embeddable":true,"href":"https:\/\/juliettesejourne.com\/en\/wp-json\/wp\/v2\/media\/178"}],"wp:attachment":[{"href":"https:\/\/juliettesejourne.com\/en\/wp-json\/wp\/v2\/media?parent=333"}],"curies":[{"name":"wp","href":"https:\/\/api.w.org\/{rel}","templated":true}]}}