{"id":373,"date":"2023-08-18T17:50:11","date_gmt":"2023-08-18T15:50:11","guid":{"rendered":"https:\/\/juliettesejourne.com\/?page_id=373"},"modified":"2023-08-19T15:13:46","modified_gmt":"2023-08-19T13:13:46","slug":"nuclear-spring","status":"publish","type":"page","link":"https:\/\/juliettesejourne.com\/en\/nuclear-spring\/","title":{"rendered":"Nuclear Spring"},"content":{"rendered":"<p><em>Or: How I Learned to Start Worrying about the Bomb and Helping Others Becoming Aware&nbsp;<\/em><\/p>\n\n\n\n<p>Research-creation residency<\/p>\n\n\n\n<blockquote class=\"wp-block-quote is-layout-flow wp-block-quote-is-layout-flow\">\n<p>Nuclear Knowledges program (Sciences Po - CERI) funded by EU Non-Proliferation and Disarmament Consortium (20.02.2023-23.06.2023)&nbsp;<\/p>\n<\/blockquote>\n\n\n\n<div style=\"height:10px\" aria-hidden=\"true\" class=\"wp-block-spacer\"><\/div>\n\n\n\n<p>The goal of the residency project was to elaborate, in close collaboration with Beno\u00eet Pelopidas, and using a research-creation approach, an audio\/sound artistic production addressing the inadequacy between what is known about nuclear vulnerabilities and what citizens believe.<\/p>\n\n\n\n<p>This research period enabled me to conceive a sound creation project and collect the data that grounds the information required to display in the installation, based on sonification and spatialization: <em>Our Things<\/em>.<\/p>\n\n\n\n<div style=\"height:10px\" aria-hidden=\"true\" class=\"wp-block-spacer\"><\/div>\n\n\n\n<h2 class=\"wp-block-heading\">Statement<\/h2>\n\n\n\n<p>At the Nuclear Knowledges research center, I discovered the concept of nuclear winter: first highlighted in the 1980s, it describes the predicted effect of several nuclear bombs causing global and long-lasting cooling of the earth's climate, since the aerosols injected into the stratosphere by the nuclear explosions would absorbed solar radiation. The title of my research-creation residency at Nuclear Knowledges (CERI, Sciences Po) also thumbs its nose at skeptics of this scenario, who claim that it would cause a much lighter effect they called a \"nuclear autumn\". It also refers ironically to the current context of modernization and perpetuation of arsenals on an international scale: nuclear weapons seem to be blooming again.<\/p>\n\n\n\n<p>In half a day, humanity as we know it can be brought to an end, even as we continue to amplify our destructive capacities, and yet I'm aiming at creating art to help people become aware of the danger, while avoiding approaches just horrifying people. In this regard, the subtitle of this report is a nod to <em>Dr. Strangelove or: How I Learned to Stop Worrying and Love the Bomb.<\/em><\/p>\n\n\n\n<div style=\"height:10px\" aria-hidden=\"true\" class=\"wp-block-spacer\"><\/div>\n\n\n\n<h2 class=\"wp-block-heading\">Sharing knowledge on social media<\/h2>\n\n\n\n<p>Next to my learning and creation work, I started a quiz on the social network Instagram, via Instagram \u00ab\u00a0stories\" entitled Nukes Quiz. Such an endeavor revealed to form a compact and stimulating corpus of questions and facts, which was found useful as pedagogical tools by Beno\u00eet, as well as by two other members of the Nuclear Knowledges team, PhD student Thomas Fraise and Marie Curie postdoctoral fellow Sanne Verschuren.&nbsp;<\/p>\n\n\n\n<div style=\"height:10px\" aria-hidden=\"true\" class=\"wp-block-spacer\"><\/div>\n\n\n\n<h2 class=\"wp-block-heading\">Workshop at CERI Sciences Po (21.06.2023)<\/h2>\n\n\n\n<p>I presented the project and received particularly enriching insights and questioning from Austin Cooper (Stanton Nuclear Security Fellow in the MIT Security Studies Program), Sanne Verschuren (Marie Skodowska-Curie Postdoctoral Fellow), Thomas Fraise (PhD Candidate and research affiliate at the Nuclear Knowledges program, CERI, Sciences Po), Louise Beaumais (PhD candidate in IR, CERI, Sciences Po), Fr\u00e9d\u00e9ric Bevilacqua (Head Researcher, Sound- Music-Movement Interaction team, URM STMS IRCAM-CNRS-Sorbonne Universit\u00e9), Christine Fassert (Socio-anthropologist, working on the political and institutional strategies of risk management and their consequences on populations and environments, in particular in the processes of knowledge production and the role of science. Laboratoire Technique,Territoires et Soci\u00e9t\u00e9s, UMR 8134, Universit\u00e9 Gustave Eiffel), Sterre van Buren (research assistant, ERC, Nuclear Knowledges Program) and Beno\u00eet Pelopidas (Founding director of the Nuclear Knowledges program, CERI, Sciences Po). They unanimously recognized the originality of both the approach and contribution the project represented, and encouraged me to carry it out through its completion.<\/p>\n\n\n\n<div style=\"height:10px\" aria-hidden=\"true\" class=\"wp-block-spacer\"><\/div>","protected":false},"excerpt":{"rendered":"<p>Or: How I Learned to Start Worrying about the Bomb and Helping Others Becoming Aware&nbsp; R\u00e9sidence de recherche-cr\u00e9ation Nuclear Knowledges (Sciences Po &#8211; CERI) financ\u00e9e par EU Non-Proliferation and Disarmament Consortium (20.02.2023-23.06.2023).&nbsp; L&rsquo;objectif du projet de r\u00e9sidence \u00e9tait d&rsquo;\u00e9laborer, en \u00e9troite collaboration avec Beno\u00eet Pelopidas, et en utilisant une approche de recherche-cr\u00e9ation, une production artistique [&hellip;]<\/p>","protected":false},"author":1,"featured_media":523,"parent":0,"menu_order":0,"comment_status":"closed","ping_status":"closed","template":"wp-custom-template-modele-projet","meta":{"_monsterinsights_skip_tracking":false,"_monsterinsights_sitenote_active":false,"_monsterinsights_sitenote_note":"","_monsterinsights_sitenote_category":0,"footnotes":""},"class_list":["post-373","page","type-page","status-publish","has-post-thumbnail","hentry"],"yoast_head":"<!-- This site is optimized with the Yoast SEO plugin v24.8.1 - https:\/\/yoast.com\/wordpress\/plugins\/seo\/ -->\n<title>Nuclear Spring - Juliette Sejourn\u00e9<\/title>\n<meta name=\"robots\" content=\"index, follow, max-snippet:-1, max-image-preview:large, max-video-preview:-1\" \/>\n<link rel=\"canonical\" href=\"https:\/\/juliettesejourne.com\/en\/nuclear-spring\/\" \/>\n<meta property=\"og:locale\" content=\"en_GB\" \/>\n<meta property=\"og:type\" content=\"article\" \/>\n<meta property=\"og:title\" content=\"Nuclear Spring - Juliette Sejourn\u00e9\" \/>\n<meta property=\"og:description\" content=\"Or: How I Learned to Start Worrying about the Bomb and Helping Others Becoming Aware&nbsp; R\u00e9sidence de recherche-cr\u00e9ation Nuclear Knowledges (Sciences Po &#8211; CERI) financ\u00e9e par EU Non-Proliferation and Disarmament Consortium (20.02.2023-23.06.2023).&nbsp; L&rsquo;objectif du projet de r\u00e9sidence \u00e9tait d&rsquo;\u00e9laborer, en \u00e9troite collaboration avec Beno\u00eet Pelopidas, et en utilisant une approche de recherche-cr\u00e9ation, une production artistique [&hellip;]\" \/>\n<meta property=\"og:url\" content=\"https:\/\/juliettesejourne.com\/en\/nuclear-spring\/\" \/>\n<meta property=\"og:site_name\" content=\"Juliette Sejourn\u00e9\" \/>\n<meta property=\"article:modified_time\" content=\"2023-08-19T13:13:46+00:00\" \/>\n<meta property=\"og:image\" content=\"https:\/\/juliettesejourne.com\/wp-content\/uploads\/2023\/08\/nuclearspring2_400.jpeg\" \/>\n\t<meta property=\"og:image:width\" content=\"400\" \/>\n\t<meta property=\"og:image:height\" content=\"534\" \/>\n\t<meta property=\"og:image:type\" content=\"image\/jpeg\" \/>\n<meta name=\"twitter:card\" content=\"summary_large_image\" \/>\n<meta name=\"twitter:label1\" content=\"Estimated reading time\" \/>\n\t<meta name=\"twitter:data1\" content=\"3 minutes\" \/>\n<script type=\"application\/ld+json\" class=\"yoast-schema-graph\">{\"@context\":\"https:\/\/schema.org\",\"@graph\":[{\"@type\":\"WebPage\",\"@id\":\"https:\/\/juliettesejourne.com\/nuclear-spring\/\",\"url\":\"https:\/\/juliettesejourne.com\/nuclear-spring\/\",\"name\":\"Nuclear Spring - Juliette Sejourn\u00e9\",\"isPartOf\":{\"@id\":\"https:\/\/juliettesejourne.com\/#website\"},\"primaryImageOfPage\":{\"@id\":\"https:\/\/juliettesejourne.com\/nuclear-spring\/#primaryimage\"},\"image\":{\"@id\":\"https:\/\/juliettesejourne.com\/nuclear-spring\/#primaryimage\"},\"thumbnailUrl\":\"https:\/\/juliettesejourne.com\/wp-content\/uploads\/2023\/08\/nuclearspring2_400.jpeg\",\"datePublished\":\"2023-08-18T15:50:11+00:00\",\"dateModified\":\"2023-08-19T13:13:46+00:00\",\"breadcrumb\":{\"@id\":\"https:\/\/juliettesejourne.com\/nuclear-spring\/#breadcrumb\"},\"inLanguage\":\"en-GB\",\"potentialAction\":[{\"@type\":\"ReadAction\",\"target\":[\"https:\/\/juliettesejourne.com\/nuclear-spring\/\"]}]},{\"@type\":\"ImageObject\",\"inLanguage\":\"en-GB\",\"@id\":\"https:\/\/juliettesejourne.com\/nuclear-spring\/#primaryimage\",\"url\":\"https:\/\/juliettesejourne.com\/wp-content\/uploads\/2023\/08\/nuclearspring2_400.jpeg\",\"contentUrl\":\"https:\/\/juliettesejourne.com\/wp-content\/uploads\/2023\/08\/nuclearspring2_400.jpeg\",\"width\":400,\"height\":534},{\"@type\":\"BreadcrumbList\",\"@id\":\"https:\/\/juliettesejourne.com\/nuclear-spring\/#breadcrumb\",\"itemListElement\":[{\"@type\":\"ListItem\",\"position\":1,\"name\":\"Accueil\",\"item\":\"https:\/\/juliettesejourne.com\/\"},{\"@type\":\"ListItem\",\"position\":2,\"name\":\"Nuclear Spring\"}]},{\"@type\":\"WebSite\",\"@id\":\"https:\/\/juliettesejourne.com\/#website\",\"url\":\"https:\/\/juliettesejourne.com\/\",\"name\":\"Juliette S\u00e9journ\u00e9\",\"description\":\"Juliette Sejourn\u00e9\",\"potentialAction\":[{\"@type\":\"SearchAction\",\"target\":{\"@type\":\"EntryPoint\",\"urlTemplate\":\"https:\/\/juliettesejourne.com\/?s={search_term_string}\"},\"query-input\":{\"@type\":\"PropertyValueSpecification\",\"valueRequired\":true,\"valueName\":\"search_term_string\"}}],\"inLanguage\":\"en-GB\"}]}<\/script>\n<!-- \/ Yoast SEO plugin. -->","yoast_head_json":{"title":"Nuclear Spring - Juliette Sejourn\u00e9","robots":{"index":"index","follow":"follow","max-snippet":"max-snippet:-1","max-image-preview":"max-image-preview:large","max-video-preview":"max-video-preview:-1"},"canonical":"https:\/\/juliettesejourne.com\/en\/nuclear-spring\/","og_locale":"en_GB","og_type":"article","og_title":"Nuclear Spring - Juliette Sejourn\u00e9","og_description":"Or: How I Learned to Start Worrying about the Bomb and Helping Others Becoming Aware&nbsp; R\u00e9sidence de recherche-cr\u00e9ation Nuclear Knowledges (Sciences Po &#8211; CERI) financ\u00e9e par EU Non-Proliferation and Disarmament Consortium (20.02.2023-23.06.2023).&nbsp; L&rsquo;objectif du projet de r\u00e9sidence \u00e9tait d&rsquo;\u00e9laborer, en \u00e9troite collaboration avec Beno\u00eet Pelopidas, et en utilisant une approche de recherche-cr\u00e9ation, une production artistique [&hellip;]","og_url":"https:\/\/juliettesejourne.com\/en\/nuclear-spring\/","og_site_name":"Juliette Sejourn\u00e9","article_modified_time":"2023-08-19T13:13:46+00:00","og_image":[{"width":400,"height":534,"url":"https:\/\/juliettesejourne.com\/wp-content\/uploads\/2023\/08\/nuclearspring2_400.jpeg","type":"image\/jpeg"}],"twitter_card":"summary_large_image","twitter_misc":{"Estimated reading time":"3 minutes"},"schema":{"@context":"https:\/\/schema.org","@graph":[{"@type":"WebPage","@id":"https:\/\/juliettesejourne.com\/nuclear-spring\/","url":"https:\/\/juliettesejourne.com\/nuclear-spring\/","name":"Nuclear Spring - Juliette Sejourn\u00e9","isPartOf":{"@id":"https:\/\/juliettesejourne.com\/#website"},"primaryImageOfPage":{"@id":"https:\/\/juliettesejourne.com\/nuclear-spring\/#primaryimage"},"image":{"@id":"https:\/\/juliettesejourne.com\/nuclear-spring\/#primaryimage"},"thumbnailUrl":"https:\/\/juliettesejourne.com\/wp-content\/uploads\/2023\/08\/nuclearspring2_400.jpeg","datePublished":"2023-08-18T15:50:11+00:00","dateModified":"2023-08-19T13:13:46+00:00","breadcrumb":{"@id":"https:\/\/juliettesejourne.com\/nuclear-spring\/#breadcrumb"},"inLanguage":"en-GB","potentialAction":[{"@type":"ReadAction","target":["https:\/\/juliettesejourne.com\/nuclear-spring\/"]}]},{"@type":"ImageObject","inLanguage":"en-GB","@id":"https:\/\/juliettesejourne.com\/nuclear-spring\/#primaryimage","url":"https:\/\/juliettesejourne.com\/wp-content\/uploads\/2023\/08\/nuclearspring2_400.jpeg","contentUrl":"https:\/\/juliettesejourne.com\/wp-content\/uploads\/2023\/08\/nuclearspring2_400.jpeg","width":400,"height":534},{"@type":"BreadcrumbList","@id":"https:\/\/juliettesejourne.com\/nuclear-spring\/#breadcrumb","itemListElement":[{"@type":"ListItem","position":1,"name":"Accueil","item":"https:\/\/juliettesejourne.com\/"},{"@type":"ListItem","position":2,"name":"Nuclear Spring"}]},{"@type":"WebSite","@id":"https:\/\/juliettesejourne.com\/#website","url":"https:\/\/juliettesejourne.com\/","name":"Juliette S\u00e9journ\u00e9","description":"Juliette Sejourn\u00e9","potentialAction":[{"@type":"SearchAction","target":{"@type":"EntryPoint","urlTemplate":"https:\/\/juliettesejourne.com\/?s={search_term_string}"},"query-input":{"@type":"PropertyValueSpecification","valueRequired":true,"valueName":"search_term_string"}}],"inLanguage":"en-GB"}]}},"_links":{"self":[{"href":"https:\/\/juliettesejourne.com\/en\/wp-json\/wp\/v2\/pages\/373","targetHints":{"allow":["GET"]}}],"collection":[{"href":"https:\/\/juliettesejourne.com\/en\/wp-json\/wp\/v2\/pages"}],"about":[{"href":"https:\/\/juliettesejourne.com\/en\/wp-json\/wp\/v2\/types\/page"}],"author":[{"embeddable":true,"href":"https:\/\/juliettesejourne.com\/en\/wp-json\/wp\/v2\/users\/1"}],"replies":[{"embeddable":true,"href":"https:\/\/juliettesejourne.com\/en\/wp-json\/wp\/v2\/comments?post=373"}],"version-history":[{"count":5,"href":"https:\/\/juliettesejourne.com\/en\/wp-json\/wp\/v2\/pages\/373\/revisions"}],"predecessor-version":[{"id":468,"href":"https:\/\/juliettesejourne.com\/en\/wp-json\/wp\/v2\/pages\/373\/revisions\/468"}],"wp:featuredmedia":[{"embeddable":true,"href":"https:\/\/juliettesejourne.com\/en\/wp-json\/wp\/v2\/media\/523"}],"wp:attachment":[{"href":"https:\/\/juliettesejourne.com\/en\/wp-json\/wp\/v2\/media?parent=373"}],"curies":[{"name":"wp","href":"https:\/\/api.w.org\/{rel}","templated":true}]}}