{"id":386,"date":"2023-08-18T19:17:49","date_gmt":"2023-08-18T17:17:49","guid":{"rendered":"https:\/\/juliettesejourne.com\/?page_id=386"},"modified":"2023-08-23T23:22:10","modified_gmt":"2023-08-23T21:22:10","slug":"quatre-enveloppes","status":"publish","type":"page","link":"https:\/\/juliettesejourne.com\/en\/quatre-enveloppes\/","title":{"rendered":"Quatre Envelopp\u00e9s"},"content":{"rendered":"<p><em>Installations\/performances: come and become a dancer to see a danced film.\u2028<\/em><\/p>\n\n\n\n<p>Artiste associ\u00e9e pour \u00ab&nbsp;Enl\u00e8ve tes chaussons rouges, Festival de films dans\u00e9s&nbsp;\u00bb (2021)<\/p>\n\n\n\n<div style=\"height:10px\" aria-hidden=\"true\" class=\"wp-block-spacer\"><\/div>\n\n\n\n<blockquote class=\"wp-block-quote is-layout-flow wp-block-quote-is-layout-flow\">\n<p>Programming and general coordination: Marie-France Aubert, Chlo\u00e9 Cavillier, Margot Merzouk, Robin Miranda das Neves, Damien Truchot&nbsp;<\/p>\n\n\n\n<p>Graphic conception: Melvin Ghandour<\/p>\n<\/blockquote>\n\n\n\n<div style=\"height:10px\" aria-hidden=\"true\" class=\"wp-block-spacer\"><\/div>\n\n\n\n<p>My intention was to create an airlock of sensitive attention, to oneself, in connection with the screened works. In the cinema, on the way to the film, an experience, an invitation to a more sensitive, tailor-made reception. Sound, voices, rare objects... and, once, my dancing body.<\/p>\n\n\n\n<p>Films \u00ab envelopp\u00e9s* \u00bb :<\/p>\n\n\n\n<p><em>Movies presented as \"Envelopp\u00e9s*\"\nThe Wizard of Oz, The Eve of Ivan Kupala, Attenberg, Felix in wonderland.&nbsp;<\/em><\/p>\n\n\n\n<p>*Envelopp\u00e9 (in dance): an auxiliary step used as momentum to give the body an impulse that makes it turn. The enveloping action of a leg, executed vigorously, gives the body the impetus to turn.&nbsp;<\/p>\n\n\n\n<div style=\"height:10px\" aria-hidden=\"true\" class=\"wp-block-spacer\"><\/div>\n\n\n\n<figure class=\"wp-block-image size-large\"><img loading=\"lazy\" decoding=\"async\" width=\"1024\" height=\"724\" src=\"https:\/\/juliettesejourne.com\/wp-content\/uploads\/2023\/08\/8C38432E-290B-4F25-8F4E-7CA5D85BE079_1_105_c-1024x724.jpeg\" alt=\"\" class=\"wp-image-617\" srcset=\"https:\/\/juliettesejourne.com\/wp-content\/uploads\/2023\/08\/8C38432E-290B-4F25-8F4E-7CA5D85BE079_1_105_c-1024x724.jpeg 1024w, https:\/\/juliettesejourne.com\/wp-content\/uploads\/2023\/08\/8C38432E-290B-4F25-8F4E-7CA5D85BE079_1_105_c-300x212.jpeg 300w, https:\/\/juliettesejourne.com\/wp-content\/uploads\/2023\/08\/8C38432E-290B-4F25-8F4E-7CA5D85BE079_1_105_c-768x543.jpeg 768w, https:\/\/juliettesejourne.com\/wp-content\/uploads\/2023\/08\/8C38432E-290B-4F25-8F4E-7CA5D85BE079_1_105_c-18x12.jpeg 18w, https:\/\/juliettesejourne.com\/wp-content\/uploads\/2023\/08\/8C38432E-290B-4F25-8F4E-7CA5D85BE079_1_105_c.jpeg 1054w\" sizes=\"auto, (max-width: 1024px) 100vw, 1024px\" \/><\/figure>","protected":false},"excerpt":{"rendered":"<p>Installations\/performances : venir et devenir dansant pour voir un film dans\u00e9 Artiste associ\u00e9e pour \u00ab&nbsp;Enl\u00e8ve tes chaussons rouges, Festival de films dans\u00e9s&nbsp;\u00bb (2021) Programmation et coordination g\u00e9n\u00e9rale : Marie-France Aubert, Chlo\u00e9 Cavillier, Margot Merzouk, Robin Miranda das Neves, Damien Truchot&nbsp; Conception graphique : Melvin Ghandour Mon intention \u00e9tait de cr\u00e9er un sas d&rsquo;attention sensible, \u00e0 [&hellip;]<\/p>","protected":false},"author":1,"featured_media":616,"parent":0,"menu_order":0,"comment_status":"closed","ping_status":"closed","template":"wp-custom-template-modele-projet","meta":{"_monsterinsights_skip_tracking":false,"_monsterinsights_sitenote_active":false,"_monsterinsights_sitenote_note":"","_monsterinsights_sitenote_category":0,"footnotes":""},"class_list":["post-386","page","type-page","status-publish","has-post-thumbnail","hentry"],"yoast_head":"<!-- This site is optimized with the Yoast SEO plugin v24.8.1 - https:\/\/yoast.com\/wordpress\/plugins\/seo\/ -->\n<title>Quatre Envelopp\u00e9s - Juliette Sejourn\u00e9<\/title>\n<meta name=\"robots\" content=\"index, follow, max-snippet:-1, max-image-preview:large, max-video-preview:-1\" \/>\n<link rel=\"canonical\" href=\"https:\/\/juliettesejourne.com\/en\/quatre-enveloppes\/\" \/>\n<meta property=\"og:locale\" content=\"en_GB\" \/>\n<meta property=\"og:type\" content=\"article\" \/>\n<meta property=\"og:title\" content=\"Quatre Envelopp\u00e9s - Juliette Sejourn\u00e9\" \/>\n<meta property=\"og:description\" content=\"Installations\/performances : venir et devenir dansant pour voir un film dans\u00e9 Artiste associ\u00e9e pour \u00ab&nbsp;Enl\u00e8ve tes chaussons rouges, Festival de films dans\u00e9s&nbsp;\u00bb (2021) Programmation et coordination g\u00e9n\u00e9rale : Marie-France Aubert, Chlo\u00e9 Cavillier, Margot Merzouk, Robin Miranda das Neves, Damien Truchot&nbsp; Conception graphique : Melvin Ghandour Mon intention \u00e9tait de cr\u00e9er un sas d&rsquo;attention sensible, \u00e0 [&hellip;]\" \/>\n<meta property=\"og:url\" content=\"https:\/\/juliettesejourne.com\/en\/quatre-enveloppes\/\" \/>\n<meta property=\"og:site_name\" content=\"Juliette Sejourn\u00e9\" \/>\n<meta property=\"article:modified_time\" content=\"2023-08-23T21:22:10+00:00\" \/>\n<meta property=\"og:image\" content=\"https:\/\/juliettesejourne.com\/wp-content\/uploads\/2023\/08\/81DD0FC6-F5EF-4CD8-B0E7-B0FF8D3CD239.png\" \/>\n\t<meta property=\"og:image:width\" content=\"724\" \/>\n\t<meta property=\"og:image:height\" content=\"1020\" \/>\n\t<meta property=\"og:image:type\" content=\"image\/png\" \/>\n<meta name=\"twitter:card\" content=\"summary_large_image\" \/>\n<meta name=\"twitter:label1\" content=\"Estimated reading time\" \/>\n\t<meta name=\"twitter:data1\" content=\"1 minute\" \/>\n<script type=\"application\/ld+json\" class=\"yoast-schema-graph\">{\"@context\":\"https:\/\/schema.org\",\"@graph\":[{\"@type\":\"WebPage\",\"@id\":\"https:\/\/juliettesejourne.com\/quatre-enveloppes\/\",\"url\":\"https:\/\/juliettesejourne.com\/quatre-enveloppes\/\",\"name\":\"Quatre Envelopp\u00e9s - Juliette Sejourn\u00e9\",\"isPartOf\":{\"@id\":\"https:\/\/juliettesejourne.com\/#website\"},\"primaryImageOfPage\":{\"@id\":\"https:\/\/juliettesejourne.com\/quatre-enveloppes\/#primaryimage\"},\"image\":{\"@id\":\"https:\/\/juliettesejourne.com\/quatre-enveloppes\/#primaryimage\"},\"thumbnailUrl\":\"https:\/\/juliettesejourne.com\/wp-content\/uploads\/2023\/08\/81DD0FC6-F5EF-4CD8-B0E7-B0FF8D3CD239.png\",\"datePublished\":\"2023-08-18T17:17:49+00:00\",\"dateModified\":\"2023-08-23T21:22:10+00:00\",\"breadcrumb\":{\"@id\":\"https:\/\/juliettesejourne.com\/quatre-enveloppes\/#breadcrumb\"},\"inLanguage\":\"en-GB\",\"potentialAction\":[{\"@type\":\"ReadAction\",\"target\":[\"https:\/\/juliettesejourne.com\/quatre-enveloppes\/\"]}]},{\"@type\":\"ImageObject\",\"inLanguage\":\"en-GB\",\"@id\":\"https:\/\/juliettesejourne.com\/quatre-enveloppes\/#primaryimage\",\"url\":\"https:\/\/juliettesejourne.com\/wp-content\/uploads\/2023\/08\/81DD0FC6-F5EF-4CD8-B0E7-B0FF8D3CD239.png\",\"contentUrl\":\"https:\/\/juliettesejourne.com\/wp-content\/uploads\/2023\/08\/81DD0FC6-F5EF-4CD8-B0E7-B0FF8D3CD239.png\",\"width\":724,\"height\":1020},{\"@type\":\"BreadcrumbList\",\"@id\":\"https:\/\/juliettesejourne.com\/quatre-enveloppes\/#breadcrumb\",\"itemListElement\":[{\"@type\":\"ListItem\",\"position\":1,\"name\":\"Accueil\",\"item\":\"https:\/\/juliettesejourne.com\/\"},{\"@type\":\"ListItem\",\"position\":2,\"name\":\"Quatre Envelopp\u00e9s\"}]},{\"@type\":\"WebSite\",\"@id\":\"https:\/\/juliettesejourne.com\/#website\",\"url\":\"https:\/\/juliettesejourne.com\/\",\"name\":\"Juliette S\u00e9journ\u00e9\",\"description\":\"Juliette Sejourn\u00e9\",\"potentialAction\":[{\"@type\":\"SearchAction\",\"target\":{\"@type\":\"EntryPoint\",\"urlTemplate\":\"https:\/\/juliettesejourne.com\/?s={search_term_string}\"},\"query-input\":{\"@type\":\"PropertyValueSpecification\",\"valueRequired\":true,\"valueName\":\"search_term_string\"}}],\"inLanguage\":\"en-GB\"}]}<\/script>\n<!-- \/ Yoast SEO plugin. -->","yoast_head_json":{"title":"Quatre Envelopp\u00e9s - Juliette Sejourn\u00e9","robots":{"index":"index","follow":"follow","max-snippet":"max-snippet:-1","max-image-preview":"max-image-preview:large","max-video-preview":"max-video-preview:-1"},"canonical":"https:\/\/juliettesejourne.com\/en\/quatre-enveloppes\/","og_locale":"en_GB","og_type":"article","og_title":"Quatre Envelopp\u00e9s - Juliette Sejourn\u00e9","og_description":"Installations\/performances : venir et devenir dansant pour voir un film dans\u00e9 Artiste associ\u00e9e pour \u00ab&nbsp;Enl\u00e8ve tes chaussons rouges, Festival de films dans\u00e9s&nbsp;\u00bb (2021) Programmation et coordination g\u00e9n\u00e9rale : Marie-France Aubert, Chlo\u00e9 Cavillier, Margot Merzouk, Robin Miranda das Neves, Damien Truchot&nbsp; Conception graphique : Melvin Ghandour Mon intention \u00e9tait de cr\u00e9er un sas d&rsquo;attention sensible, \u00e0 [&hellip;]","og_url":"https:\/\/juliettesejourne.com\/en\/quatre-enveloppes\/","og_site_name":"Juliette Sejourn\u00e9","article_modified_time":"2023-08-23T21:22:10+00:00","og_image":[{"width":724,"height":1020,"url":"https:\/\/juliettesejourne.com\/wp-content\/uploads\/2023\/08\/81DD0FC6-F5EF-4CD8-B0E7-B0FF8D3CD239.png","type":"image\/png"}],"twitter_card":"summary_large_image","twitter_misc":{"Estimated reading time":"1 minute"},"schema":{"@context":"https:\/\/schema.org","@graph":[{"@type":"WebPage","@id":"https:\/\/juliettesejourne.com\/quatre-enveloppes\/","url":"https:\/\/juliettesejourne.com\/quatre-enveloppes\/","name":"Quatre Envelopp\u00e9s - Juliette Sejourn\u00e9","isPartOf":{"@id":"https:\/\/juliettesejourne.com\/#website"},"primaryImageOfPage":{"@id":"https:\/\/juliettesejourne.com\/quatre-enveloppes\/#primaryimage"},"image":{"@id":"https:\/\/juliettesejourne.com\/quatre-enveloppes\/#primaryimage"},"thumbnailUrl":"https:\/\/juliettesejourne.com\/wp-content\/uploads\/2023\/08\/81DD0FC6-F5EF-4CD8-B0E7-B0FF8D3CD239.png","datePublished":"2023-08-18T17:17:49+00:00","dateModified":"2023-08-23T21:22:10+00:00","breadcrumb":{"@id":"https:\/\/juliettesejourne.com\/quatre-enveloppes\/#breadcrumb"},"inLanguage":"en-GB","potentialAction":[{"@type":"ReadAction","target":["https:\/\/juliettesejourne.com\/quatre-enveloppes\/"]}]},{"@type":"ImageObject","inLanguage":"en-GB","@id":"https:\/\/juliettesejourne.com\/quatre-enveloppes\/#primaryimage","url":"https:\/\/juliettesejourne.com\/wp-content\/uploads\/2023\/08\/81DD0FC6-F5EF-4CD8-B0E7-B0FF8D3CD239.png","contentUrl":"https:\/\/juliettesejourne.com\/wp-content\/uploads\/2023\/08\/81DD0FC6-F5EF-4CD8-B0E7-B0FF8D3CD239.png","width":724,"height":1020},{"@type":"BreadcrumbList","@id":"https:\/\/juliettesejourne.com\/quatre-enveloppes\/#breadcrumb","itemListElement":[{"@type":"ListItem","position":1,"name":"Accueil","item":"https:\/\/juliettesejourne.com\/"},{"@type":"ListItem","position":2,"name":"Quatre Envelopp\u00e9s"}]},{"@type":"WebSite","@id":"https:\/\/juliettesejourne.com\/#website","url":"https:\/\/juliettesejourne.com\/","name":"Juliette S\u00e9journ\u00e9","description":"Juliette Sejourn\u00e9","potentialAction":[{"@type":"SearchAction","target":{"@type":"EntryPoint","urlTemplate":"https:\/\/juliettesejourne.com\/?s={search_term_string}"},"query-input":{"@type":"PropertyValueSpecification","valueRequired":true,"valueName":"search_term_string"}}],"inLanguage":"en-GB"}]}},"_links":{"self":[{"href":"https:\/\/juliettesejourne.com\/en\/wp-json\/wp\/v2\/pages\/386","targetHints":{"allow":["GET"]}}],"collection":[{"href":"https:\/\/juliettesejourne.com\/en\/wp-json\/wp\/v2\/pages"}],"about":[{"href":"https:\/\/juliettesejourne.com\/en\/wp-json\/wp\/v2\/types\/page"}],"author":[{"embeddable":true,"href":"https:\/\/juliettesejourne.com\/en\/wp-json\/wp\/v2\/users\/1"}],"replies":[{"embeddable":true,"href":"https:\/\/juliettesejourne.com\/en\/wp-json\/wp\/v2\/comments?post=386"}],"version-history":[{"count":4,"href":"https:\/\/juliettesejourne.com\/en\/wp-json\/wp\/v2\/pages\/386\/revisions"}],"predecessor-version":[{"id":618,"href":"https:\/\/juliettesejourne.com\/en\/wp-json\/wp\/v2\/pages\/386\/revisions\/618"}],"wp:featuredmedia":[{"embeddable":true,"href":"https:\/\/juliettesejourne.com\/en\/wp-json\/wp\/v2\/media\/616"}],"wp:attachment":[{"href":"https:\/\/juliettesejourne.com\/en\/wp-json\/wp\/v2\/media?parent=386"}],"curies":[{"name":"wp","href":"https:\/\/api.w.org\/{rel}","templated":true}]}}