{"id":388,"date":"2023-08-18T19:18:52","date_gmt":"2023-08-18T17:18:52","guid":{"rendered":"https:\/\/juliettesejourne.com\/?page_id=388"},"modified":"2023-08-18T21:26:17","modified_gmt":"2023-08-18T19:26:17","slug":"didons-amers","status":"publish","type":"page","link":"https:\/\/juliettesejourne.com\/en\/didons-amers\/","title":{"rendered":"Didon(s), Amer(s)"},"content":{"rendered":"<p><em>Concert\/installation<\/em><\/p>\n\n\n\n<p>Director : Juliette S\u00e9journ\u00e9<\/p>\n\n\n\n<div style=\"height:10px\" aria-hidden=\"true\" class=\"wp-block-spacer\"><\/div>\n\n\n\n<blockquote class=\"wp-block-quote is-layout-flow wp-block-quote-is-layout-flow\">\n<p>With Arthur de Barochez and Alexis Coutureau<\/p>\n\n\n\n<p>Early version presented at \"Jeune Th\u00e9\u00e2tre National\"(2016)<\/p>\n\n\n\n<p>Research residency at \"Le Carr\u00e9, Centre d'Art contemporain\"  (2018)<\/p>\n<\/blockquote>\n\n\n\n<div style=\"height:10px\" aria-hidden=\"true\" class=\"wp-block-spacer\"><\/div>\n\n\n\n<p>A variation on the figure of Dido, based on Saint-John Perse's poem Amers. A journey similar to that found in The Aeneid. <em>Amers <\/em>de Saint-John Perse<em>. <\/em>Un parcours proche de celui que l\u2019on trouve dans <em>L\u2019\u00c9n\u00e9ide<\/em>.<\/p>\n\n\n\n<p>We play along with <em>Didon et \u00c9n\u00e9e <\/em>Purcell's Dido and Aeneas, on double bass, oud, vocals and electronic effects.<\/p>\n\n\n\n<p>The Mediterranean sea is represented by the lights around it.<\/p>\n\n\n\n<p>It's an intimate epic.<\/p>\n\n\n\n<div style=\"height:10px\" aria-hidden=\"true\" class=\"wp-block-spacer\"><\/div>","protected":false},"excerpt":{"rendered":"<p>Concert\/installation Direction : Juliette S\u00e9journ\u00e9 Avec Arthur de Barochez et Alexis Coutureau Pr\u00e9sentation de maquette au Jeune Th\u00e9\u00e2tre National (2016) R\u00e9sidence de recherche au Carr\u00e9, Centre d\u2019Art contemporain (2018) Une variation sur la figure de Didon, \u00e0 partir du po\u00e8me Amers de Saint-John Perse. Un parcours proche de celui que l\u2019on trouve dans L\u2019\u00c9n\u00e9ide. Nous [&hellip;]<\/p>","protected":false},"author":1,"featured_media":176,"parent":0,"menu_order":0,"comment_status":"closed","ping_status":"closed","template":"wp-custom-template-modele-projet","meta":{"_monsterinsights_skip_tracking":false,"_monsterinsights_sitenote_active":false,"_monsterinsights_sitenote_note":"","_monsterinsights_sitenote_category":0,"footnotes":""},"class_list":["post-388","page","type-page","status-publish","has-post-thumbnail","hentry"],"yoast_head":"<!-- This site is optimized with the Yoast SEO plugin v24.8.1 - https:\/\/yoast.com\/wordpress\/plugins\/seo\/ -->\n<title>Didon(s), Amer(s) - Juliette Sejourn\u00e9<\/title>\n<meta name=\"robots\" content=\"index, follow, max-snippet:-1, max-image-preview:large, max-video-preview:-1\" \/>\n<link rel=\"canonical\" href=\"https:\/\/juliettesejourne.com\/en\/didons-amers\/\" \/>\n<meta property=\"og:locale\" content=\"en_GB\" \/>\n<meta property=\"og:type\" content=\"article\" \/>\n<meta property=\"og:title\" content=\"Didon(s), Amer(s) - Juliette Sejourn\u00e9\" \/>\n<meta property=\"og:description\" content=\"Concert\/installation Direction : Juliette S\u00e9journ\u00e9 Avec Arthur de Barochez et Alexis Coutureau Pr\u00e9sentation de maquette au Jeune Th\u00e9\u00e2tre National (2016) R\u00e9sidence de recherche au Carr\u00e9, Centre d\u2019Art contemporain (2018) Une variation sur la figure de Didon, \u00e0 partir du po\u00e8me Amers de Saint-John Perse. Un parcours proche de celui que l\u2019on trouve dans L\u2019\u00c9n\u00e9ide. Nous [&hellip;]\" \/>\n<meta property=\"og:url\" content=\"https:\/\/juliettesejourne.com\/en\/didons-amers\/\" \/>\n<meta property=\"og:site_name\" content=\"Juliette Sejourn\u00e9\" \/>\n<meta property=\"article:modified_time\" content=\"2023-08-18T19:26:17+00:00\" \/>\n<meta property=\"og:image\" content=\"https:\/\/juliettesejourne.com\/wp-content\/uploads\/2023\/08\/Didons-Amers_400.jpeg\" \/>\n\t<meta property=\"og:image:width\" content=\"400\" \/>\n\t<meta property=\"og:image:height\" content=\"300\" \/>\n\t<meta property=\"og:image:type\" content=\"image\/jpeg\" \/>\n<meta name=\"twitter:card\" content=\"summary_large_image\" \/>\n<meta name=\"twitter:label1\" content=\"Estimated reading time\" \/>\n\t<meta name=\"twitter:data1\" content=\"1 minute\" \/>\n<script type=\"application\/ld+json\" class=\"yoast-schema-graph\">{\"@context\":\"https:\/\/schema.org\",\"@graph\":[{\"@type\":\"WebPage\",\"@id\":\"https:\/\/juliettesejourne.com\/didons-amers\/\",\"url\":\"https:\/\/juliettesejourne.com\/didons-amers\/\",\"name\":\"Didon(s), Amer(s) - Juliette Sejourn\u00e9\",\"isPartOf\":{\"@id\":\"https:\/\/juliettesejourne.com\/#website\"},\"primaryImageOfPage\":{\"@id\":\"https:\/\/juliettesejourne.com\/didons-amers\/#primaryimage\"},\"image\":{\"@id\":\"https:\/\/juliettesejourne.com\/didons-amers\/#primaryimage\"},\"thumbnailUrl\":\"https:\/\/juliettesejourne.com\/wp-content\/uploads\/2023\/08\/Didons-Amers_400.jpeg\",\"datePublished\":\"2023-08-18T17:18:52+00:00\",\"dateModified\":\"2023-08-18T19:26:17+00:00\",\"breadcrumb\":{\"@id\":\"https:\/\/juliettesejourne.com\/didons-amers\/#breadcrumb\"},\"inLanguage\":\"en-GB\",\"potentialAction\":[{\"@type\":\"ReadAction\",\"target\":[\"https:\/\/juliettesejourne.com\/didons-amers\/\"]}]},{\"@type\":\"ImageObject\",\"inLanguage\":\"en-GB\",\"@id\":\"https:\/\/juliettesejourne.com\/didons-amers\/#primaryimage\",\"url\":\"https:\/\/juliettesejourne.com\/wp-content\/uploads\/2023\/08\/Didons-Amers_400.jpeg\",\"contentUrl\":\"https:\/\/juliettesejourne.com\/wp-content\/uploads\/2023\/08\/Didons-Amers_400.jpeg\",\"width\":400,\"height\":300},{\"@type\":\"BreadcrumbList\",\"@id\":\"https:\/\/juliettesejourne.com\/didons-amers\/#breadcrumb\",\"itemListElement\":[{\"@type\":\"ListItem\",\"position\":1,\"name\":\"Accueil\",\"item\":\"https:\/\/juliettesejourne.com\/\"},{\"@type\":\"ListItem\",\"position\":2,\"name\":\"Didon(s), Amer(s)\"}]},{\"@type\":\"WebSite\",\"@id\":\"https:\/\/juliettesejourne.com\/#website\",\"url\":\"https:\/\/juliettesejourne.com\/\",\"name\":\"Juliette S\u00e9journ\u00e9\",\"description\":\"Juliette Sejourn\u00e9\",\"potentialAction\":[{\"@type\":\"SearchAction\",\"target\":{\"@type\":\"EntryPoint\",\"urlTemplate\":\"https:\/\/juliettesejourne.com\/?s={search_term_string}\"},\"query-input\":{\"@type\":\"PropertyValueSpecification\",\"valueRequired\":true,\"valueName\":\"search_term_string\"}}],\"inLanguage\":\"en-GB\"}]}<\/script>\n<!-- \/ Yoast SEO plugin. -->","yoast_head_json":{"title":"Didon(s), Amer(s) - Juliette Sejourn\u00e9","robots":{"index":"index","follow":"follow","max-snippet":"max-snippet:-1","max-image-preview":"max-image-preview:large","max-video-preview":"max-video-preview:-1"},"canonical":"https:\/\/juliettesejourne.com\/en\/didons-amers\/","og_locale":"en_GB","og_type":"article","og_title":"Didon(s), Amer(s) - Juliette Sejourn\u00e9","og_description":"Concert\/installation Direction : Juliette S\u00e9journ\u00e9 Avec Arthur de Barochez et Alexis Coutureau Pr\u00e9sentation de maquette au Jeune Th\u00e9\u00e2tre National (2016) R\u00e9sidence de recherche au Carr\u00e9, Centre d\u2019Art contemporain (2018) Une variation sur la figure de Didon, \u00e0 partir du po\u00e8me Amers de Saint-John Perse. Un parcours proche de celui que l\u2019on trouve dans L\u2019\u00c9n\u00e9ide. Nous [&hellip;]","og_url":"https:\/\/juliettesejourne.com\/en\/didons-amers\/","og_site_name":"Juliette Sejourn\u00e9","article_modified_time":"2023-08-18T19:26:17+00:00","og_image":[{"width":400,"height":300,"url":"https:\/\/juliettesejourne.com\/wp-content\/uploads\/2023\/08\/Didons-Amers_400.jpeg","type":"image\/jpeg"}],"twitter_card":"summary_large_image","twitter_misc":{"Estimated reading time":"1 minute"},"schema":{"@context":"https:\/\/schema.org","@graph":[{"@type":"WebPage","@id":"https:\/\/juliettesejourne.com\/didons-amers\/","url":"https:\/\/juliettesejourne.com\/didons-amers\/","name":"Didon(s), Amer(s) - Juliette Sejourn\u00e9","isPartOf":{"@id":"https:\/\/juliettesejourne.com\/#website"},"primaryImageOfPage":{"@id":"https:\/\/juliettesejourne.com\/didons-amers\/#primaryimage"},"image":{"@id":"https:\/\/juliettesejourne.com\/didons-amers\/#primaryimage"},"thumbnailUrl":"https:\/\/juliettesejourne.com\/wp-content\/uploads\/2023\/08\/Didons-Amers_400.jpeg","datePublished":"2023-08-18T17:18:52+00:00","dateModified":"2023-08-18T19:26:17+00:00","breadcrumb":{"@id":"https:\/\/juliettesejourne.com\/didons-amers\/#breadcrumb"},"inLanguage":"en-GB","potentialAction":[{"@type":"ReadAction","target":["https:\/\/juliettesejourne.com\/didons-amers\/"]}]},{"@type":"ImageObject","inLanguage":"en-GB","@id":"https:\/\/juliettesejourne.com\/didons-amers\/#primaryimage","url":"https:\/\/juliettesejourne.com\/wp-content\/uploads\/2023\/08\/Didons-Amers_400.jpeg","contentUrl":"https:\/\/juliettesejourne.com\/wp-content\/uploads\/2023\/08\/Didons-Amers_400.jpeg","width":400,"height":300},{"@type":"BreadcrumbList","@id":"https:\/\/juliettesejourne.com\/didons-amers\/#breadcrumb","itemListElement":[{"@type":"ListItem","position":1,"name":"Accueil","item":"https:\/\/juliettesejourne.com\/"},{"@type":"ListItem","position":2,"name":"Didon(s), Amer(s)"}]},{"@type":"WebSite","@id":"https:\/\/juliettesejourne.com\/#website","url":"https:\/\/juliettesejourne.com\/","name":"Juliette S\u00e9journ\u00e9","description":"Juliette Sejourn\u00e9","potentialAction":[{"@type":"SearchAction","target":{"@type":"EntryPoint","urlTemplate":"https:\/\/juliettesejourne.com\/?s={search_term_string}"},"query-input":{"@type":"PropertyValueSpecification","valueRequired":true,"valueName":"search_term_string"}}],"inLanguage":"en-GB"}]}},"_links":{"self":[{"href":"https:\/\/juliettesejourne.com\/en\/wp-json\/wp\/v2\/pages\/388","targetHints":{"allow":["GET"]}}],"collection":[{"href":"https:\/\/juliettesejourne.com\/en\/wp-json\/wp\/v2\/pages"}],"about":[{"href":"https:\/\/juliettesejourne.com\/en\/wp-json\/wp\/v2\/types\/page"}],"author":[{"embeddable":true,"href":"https:\/\/juliettesejourne.com\/en\/wp-json\/wp\/v2\/users\/1"}],"replies":[{"embeddable":true,"href":"https:\/\/juliettesejourne.com\/en\/wp-json\/wp\/v2\/comments?post=388"}],"version-history":[{"count":4,"href":"https:\/\/juliettesejourne.com\/en\/wp-json\/wp\/v2\/pages\/388\/revisions"}],"predecessor-version":[{"id":435,"href":"https:\/\/juliettesejourne.com\/en\/wp-json\/wp\/v2\/pages\/388\/revisions\/435"}],"wp:featuredmedia":[{"embeddable":true,"href":"https:\/\/juliettesejourne.com\/en\/wp-json\/wp\/v2\/media\/176"}],"wp:attachment":[{"href":"https:\/\/juliettesejourne.com\/en\/wp-json\/wp\/v2\/media?parent=388"}],"curies":[{"name":"wp","href":"https:\/\/api.w.org\/{rel}","templated":true}]}}