{"id":392,"date":"2023-08-18T19:20:02","date_gmt":"2023-08-18T17:20:02","guid":{"rendered":"https:\/\/juliettesejourne.com\/?page_id=392"},"modified":"2023-08-21T13:28:26","modified_gmt":"2023-08-21T11:28:26","slug":"traviata-vous-meritez-un-avenir-meilleur","status":"publish","type":"page","link":"https:\/\/juliettesejourne.com\/en\/traviata-vous-meritez-un-avenir-meilleur\/","title":{"rendered":"Traviata, Vous M\u00e9ritez un avenir meilleur"},"content":{"rendered":"<p><em>Adapted of <em>Traviata<\/em> from Verdi<\/em><\/p>\n\n\n\n<div style=\"height:10px\" aria-hidden=\"true\" class=\"wp-block-spacer\"><\/div>\n\n\n\n<p>Performance of Flora in 2018-2019<\/p>\n\n\n\n<p>Dramaturgy, assistant director, subtitles creation&nbsp;<\/p>\n\n\n\n<div style=\"height:10px\" aria-hidden=\"true\" class=\"wp-block-spacer\"><\/div>\n\n\n\n<blockquote class=\"wp-block-quote is-layout-flow wp-block-quote-is-layout-flow\">\n<p>Created in Septembre 2016 at Bouffes du Nord, Paris<\/p>\n\n\n\n<p>International tour 2016-2019<\/p>\n\n\n\n<p>Photo credit: Simon Gosselin<\/p>\n\n\n\n<p>Conception: Benjamin Lazar,\u00a0Florent Hubert\u00a0and\u00a0Judith Chemla<\/p>\n\n\n\n<p>Direction:\u00a0Benjamin Lazar\u2028<\/p>\n\n\n\n<p>Arrangements and musical direction: Florent Hubert\u00a0and\u00a0Paul Escobar<\/p>\n<\/blockquote>\n\n\n\n<div style=\"height:10px\" aria-hidden=\"true\" class=\"wp-block-spacer\"><\/div>\n\n\n\n<p>\"A obsessive and paradoxical perfume of dream and reality floats around&nbsp;<em>Traviata<\/em>, as if the life and death of this so-called \"rogue\" woman seemed both more real and more elusive than those of other lyrical heroines. Giuseppe Verdi managed to imbue his musical fabric with this perfume of rare flower essences, alcohols, medicines, caressed skin and supposedly odourless silver, just as it had evaporated from the story of the courtesan Marie Duplessis, who died in 1847, six years before the opera's premiere in Venice.<br>In&nbsp;<em>\"Traviata - Vous m\u00e9ritez un avenir meilleur\"<\/em>, the audience is invited into the intimacy of Violetta to get a close-up view of the fire in which she indulges, among the guests at this musical and phantasmagorical feast where theatre and opera, spoken voices and sung voices mingle, where the distinction between instrumentalists and singers is blurred, where Charles Baudelaire sits next to Christophe Tarkos and where the ghosts of this Paris in the throes of an industrial boom whose future we are now living through sing and die.\" Benjamin Lazar (translated)<\/p>\n\n\n\n<div style=\"height:10px\" aria-hidden=\"true\" class=\"wp-block-spacer\"><\/div>\n\n\n\n<figure class=\"wp-block-image size-full\"><img loading=\"lazy\" decoding=\"async\" width=\"800\" height=\"534\" src=\"https:\/\/juliettesejourne.com\/wp-content\/uploads\/2023\/08\/Traviata-\u00a9-Simon-Gosselin2_800.jpeg\" alt=\"\" class=\"wp-image-575\" srcset=\"https:\/\/juliettesejourne.com\/wp-content\/uploads\/2023\/08\/Traviata-\u00a9-Simon-Gosselin2_800.jpeg 800w, https:\/\/juliettesejourne.com\/wp-content\/uploads\/2023\/08\/Traviata-\u00a9-Simon-Gosselin2_800-300x200.jpeg 300w, https:\/\/juliettesejourne.com\/wp-content\/uploads\/2023\/08\/Traviata-\u00a9-Simon-Gosselin2_800-768x513.jpeg 768w, https:\/\/juliettesejourne.com\/wp-content\/uploads\/2023\/08\/Traviata-\u00a9-Simon-Gosselin2_800-18x12.jpeg 18w\" sizes=\"auto, (max-width: 800px) 100vw, 800px\" \/><\/figure>\n\n\n\n<figure class=\"wp-block-image size-full\"><img loading=\"lazy\" decoding=\"async\" width=\"800\" height=\"534\" src=\"https:\/\/juliettesejourne.com\/wp-content\/uploads\/2023\/08\/Traviata-\u00a9-Simon-Gosselin3_800.jpeg\" alt=\"\" class=\"wp-image-576\" srcset=\"https:\/\/juliettesejourne.com\/wp-content\/uploads\/2023\/08\/Traviata-\u00a9-Simon-Gosselin3_800.jpeg 800w, https:\/\/juliettesejourne.com\/wp-content\/uploads\/2023\/08\/Traviata-\u00a9-Simon-Gosselin3_800-300x200.jpeg 300w, https:\/\/juliettesejourne.com\/wp-content\/uploads\/2023\/08\/Traviata-\u00a9-Simon-Gosselin3_800-768x513.jpeg 768w, https:\/\/juliettesejourne.com\/wp-content\/uploads\/2023\/08\/Traviata-\u00a9-Simon-Gosselin3_800-18x12.jpeg 18w\" sizes=\"auto, (max-width: 800px) 100vw, 800px\" \/><\/figure>","protected":false},"excerpt":{"rendered":"<p>Adaptation de La Traviata de Verdi Interpr\u00e9tation dans le r\u00f4le de Flora en 2018-2019 Travail de dramaturgie, assistanat \u00e0 la mise en sc\u00e8ne, cr\u00e9ation du sur-titrage&nbsp; Cr\u00e9ation en septembre 2016 aux Bouffes du Nord, Paris Tourn\u00e9e internationale 2016-2019 Cr\u00e9dit photo : Simon Gosselin Conception : Benjamin Lazar, Florent Hubert et Judith Chemla Mise en sc\u00e8ne [&hellip;]<\/p>","protected":false},"author":1,"featured_media":182,"parent":0,"menu_order":0,"comment_status":"closed","ping_status":"closed","template":"wp-custom-template-modele-projet","meta":{"_monsterinsights_skip_tracking":false,"_monsterinsights_sitenote_active":false,"_monsterinsights_sitenote_note":"","_monsterinsights_sitenote_category":0,"footnotes":""},"class_list":["post-392","page","type-page","status-publish","has-post-thumbnail","hentry"],"yoast_head":"<!-- This site is optimized with the Yoast SEO plugin v24.8.1 - https:\/\/yoast.com\/wordpress\/plugins\/seo\/ -->\n<title>Traviata, Vous M\u00e9ritez un avenir meilleur - Juliette Sejourn\u00e9<\/title>\n<meta name=\"robots\" content=\"index, follow, max-snippet:-1, max-image-preview:large, max-video-preview:-1\" \/>\n<link rel=\"canonical\" href=\"https:\/\/juliettesejourne.com\/en\/traviata-vous-meritez-un-avenir-meilleur\/\" \/>\n<meta property=\"og:locale\" content=\"en_GB\" \/>\n<meta property=\"og:type\" content=\"article\" \/>\n<meta property=\"og:title\" content=\"Traviata, Vous M\u00e9ritez un avenir meilleur - Juliette Sejourn\u00e9\" \/>\n<meta property=\"og:description\" content=\"Adaptation de La Traviata de Verdi Interpr\u00e9tation dans le r\u00f4le de Flora en 2018-2019 Travail de dramaturgie, assistanat \u00e0 la mise en sc\u00e8ne, cr\u00e9ation du sur-titrage&nbsp; Cr\u00e9ation en septembre 2016 aux Bouffes du Nord, Paris Tourn\u00e9e internationale 2016-2019 Cr\u00e9dit photo : Simon Gosselin Conception : Benjamin Lazar, Florent Hubert et Judith Chemla Mise en sc\u00e8ne [&hellip;]\" \/>\n<meta property=\"og:url\" content=\"https:\/\/juliettesejourne.com\/en\/traviata-vous-meritez-un-avenir-meilleur\/\" \/>\n<meta property=\"og:site_name\" content=\"Juliette Sejourn\u00e9\" \/>\n<meta property=\"article:modified_time\" content=\"2023-08-21T11:28:26+00:00\" \/>\n<meta property=\"og:image\" content=\"https:\/\/juliettesejourne.com\/wp-content\/uploads\/2023\/08\/Traviata-\u00a9-Simon-Gosselin_400.jpeg\" \/>\n\t<meta property=\"og:image:width\" content=\"400\" \/>\n\t<meta property=\"og:image:height\" content=\"267\" \/>\n\t<meta property=\"og:image:type\" content=\"image\/jpeg\" \/>\n<meta name=\"twitter:card\" content=\"summary_large_image\" \/>\n<meta name=\"twitter:label1\" content=\"Estimated reading time\" \/>\n\t<meta name=\"twitter:data1\" content=\"1 minute\" \/>\n<script type=\"application\/ld+json\" class=\"yoast-schema-graph\">{\"@context\":\"https:\/\/schema.org\",\"@graph\":[{\"@type\":\"WebPage\",\"@id\":\"https:\/\/juliettesejourne.com\/traviata-vous-meritez-un-avenir-meilleur\/\",\"url\":\"https:\/\/juliettesejourne.com\/traviata-vous-meritez-un-avenir-meilleur\/\",\"name\":\"Traviata, Vous M\u00e9ritez un avenir meilleur - Juliette Sejourn\u00e9\",\"isPartOf\":{\"@id\":\"https:\/\/juliettesejourne.com\/#website\"},\"primaryImageOfPage\":{\"@id\":\"https:\/\/juliettesejourne.com\/traviata-vous-meritez-un-avenir-meilleur\/#primaryimage\"},\"image\":{\"@id\":\"https:\/\/juliettesejourne.com\/traviata-vous-meritez-un-avenir-meilleur\/#primaryimage\"},\"thumbnailUrl\":\"https:\/\/juliettesejourne.com\/wp-content\/uploads\/2023\/08\/Traviata-\u00a9-Simon-Gosselin_400.jpeg\",\"datePublished\":\"2023-08-18T17:20:02+00:00\",\"dateModified\":\"2023-08-21T11:28:26+00:00\",\"breadcrumb\":{\"@id\":\"https:\/\/juliettesejourne.com\/traviata-vous-meritez-un-avenir-meilleur\/#breadcrumb\"},\"inLanguage\":\"en-GB\",\"potentialAction\":[{\"@type\":\"ReadAction\",\"target\":[\"https:\/\/juliettesejourne.com\/traviata-vous-meritez-un-avenir-meilleur\/\"]}]},{\"@type\":\"ImageObject\",\"inLanguage\":\"en-GB\",\"@id\":\"https:\/\/juliettesejourne.com\/traviata-vous-meritez-un-avenir-meilleur\/#primaryimage\",\"url\":\"https:\/\/juliettesejourne.com\/wp-content\/uploads\/2023\/08\/Traviata-\u00a9-Simon-Gosselin_400.jpeg\",\"contentUrl\":\"https:\/\/juliettesejourne.com\/wp-content\/uploads\/2023\/08\/Traviata-\u00a9-Simon-Gosselin_400.jpeg\",\"width\":400,\"height\":267},{\"@type\":\"BreadcrumbList\",\"@id\":\"https:\/\/juliettesejourne.com\/traviata-vous-meritez-un-avenir-meilleur\/#breadcrumb\",\"itemListElement\":[{\"@type\":\"ListItem\",\"position\":1,\"name\":\"Accueil\",\"item\":\"https:\/\/juliettesejourne.com\/\"},{\"@type\":\"ListItem\",\"position\":2,\"name\":\"Traviata, Vous M\u00e9ritez un avenir meilleur\"}]},{\"@type\":\"WebSite\",\"@id\":\"https:\/\/juliettesejourne.com\/#website\",\"url\":\"https:\/\/juliettesejourne.com\/\",\"name\":\"Juliette S\u00e9journ\u00e9\",\"description\":\"Juliette Sejourn\u00e9\",\"potentialAction\":[{\"@type\":\"SearchAction\",\"target\":{\"@type\":\"EntryPoint\",\"urlTemplate\":\"https:\/\/juliettesejourne.com\/?s={search_term_string}\"},\"query-input\":{\"@type\":\"PropertyValueSpecification\",\"valueRequired\":true,\"valueName\":\"search_term_string\"}}],\"inLanguage\":\"en-GB\"}]}<\/script>\n<!-- \/ Yoast SEO plugin. -->","yoast_head_json":{"title":"Traviata, Vous M\u00e9ritez un avenir meilleur - Juliette Sejourn\u00e9","robots":{"index":"index","follow":"follow","max-snippet":"max-snippet:-1","max-image-preview":"max-image-preview:large","max-video-preview":"max-video-preview:-1"},"canonical":"https:\/\/juliettesejourne.com\/en\/traviata-vous-meritez-un-avenir-meilleur\/","og_locale":"en_GB","og_type":"article","og_title":"Traviata, Vous M\u00e9ritez un avenir meilleur - Juliette Sejourn\u00e9","og_description":"Adaptation de La Traviata de Verdi Interpr\u00e9tation dans le r\u00f4le de Flora en 2018-2019 Travail de dramaturgie, assistanat \u00e0 la mise en sc\u00e8ne, cr\u00e9ation du sur-titrage&nbsp; Cr\u00e9ation en septembre 2016 aux Bouffes du Nord, Paris Tourn\u00e9e internationale 2016-2019 Cr\u00e9dit photo : Simon Gosselin Conception : Benjamin Lazar, Florent Hubert et Judith Chemla Mise en sc\u00e8ne [&hellip;]","og_url":"https:\/\/juliettesejourne.com\/en\/traviata-vous-meritez-un-avenir-meilleur\/","og_site_name":"Juliette Sejourn\u00e9","article_modified_time":"2023-08-21T11:28:26+00:00","og_image":[{"width":400,"height":267,"url":"https:\/\/juliettesejourne.com\/wp-content\/uploads\/2023\/08\/Traviata-\u00a9-Simon-Gosselin_400.jpeg","type":"image\/jpeg"}],"twitter_card":"summary_large_image","twitter_misc":{"Estimated reading time":"1 minute"},"schema":{"@context":"https:\/\/schema.org","@graph":[{"@type":"WebPage","@id":"https:\/\/juliettesejourne.com\/traviata-vous-meritez-un-avenir-meilleur\/","url":"https:\/\/juliettesejourne.com\/traviata-vous-meritez-un-avenir-meilleur\/","name":"Traviata, Vous M\u00e9ritez un avenir meilleur - Juliette Sejourn\u00e9","isPartOf":{"@id":"https:\/\/juliettesejourne.com\/#website"},"primaryImageOfPage":{"@id":"https:\/\/juliettesejourne.com\/traviata-vous-meritez-un-avenir-meilleur\/#primaryimage"},"image":{"@id":"https:\/\/juliettesejourne.com\/traviata-vous-meritez-un-avenir-meilleur\/#primaryimage"},"thumbnailUrl":"https:\/\/juliettesejourne.com\/wp-content\/uploads\/2023\/08\/Traviata-\u00a9-Simon-Gosselin_400.jpeg","datePublished":"2023-08-18T17:20:02+00:00","dateModified":"2023-08-21T11:28:26+00:00","breadcrumb":{"@id":"https:\/\/juliettesejourne.com\/traviata-vous-meritez-un-avenir-meilleur\/#breadcrumb"},"inLanguage":"en-GB","potentialAction":[{"@type":"ReadAction","target":["https:\/\/juliettesejourne.com\/traviata-vous-meritez-un-avenir-meilleur\/"]}]},{"@type":"ImageObject","inLanguage":"en-GB","@id":"https:\/\/juliettesejourne.com\/traviata-vous-meritez-un-avenir-meilleur\/#primaryimage","url":"https:\/\/juliettesejourne.com\/wp-content\/uploads\/2023\/08\/Traviata-\u00a9-Simon-Gosselin_400.jpeg","contentUrl":"https:\/\/juliettesejourne.com\/wp-content\/uploads\/2023\/08\/Traviata-\u00a9-Simon-Gosselin_400.jpeg","width":400,"height":267},{"@type":"BreadcrumbList","@id":"https:\/\/juliettesejourne.com\/traviata-vous-meritez-un-avenir-meilleur\/#breadcrumb","itemListElement":[{"@type":"ListItem","position":1,"name":"Accueil","item":"https:\/\/juliettesejourne.com\/"},{"@type":"ListItem","position":2,"name":"Traviata, Vous M\u00e9ritez un avenir meilleur"}]},{"@type":"WebSite","@id":"https:\/\/juliettesejourne.com\/#website","url":"https:\/\/juliettesejourne.com\/","name":"Juliette S\u00e9journ\u00e9","description":"Juliette Sejourn\u00e9","potentialAction":[{"@type":"SearchAction","target":{"@type":"EntryPoint","urlTemplate":"https:\/\/juliettesejourne.com\/?s={search_term_string}"},"query-input":{"@type":"PropertyValueSpecification","valueRequired":true,"valueName":"search_term_string"}}],"inLanguage":"en-GB"}]}},"_links":{"self":[{"href":"https:\/\/juliettesejourne.com\/en\/wp-json\/wp\/v2\/pages\/392","targetHints":{"allow":["GET"]}}],"collection":[{"href":"https:\/\/juliettesejourne.com\/en\/wp-json\/wp\/v2\/pages"}],"about":[{"href":"https:\/\/juliettesejourne.com\/en\/wp-json\/wp\/v2\/types\/page"}],"author":[{"embeddable":true,"href":"https:\/\/juliettesejourne.com\/en\/wp-json\/wp\/v2\/users\/1"}],"replies":[{"embeddable":true,"href":"https:\/\/juliettesejourne.com\/en\/wp-json\/wp\/v2\/comments?post=392"}],"version-history":[{"count":10,"href":"https:\/\/juliettesejourne.com\/en\/wp-json\/wp\/v2\/pages\/392\/revisions"}],"predecessor-version":[{"id":577,"href":"https:\/\/juliettesejourne.com\/en\/wp-json\/wp\/v2\/pages\/392\/revisions\/577"}],"wp:featuredmedia":[{"embeddable":true,"href":"https:\/\/juliettesejourne.com\/en\/wp-json\/wp\/v2\/media\/182"}],"wp:attachment":[{"href":"https:\/\/juliettesejourne.com\/en\/wp-json\/wp\/v2\/media?parent=392"}],"curies":[{"name":"wp","href":"https:\/\/api.w.org\/{rel}","templated":true}]}}