{"id":394,"date":"2023-08-18T19:20:29","date_gmt":"2023-08-18T17:20:29","guid":{"rendered":"https:\/\/juliettesejourne.com\/?page_id=394"},"modified":"2026-01-31T17:43:05","modified_gmt":"2026-01-31T16:43:05","slug":"ainsi-connu-proche-et-aime","status":"publish","type":"page","link":"https:\/\/juliettesejourne.com\/en\/ainsi-connu-proche-et-aime\/","title":{"rendered":"Lettres \u00e0 Jean-Loup Rivi\u00e8re &#8211; Vieille Petite Fille"},"content":{"rendered":"<p><em>Collaborations avec Juliette Riedler<\/em><\/p>\n\n\n\n<div style=\"height:10px\" aria-hidden=\"true\" class=\"wp-block-spacer\"><\/div>\n\n\n\n<p><\/p>\n\n\n\n<p><strong>LETTRES \u00c0 JEAN-LOUP RIVI\u00c8RE, MOSA\u00cfCODES BROD\u00c9S<\/strong><\/p>\n\n\n\n<p><em>Dispositif d&rsquo;\u00e9coute<\/em><\/p>\n\n\n\n<blockquote class=\"wp-block-quote is-layout-flow wp-block-quote-is-layout-flow\">\n<p>Texte : Juliette Riedler (publi\u00e9 aux \u00e9ditions Tango Girafe)<\/p>\n\n\n\n<p>Lecture : Juliette S\u00e9journ\u00e9<\/p>\n\n\n\n<p>Conception\/r\u00e9alisation : Juliette Riedler &amp; Juliette S\u00e9journ\u00e9<\/p>\n\n\n\n<p>Collaborations : Fr\u00e9d\u00e9ric Bevilacqua, Pierre Nouvel<\/p>\n\n\n\n<p>Pr\u00e9sent\u00e9 \u00e0<\/p>\n\n\n\n<p>Soft Matters, Po\u00e9sies textiles d&rsquo;hier et d&rsquo;aujourd&rsquo;hui. Colloque international. Sorbonne, Paris, 2025<\/p>\n\n\n\n<p>Th\u00e9\u00e2tre des 3T, Saint-Denis, 2025<\/p>\n<\/blockquote>\n\n\n\n<div style=\"height:10px\" aria-hidden=\"true\" class=\"wp-block-spacer\"><\/div>\n\n\n\n<p><em>Lettres \u00e0 Jean-Loup Rivi\u00e8re &#8211; mosa\u00efcodes brod\u00e9s<\/em>&nbsp;est un ensemble de broderies r\u00e9alis\u00e9es au point de croix permettant d\u2019acc\u00e9der \u00e0 la lecture, par Juliette S\u00e9journ\u00e9, de chacune des huit&nbsp;<em>Lettres \u00e0 Jean-Loup Rivi\u00e8re<\/em>, \u00e9crites par Juliette Riedler.<\/p>\n\n\n\n<p><br>L\u2019id\u00e9e de ce dispositif est n\u00e9 du d\u00e9sir de donner acc\u00e8s aux&nbsp;<em>Lettres \u00e0 Jean-Loup Rivi\u00e8re&nbsp;<\/em>dans un format diff\u00e9rent d\u2019une mise en sc\u00e8ne classique. Il \u00e9tait question que cet ensemble de lettres soit en effet pr\u00e9sent\u00e9 en m\u00eame temps qu\u2019une mise en sc\u00e8ne d\u2019un autre texte de l\u2019autrice,&nbsp;<em>Vieille Petite Fille<\/em>. Le souhait \u00e9tait de proposer deux exp\u00e9riences de r\u00e9ception diff\u00e9rentes pour ces deux textes qui parlent chacun \u00e0 leur mani\u00e8re de deuil et d\u2019\u00e9mancipation.<br>Le mosa\u00efcode (commun\u00e9ment \u00ab&nbsp;qr code&nbsp;\u00bb) fonctionne sur le principe du contraste. Nous avons souhait\u00e9 nous r\u00e9approprier le savoir-faire ancien, et typiquement f\u00e9minin, du point de croix, pour le faire rencontrer la technicit\u00e9 \u00e9minemment contemporaine du \u00ab&nbsp;flash code&nbsp;\u00bb, qui permet d\u2019acc\u00e9der \u00e0 tout type de contenu. Ici, c\u2019est sur une piste sonore que l\u2019on arrive, o\u00f9 l\u2019on entend la voix d\u2019une jeune femme qui s\u2019adresse \u00e0 son directeur de th\u00e8se alors qu\u2019il vient tout juste de dispara\u00eetre, la laissant dans la solitude et le d\u00e9sarroi.&nbsp;<\/p>\n\n\n\n<p><br>Juliette est en th\u00e8se, son directeur de recherche soudainement dispara\u00eet. Elle se met alors \u00e0 lui \u00e9crire des lettres pour poursuivre la relation et la clore. Jean-Loup Rivi\u00e8re, sa m\u00e8re, et elle, \u00ab&nbsp;dans le pr\u00e9sent o\u00f9 la mort n\u2019est signifi\u00e9e nulle part, en r\u00e9alit\u00e9, pour que la vie gagne toujours&nbsp;\u00bb (dans les mots d\u2019Annie Ernaux).<\/p>\n\n\n\n<div style=\"height:10px\" aria-hidden=\"true\" class=\"wp-block-spacer\"><\/div>\n\n\n\n<p><em>Lecture-performance<\/em><\/p>\n\n\n\n<blockquote class=\"wp-block-quote is-layout-flow wp-block-quote-is-layout-flow\">\n<p>n partnership with Festival Remue, Compagnie La Hutte, Le Relais Pantin, Universit\u00e9 Paris 8, Festival Existences, Librairie o. (Rond-Point)<\/p>\n\n\n\n<p>Photo credit Suzanne Rault-Balet<\/p>\n<\/blockquote>\n\n\n\n<div style=\"height:10px\" aria-hidden=\"true\" class=\"wp-block-spacer\"><\/div>\n\n\n\n<p>\u00ab\u00a0These letters were written out of necessity. On hearing of the death of Jean-Loup Rivi\u00e8re, my thesis supervisor, I felt the need to pursue the doctorate he had launched me on, submitted a title, and from which I was gradually drifting. Written in a \"scholastic\" context, they question in particular the fantasy of the repetition of misfortune and submission as a woman in a world structured by hierarchical and binary gender relations. \nAfter sitting in a drawer for four years, this text resurfaced at the invitation of Festival Remue#3, organized by Compagnie La Hutte and Le Relais, in Pantin. In the meantime, I had defended my thesis, and the resulting essay, 7 femmes en sc\u00e8ne, \u00c9mancipation d'actrices, was published this autumn 2022 by L'Extr\u00eame contemporain. I asked Juliette S\u00e9journ\u00e9 to interpret this text.\nLike the stage set-up, the interpretation is simple. The idea is to enable the audience to project itself into the mental space (physical and psychic) described by the text, to pay close attention to it, and to follow the imaginative volutes it unfolds. The text thus became a solo for an actress.\u00a0\u00bb Juliette Riedler (translated)&nbsp;<\/p>\n\n\n\n<div style=\"height:10px\" aria-hidden=\"true\" class=\"wp-block-spacer\"><\/div>\n\n\n\n<figure class=\"wp-block-image size-full\"><img loading=\"lazy\" decoding=\"async\" width=\"800\" height=\"462\" src=\"https:\/\/juliettesejourne.com\/wp-content\/uploads\/2023\/08\/Ainsiconnu2_800.jpeg\" alt=\"\" class=\"wp-image-571\" srcset=\"https:\/\/juliettesejourne.com\/wp-content\/uploads\/2023\/08\/Ainsiconnu2_800.jpeg 800w, https:\/\/juliettesejourne.com\/wp-content\/uploads\/2023\/08\/Ainsiconnu2_800-300x173.jpeg 300w, https:\/\/juliettesejourne.com\/wp-content\/uploads\/2023\/08\/Ainsiconnu2_800-768x444.jpeg 768w, https:\/\/juliettesejourne.com\/wp-content\/uploads\/2023\/08\/Ainsiconnu2_800-18x10.jpeg 18w\" sizes=\"auto, (max-width: 800px) 100vw, 800px\" \/><\/figure>\n\n\n\n<figure class=\"wp-block-image size-full\"><img loading=\"lazy\" decoding=\"async\" width=\"800\" height=\"450\" src=\"https:\/\/juliettesejourne.com\/wp-content\/uploads\/2023\/08\/Ainsiconnu3_800.jpeg\" alt=\"\" class=\"wp-image-572\" srcset=\"https:\/\/juliettesejourne.com\/wp-content\/uploads\/2023\/08\/Ainsiconnu3_800.jpeg 800w, https:\/\/juliettesejourne.com\/wp-content\/uploads\/2023\/08\/Ainsiconnu3_800-300x169.jpeg 300w, https:\/\/juliettesejourne.com\/wp-content\/uploads\/2023\/08\/Ainsiconnu3_800-768x432.jpeg 768w, https:\/\/juliettesejourne.com\/wp-content\/uploads\/2023\/08\/Ainsiconnu3_800-18x10.jpeg 18w\" sizes=\"auto, (max-width: 800px) 100vw, 800px\" \/><\/figure>\n\n\n\n<div style=\"height:10px\" aria-hidden=\"true\" class=\"wp-block-spacer\"><\/div>\n\n\n\n<div style=\"height:10px\" aria-hidden=\"true\" class=\"wp-block-spacer\"><\/div>\n\n\n\n<h2 class=\"wp-block-heading\">Vieille Petite Fille<\/h2>\n\n\n\n<p><em>Spectacle<\/em><\/p>\n\n\n\n<blockquote class=\"wp-block-quote is-layout-flow wp-block-quote-is-layout-flow\">\n<p>Written by Juliette Riedler<\/p>\n\n\n\n<p>Direction: Floriane Comm\u00e9l\u00e9ran<\/p>\n\n\n\n<p>Interpretation: Juliette S\u00e9journ\u00e9, India De Almeida, Anthony Audoux<\/p>\n\n\n\n<p>Th\u00e9\u00e2tre de la Reine Blanche (2024),&nbsp;<a href=\"https:\/\/www.festivaldelolmu.fr\/vieillepetitefille\">Festival Olmu<\/a>&nbsp;(2024), Th\u00e9\u00e2tre des 3T (2025)<\/p>\n\n\n\n<p>Photo credit<\/p>\n<\/blockquote>\n\n\n\n<div style=\"height:10px\" aria-hidden=\"true\" class=\"wp-block-spacer\"><\/div>\n\n\n\n<p>Somewhere between a free rewriting of Little Red Riding Hood and autofiction,&nbsp;<em>Vieille petite fille<\/em>&nbsp;est un r\u00e9cit d\u2019\u00e9mancipation qui s\u2019appuie sur le c\u00e9l\u00e8bre conte pour mettre au grand jour les m\u00e9canismes d\u2019ali\u00e9nation entretenus par les femmes. La pi\u00e8ce interroge la formation et l\u2019inscription du d\u00e9sir d\u2019une jeune femme qui tente de s\u2019affranchir de son destin f\u00e9minin et familial pour d\u00e9couvrir sa libert\u00e9 propre.<\/p>\n\n\n\n<figure class=\"wp-block-embed is-type-video is-provider-vimeo wp-block-embed-vimeo\"><div class=\"wp-block-embed__wrapper\">\n<iframe loading=\"lazy\" title=\"Vieille Petite Fille Teaser\" src=\"https:\/\/player.vimeo.com\/video\/1011254047?dnt=1&amp;app_id=122963\" width=\"500\" height=\"264\" frameborder=\"0\" allow=\"autoplay; fullscreen; picture-in-picture; clipboard-write; encrypted-media; web-share\" referrerpolicy=\"strict-origin-when-cross-origin\"><\/iframe>\n<\/div><\/figure>\n\n\n\n<figure class=\"wp-block-image\"><img decoding=\"async\" src=\"https:\/\/juliettesejourne.com\/wp-content\/uploads\/2024\/10\/Vieille-petite-fille_800.jpeg\" alt=\"\"\/><\/figure>","protected":false},"excerpt":{"rendered":"<p>Collaborations avec Juliette Riedler LETTRES \u00c0 JEAN-LOUP RIVI\u00c8RE, MOSA\u00cfCODES BROD\u00c9S Dispositif d&rsquo;\u00e9coute Texte : Juliette Riedler (publi\u00e9 aux \u00e9ditions Tango Girafe) Lecture : Juliette S\u00e9journ\u00e9 Conception\/r\u00e9alisation : Juliette Riedler &amp; Juliette S\u00e9journ\u00e9 Collaborations : Fr\u00e9d\u00e9ric Bevilacqua, Pierre Nouvel Pr\u00e9sent\u00e9 \u00e0 Soft Matters, Po\u00e9sies textiles d&rsquo;hier et d&rsquo;aujourd&rsquo;hui. Colloque international. Sorbonne, Paris, 2025 Th\u00e9\u00e2tre des 3T, [&hellip;]<\/p>","protected":false},"author":1,"featured_media":986,"parent":0,"menu_order":0,"comment_status":"closed","ping_status":"closed","template":"wp-custom-template-modele-projet","meta":{"_monsterinsights_skip_tracking":false,"_monsterinsights_sitenote_active":false,"_monsterinsights_sitenote_note":"","_monsterinsights_sitenote_category":0,"footnotes":""},"class_list":["post-394","page","type-page","status-publish","has-post-thumbnail","hentry"],"yoast_head":"<!-- This site is optimized with the Yoast SEO plugin v24.8.1 - https:\/\/yoast.com\/wordpress\/plugins\/seo\/ -->\n<title>Lettres \u00e0 Jean-Loup Rivi\u00e8re - Vieille Petite Fille - Juliette Sejourn\u00e9<\/title>\n<meta name=\"robots\" content=\"index, follow, max-snippet:-1, max-image-preview:large, max-video-preview:-1\" \/>\n<link rel=\"canonical\" href=\"https:\/\/juliettesejourne.com\/en\/ainsi-connu-proche-et-aime\/\" \/>\n<meta property=\"og:locale\" content=\"en_GB\" \/>\n<meta property=\"og:type\" content=\"article\" \/>\n<meta property=\"og:title\" content=\"Lettres \u00e0 Jean-Loup Rivi\u00e8re - Vieille Petite Fille - Juliette Sejourn\u00e9\" \/>\n<meta property=\"og:description\" content=\"Collaborations avec Juliette Riedler LETTRES \u00c0 JEAN-LOUP RIVI\u00c8RE, MOSA\u00cfCODES BROD\u00c9S Dispositif d&rsquo;\u00e9coute Texte : Juliette Riedler (publi\u00e9 aux \u00e9ditions Tango Girafe) Lecture : Juliette S\u00e9journ\u00e9 Conception\/r\u00e9alisation : Juliette Riedler &amp; Juliette S\u00e9journ\u00e9 Collaborations : Fr\u00e9d\u00e9ric Bevilacqua, Pierre Nouvel Pr\u00e9sent\u00e9 \u00e0 Soft Matters, Po\u00e9sies textiles d&rsquo;hier et d&rsquo;aujourd&rsquo;hui. Colloque international. Sorbonne, Paris, 2025 Th\u00e9\u00e2tre des 3T, [&hellip;]\" \/>\n<meta property=\"og:url\" content=\"https:\/\/juliettesejourne.com\/en\/ainsi-connu-proche-et-aime\/\" \/>\n<meta property=\"og:site_name\" content=\"Juliette Sejourn\u00e9\" \/>\n<meta property=\"article:modified_time\" content=\"2026-01-31T16:43:05+00:00\" \/>\n<meta property=\"og:image\" content=\"https:\/\/juliettesejourne.com\/wp-content\/uploads\/2026\/01\/mosaicode_800.jpeg\" \/>\n\t<meta property=\"og:image:width\" content=\"800\" \/>\n\t<meta property=\"og:image:height\" content=\"1067\" \/>\n\t<meta property=\"og:image:type\" content=\"image\/jpeg\" \/>\n<meta name=\"twitter:card\" content=\"summary_large_image\" \/>\n<meta name=\"twitter:label1\" content=\"Estimated reading time\" \/>\n\t<meta name=\"twitter:data1\" content=\"4 minutes\" \/>\n<script type=\"application\/ld+json\" class=\"yoast-schema-graph\">{\"@context\":\"https:\/\/schema.org\",\"@graph\":[{\"@type\":\"WebPage\",\"@id\":\"https:\/\/juliettesejourne.com\/ainsi-connu-proche-et-aime\/\",\"url\":\"https:\/\/juliettesejourne.com\/ainsi-connu-proche-et-aime\/\",\"name\":\"Lettres \u00e0 Jean-Loup Rivi\u00e8re - Vieille Petite Fille - Juliette Sejourn\u00e9\",\"isPartOf\":{\"@id\":\"https:\/\/juliettesejourne.com\/#website\"},\"primaryImageOfPage\":{\"@id\":\"https:\/\/juliettesejourne.com\/ainsi-connu-proche-et-aime\/#primaryimage\"},\"image\":{\"@id\":\"https:\/\/juliettesejourne.com\/ainsi-connu-proche-et-aime\/#primaryimage\"},\"thumbnailUrl\":\"https:\/\/juliettesejourne.com\/wp-content\/uploads\/2026\/01\/mosaicode_800.jpeg\",\"datePublished\":\"2023-08-18T17:20:29+00:00\",\"dateModified\":\"2026-01-31T16:43:05+00:00\",\"breadcrumb\":{\"@id\":\"https:\/\/juliettesejourne.com\/ainsi-connu-proche-et-aime\/#breadcrumb\"},\"inLanguage\":\"en-GB\",\"potentialAction\":[{\"@type\":\"ReadAction\",\"target\":[\"https:\/\/juliettesejourne.com\/ainsi-connu-proche-et-aime\/\"]}]},{\"@type\":\"ImageObject\",\"inLanguage\":\"en-GB\",\"@id\":\"https:\/\/juliettesejourne.com\/ainsi-connu-proche-et-aime\/#primaryimage\",\"url\":\"https:\/\/juliettesejourne.com\/wp-content\/uploads\/2026\/01\/mosaicode_800.jpeg\",\"contentUrl\":\"https:\/\/juliettesejourne.com\/wp-content\/uploads\/2026\/01\/mosaicode_800.jpeg\",\"width\":800,\"height\":1067},{\"@type\":\"BreadcrumbList\",\"@id\":\"https:\/\/juliettesejourne.com\/ainsi-connu-proche-et-aime\/#breadcrumb\",\"itemListElement\":[{\"@type\":\"ListItem\",\"position\":1,\"name\":\"Accueil\",\"item\":\"https:\/\/juliettesejourne.com\/\"},{\"@type\":\"ListItem\",\"position\":2,\"name\":\"Lettres \u00e0 Jean-Loup Rivi\u00e8re &#8211; Vieille Petite Fille\"}]},{\"@type\":\"WebSite\",\"@id\":\"https:\/\/juliettesejourne.com\/#website\",\"url\":\"https:\/\/juliettesejourne.com\/\",\"name\":\"Juliette S\u00e9journ\u00e9\",\"description\":\"Juliette Sejourn\u00e9\",\"potentialAction\":[{\"@type\":\"SearchAction\",\"target\":{\"@type\":\"EntryPoint\",\"urlTemplate\":\"https:\/\/juliettesejourne.com\/?s={search_term_string}\"},\"query-input\":{\"@type\":\"PropertyValueSpecification\",\"valueRequired\":true,\"valueName\":\"search_term_string\"}}],\"inLanguage\":\"en-GB\"}]}<\/script>\n<!-- \/ Yoast SEO plugin. -->","yoast_head_json":{"title":"Lettres \u00e0 Jean-Loup Rivi\u00e8re - Vieille Petite Fille - Juliette Sejourn\u00e9","robots":{"index":"index","follow":"follow","max-snippet":"max-snippet:-1","max-image-preview":"max-image-preview:large","max-video-preview":"max-video-preview:-1"},"canonical":"https:\/\/juliettesejourne.com\/en\/ainsi-connu-proche-et-aime\/","og_locale":"en_GB","og_type":"article","og_title":"Lettres \u00e0 Jean-Loup Rivi\u00e8re - Vieille Petite Fille - Juliette Sejourn\u00e9","og_description":"Collaborations avec Juliette Riedler LETTRES \u00c0 JEAN-LOUP RIVI\u00c8RE, MOSA\u00cfCODES BROD\u00c9S Dispositif d&rsquo;\u00e9coute Texte : Juliette Riedler (publi\u00e9 aux \u00e9ditions Tango Girafe) Lecture : Juliette S\u00e9journ\u00e9 Conception\/r\u00e9alisation : Juliette Riedler &amp; Juliette S\u00e9journ\u00e9 Collaborations : Fr\u00e9d\u00e9ric Bevilacqua, Pierre Nouvel Pr\u00e9sent\u00e9 \u00e0 Soft Matters, Po\u00e9sies textiles d&rsquo;hier et d&rsquo;aujourd&rsquo;hui. Colloque international. Sorbonne, Paris, 2025 Th\u00e9\u00e2tre des 3T, [&hellip;]","og_url":"https:\/\/juliettesejourne.com\/en\/ainsi-connu-proche-et-aime\/","og_site_name":"Juliette Sejourn\u00e9","article_modified_time":"2026-01-31T16:43:05+00:00","og_image":[{"width":800,"height":1067,"url":"https:\/\/juliettesejourne.com\/wp-content\/uploads\/2026\/01\/mosaicode_800.jpeg","type":"image\/jpeg"}],"twitter_card":"summary_large_image","twitter_misc":{"Estimated reading time":"4 minutes"},"schema":{"@context":"https:\/\/schema.org","@graph":[{"@type":"WebPage","@id":"https:\/\/juliettesejourne.com\/ainsi-connu-proche-et-aime\/","url":"https:\/\/juliettesejourne.com\/ainsi-connu-proche-et-aime\/","name":"Lettres \u00e0 Jean-Loup Rivi\u00e8re - Vieille Petite Fille - Juliette Sejourn\u00e9","isPartOf":{"@id":"https:\/\/juliettesejourne.com\/#website"},"primaryImageOfPage":{"@id":"https:\/\/juliettesejourne.com\/ainsi-connu-proche-et-aime\/#primaryimage"},"image":{"@id":"https:\/\/juliettesejourne.com\/ainsi-connu-proche-et-aime\/#primaryimage"},"thumbnailUrl":"https:\/\/juliettesejourne.com\/wp-content\/uploads\/2026\/01\/mosaicode_800.jpeg","datePublished":"2023-08-18T17:20:29+00:00","dateModified":"2026-01-31T16:43:05+00:00","breadcrumb":{"@id":"https:\/\/juliettesejourne.com\/ainsi-connu-proche-et-aime\/#breadcrumb"},"inLanguage":"en-GB","potentialAction":[{"@type":"ReadAction","target":["https:\/\/juliettesejourne.com\/ainsi-connu-proche-et-aime\/"]}]},{"@type":"ImageObject","inLanguage":"en-GB","@id":"https:\/\/juliettesejourne.com\/ainsi-connu-proche-et-aime\/#primaryimage","url":"https:\/\/juliettesejourne.com\/wp-content\/uploads\/2026\/01\/mosaicode_800.jpeg","contentUrl":"https:\/\/juliettesejourne.com\/wp-content\/uploads\/2026\/01\/mosaicode_800.jpeg","width":800,"height":1067},{"@type":"BreadcrumbList","@id":"https:\/\/juliettesejourne.com\/ainsi-connu-proche-et-aime\/#breadcrumb","itemListElement":[{"@type":"ListItem","position":1,"name":"Accueil","item":"https:\/\/juliettesejourne.com\/"},{"@type":"ListItem","position":2,"name":"Lettres \u00e0 Jean-Loup Rivi\u00e8re &#8211; Vieille Petite Fille"}]},{"@type":"WebSite","@id":"https:\/\/juliettesejourne.com\/#website","url":"https:\/\/juliettesejourne.com\/","name":"Juliette S\u00e9journ\u00e9","description":"Juliette Sejourn\u00e9","potentialAction":[{"@type":"SearchAction","target":{"@type":"EntryPoint","urlTemplate":"https:\/\/juliettesejourne.com\/?s={search_term_string}"},"query-input":{"@type":"PropertyValueSpecification","valueRequired":true,"valueName":"search_term_string"}}],"inLanguage":"en-GB"}]}},"_links":{"self":[{"href":"https:\/\/juliettesejourne.com\/en\/wp-json\/wp\/v2\/pages\/394","targetHints":{"allow":["GET"]}}],"collection":[{"href":"https:\/\/juliettesejourne.com\/en\/wp-json\/wp\/v2\/pages"}],"about":[{"href":"https:\/\/juliettesejourne.com\/en\/wp-json\/wp\/v2\/types\/page"}],"author":[{"embeddable":true,"href":"https:\/\/juliettesejourne.com\/en\/wp-json\/wp\/v2\/users\/1"}],"replies":[{"embeddable":true,"href":"https:\/\/juliettesejourne.com\/en\/wp-json\/wp\/v2\/comments?post=394"}],"version-history":[{"count":15,"href":"https:\/\/juliettesejourne.com\/en\/wp-json\/wp\/v2\/pages\/394\/revisions"}],"predecessor-version":[{"id":985,"href":"https:\/\/juliettesejourne.com\/en\/wp-json\/wp\/v2\/pages\/394\/revisions\/985"}],"wp:featuredmedia":[{"embeddable":true,"href":"https:\/\/juliettesejourne.com\/en\/wp-json\/wp\/v2\/media\/986"}],"wp:attachment":[{"href":"https:\/\/juliettesejourne.com\/en\/wp-json\/wp\/v2\/media?parent=394"}],"curies":[{"name":"wp","href":"https:\/\/api.w.org\/{rel}","templated":true}]}}