{"id":396,"date":"2023-08-18T19:21:00","date_gmt":"2023-08-18T17:21:00","guid":{"rendered":"https:\/\/juliettesejourne.com\/?page_id=396"},"modified":"2023-08-23T23:19:29","modified_gmt":"2023-08-23T21:19:29","slug":"al-qamar-de-marielle-chabal","status":"publish","type":"page","link":"https:\/\/juliettesejourne.com\/en\/al-qamar-de-marielle-chabal\/","title":{"rendered":"Al Qamar"},"content":{"rendered":"<p><em>Vid\u00e9o <\/em>from Marielle Chabal&nbsp;<\/p>\n\n\n\n<div style=\"height:10px\" aria-hidden=\"true\" class=\"wp-block-spacer\"><\/div>\n\n\n\n<p>Participation and performance : Juliette S\u00e9journ\u00e9<\/p>\n\n\n\n<blockquote class=\"wp-block-quote is-layout-flow wp-block-quote-is-layout-flow\">\n<p>Palais de Tokyo (2019), Centre Pompidou (2023)<\/p>\n\n\n\n<p>Video\/photo credit Simon Bonanni<\/p>\n<\/blockquote>\n\n\n\n<div style=\"height:10px\" aria-hidden=\"true\" class=\"wp-block-spacer\"><\/div>\n\n\n\n<p><em>Al Qamar&nbsp;<\/em>Al Qamar (2019) revolves around a fictional account of the construction of an ultra-libertarian city by the Halmens, a community of feminist hackers. The Halmens are behind a series of computer attacks targeting the international monetary system, leading to the collapse of the capitalist system in 2024. A time of renewal and experimentation with societal models, which Marielle Chabal calls the \"RESET\", is thus made possible. The city of Al Qamar, which takes its name from the 54th Sura of the Koran (\"the hour draws near and the moon is split\"), was born in Palestine.<\/p>\n\n\n\n<p>Marielle Chabal's work is based on a transdisciplinary, collaborative approach: for&nbsp;<em>Al Qamar<\/em>, she invited around a hundred artists, urban planners, architects and actors from the art world to work with her to construct the fiction.<\/p>\n\n\n\n<p><em>Al Qamar<\/em> Al Qamar was born of the need to rethink the foundations of our social life, and is the site of a utopia. Founded on feminist values and a rejection of the old capitalist system, it promises the possibility of rebirth. Erected on a former Israeli settlement on the outskirts of Jericho, it nonetheless seems to come up against its own limits<\/p>\n\n\n\n<div style=\"height:10px\" aria-hidden=\"true\" class=\"wp-block-spacer\"><\/div>\n\n\n\n<div style=\"height:10px\" aria-hidden=\"true\" class=\"wp-block-spacer\"><\/div>\n\n\n\n<div style=\"height:10px\" aria-hidden=\"true\" class=\"wp-block-spacer\"><\/div>\n\n\n\n<figure class=\"wp-block-embed is-type-video is-provider-vimeo wp-block-embed-vimeo wp-embed-aspect-16-9 wp-has-aspect-ratio\"><div class=\"wp-block-embed__wrapper\">\n<iframe loading=\"lazy\" title=\"Irene, dans AlQamar de Marielle Chabal\" src=\"https:\/\/player.vimeo.com\/video\/834870715?dnt=1&amp;app_id=122963\" width=\"500\" height=\"281\" frameborder=\"0\" allow=\"autoplay; fullscreen; picture-in-picture; clipboard-write\"><\/iframe>\n<\/div><figcaption class=\"wp-element-caption\">Extrait d&rsquo;<em>Al Qamar<\/em> de Marielle Chabal \/ \u00ab\u00a0Irene\u00a0\u00bb<\/figcaption><\/figure>","protected":false},"excerpt":{"rendered":"<p>Vid\u00e9o de Marielle Chabal&nbsp; Participation et interpr\u00e9tation : Juliette S\u00e9journ\u00e9 Palais de Tokyo (2019), Centre Pompidou (2023) Cr\u00e9dit photo\/vid\u00e9o Simon Bonanni Al Qamar&nbsp;(2019), s\u2019orchestre autour d\u2019une fiction d\u2019anticipation relatant l\u2019\u00e9rection d\u2019une cit\u00e9 ultra-libertaire par les Halmens, communaut\u00e9 de hackeuses f\u00e9ministes. Ces derni\u00e8res sont \u00e0 l\u2019origine d\u2019une s\u00e9rie d\u2019attaques informatiques visant le syst\u00e8me mon\u00e9taire international et [&hellip;]<\/p>","protected":false},"author":1,"featured_media":181,"parent":0,"menu_order":0,"comment_status":"closed","ping_status":"closed","template":"wp-custom-template-modele-projet","meta":{"_monsterinsights_skip_tracking":false,"_monsterinsights_sitenote_active":false,"_monsterinsights_sitenote_note":"","_monsterinsights_sitenote_category":0,"footnotes":""},"class_list":["post-396","page","type-page","status-publish","has-post-thumbnail","hentry"],"yoast_head":"<!-- This site is optimized with the Yoast SEO plugin v24.8.1 - https:\/\/yoast.com\/wordpress\/plugins\/seo\/ -->\n<title>Al Qamar - Juliette Sejourn\u00e9<\/title>\n<meta name=\"robots\" content=\"index, follow, max-snippet:-1, max-image-preview:large, max-video-preview:-1\" \/>\n<link rel=\"canonical\" href=\"https:\/\/juliettesejourne.com\/en\/al-qamar-de-marielle-chabal\/\" \/>\n<meta property=\"og:locale\" content=\"en_GB\" \/>\n<meta property=\"og:type\" content=\"article\" \/>\n<meta property=\"og:title\" content=\"Al Qamar - Juliette Sejourn\u00e9\" \/>\n<meta property=\"og:description\" content=\"Vid\u00e9o de Marielle Chabal&nbsp; Participation et interpr\u00e9tation : Juliette S\u00e9journ\u00e9 Palais de Tokyo (2019), Centre Pompidou (2023) Cr\u00e9dit photo\/vid\u00e9o Simon Bonanni Al Qamar&nbsp;(2019), s\u2019orchestre autour d\u2019une fiction d\u2019anticipation relatant l\u2019\u00e9rection d\u2019une cit\u00e9 ultra-libertaire par les Halmens, communaut\u00e9 de hackeuses f\u00e9ministes. Ces derni\u00e8res sont \u00e0 l\u2019origine d\u2019une s\u00e9rie d\u2019attaques informatiques visant le syst\u00e8me mon\u00e9taire international et [&hellip;]\" \/>\n<meta property=\"og:url\" content=\"https:\/\/juliettesejourne.com\/en\/al-qamar-de-marielle-chabal\/\" \/>\n<meta property=\"og:site_name\" content=\"Juliette Sejourn\u00e9\" \/>\n<meta property=\"article:modified_time\" content=\"2023-08-23T21:19:29+00:00\" \/>\n<meta property=\"og:image\" content=\"https:\/\/juliettesejourne.com\/wp-content\/uploads\/2023\/08\/PHOTO-QAMAR-2_400.jpeg\" \/>\n\t<meta property=\"og:image:width\" content=\"400\" \/>\n\t<meta property=\"og:image:height\" content=\"225\" \/>\n\t<meta property=\"og:image:type\" content=\"image\/jpeg\" \/>\n<meta name=\"twitter:card\" content=\"summary_large_image\" \/>\n<meta name=\"twitter:label1\" content=\"Estimated reading time\" \/>\n\t<meta name=\"twitter:data1\" content=\"1 minute\" \/>\n<script type=\"application\/ld+json\" class=\"yoast-schema-graph\">{\"@context\":\"https:\/\/schema.org\",\"@graph\":[{\"@type\":\"WebPage\",\"@id\":\"https:\/\/juliettesejourne.com\/al-qamar-de-marielle-chabal\/\",\"url\":\"https:\/\/juliettesejourne.com\/al-qamar-de-marielle-chabal\/\",\"name\":\"Al Qamar - Juliette Sejourn\u00e9\",\"isPartOf\":{\"@id\":\"https:\/\/juliettesejourne.com\/#website\"},\"primaryImageOfPage\":{\"@id\":\"https:\/\/juliettesejourne.com\/al-qamar-de-marielle-chabal\/#primaryimage\"},\"image\":{\"@id\":\"https:\/\/juliettesejourne.com\/al-qamar-de-marielle-chabal\/#primaryimage\"},\"thumbnailUrl\":\"https:\/\/juliettesejourne.com\/wp-content\/uploads\/2023\/08\/PHOTO-QAMAR-2_400.jpeg\",\"datePublished\":\"2023-08-18T17:21:00+00:00\",\"dateModified\":\"2023-08-23T21:19:29+00:00\",\"breadcrumb\":{\"@id\":\"https:\/\/juliettesejourne.com\/al-qamar-de-marielle-chabal\/#breadcrumb\"},\"inLanguage\":\"en-GB\",\"potentialAction\":[{\"@type\":\"ReadAction\",\"target\":[\"https:\/\/juliettesejourne.com\/al-qamar-de-marielle-chabal\/\"]}]},{\"@type\":\"ImageObject\",\"inLanguage\":\"en-GB\",\"@id\":\"https:\/\/juliettesejourne.com\/al-qamar-de-marielle-chabal\/#primaryimage\",\"url\":\"https:\/\/juliettesejourne.com\/wp-content\/uploads\/2023\/08\/PHOTO-QAMAR-2_400.jpeg\",\"contentUrl\":\"https:\/\/juliettesejourne.com\/wp-content\/uploads\/2023\/08\/PHOTO-QAMAR-2_400.jpeg\",\"width\":400,\"height\":225},{\"@type\":\"BreadcrumbList\",\"@id\":\"https:\/\/juliettesejourne.com\/al-qamar-de-marielle-chabal\/#breadcrumb\",\"itemListElement\":[{\"@type\":\"ListItem\",\"position\":1,\"name\":\"Accueil\",\"item\":\"https:\/\/juliettesejourne.com\/\"},{\"@type\":\"ListItem\",\"position\":2,\"name\":\"Al Qamar\"}]},{\"@type\":\"WebSite\",\"@id\":\"https:\/\/juliettesejourne.com\/#website\",\"url\":\"https:\/\/juliettesejourne.com\/\",\"name\":\"Juliette S\u00e9journ\u00e9\",\"description\":\"Juliette Sejourn\u00e9\",\"potentialAction\":[{\"@type\":\"SearchAction\",\"target\":{\"@type\":\"EntryPoint\",\"urlTemplate\":\"https:\/\/juliettesejourne.com\/?s={search_term_string}\"},\"query-input\":{\"@type\":\"PropertyValueSpecification\",\"valueRequired\":true,\"valueName\":\"search_term_string\"}}],\"inLanguage\":\"en-GB\"}]}<\/script>\n<!-- \/ Yoast SEO plugin. -->","yoast_head_json":{"title":"Al Qamar - Juliette Sejourn\u00e9","robots":{"index":"index","follow":"follow","max-snippet":"max-snippet:-1","max-image-preview":"max-image-preview:large","max-video-preview":"max-video-preview:-1"},"canonical":"https:\/\/juliettesejourne.com\/en\/al-qamar-de-marielle-chabal\/","og_locale":"en_GB","og_type":"article","og_title":"Al Qamar - Juliette Sejourn\u00e9","og_description":"Vid\u00e9o de Marielle Chabal&nbsp; Participation et interpr\u00e9tation : Juliette S\u00e9journ\u00e9 Palais de Tokyo (2019), Centre Pompidou (2023) Cr\u00e9dit photo\/vid\u00e9o Simon Bonanni Al Qamar&nbsp;(2019), s\u2019orchestre autour d\u2019une fiction d\u2019anticipation relatant l\u2019\u00e9rection d\u2019une cit\u00e9 ultra-libertaire par les Halmens, communaut\u00e9 de hackeuses f\u00e9ministes. Ces derni\u00e8res sont \u00e0 l\u2019origine d\u2019une s\u00e9rie d\u2019attaques informatiques visant le syst\u00e8me mon\u00e9taire international et [&hellip;]","og_url":"https:\/\/juliettesejourne.com\/en\/al-qamar-de-marielle-chabal\/","og_site_name":"Juliette Sejourn\u00e9","article_modified_time":"2023-08-23T21:19:29+00:00","og_image":[{"width":400,"height":225,"url":"https:\/\/juliettesejourne.com\/wp-content\/uploads\/2023\/08\/PHOTO-QAMAR-2_400.jpeg","type":"image\/jpeg"}],"twitter_card":"summary_large_image","twitter_misc":{"Estimated reading time":"1 minute"},"schema":{"@context":"https:\/\/schema.org","@graph":[{"@type":"WebPage","@id":"https:\/\/juliettesejourne.com\/al-qamar-de-marielle-chabal\/","url":"https:\/\/juliettesejourne.com\/al-qamar-de-marielle-chabal\/","name":"Al Qamar - Juliette Sejourn\u00e9","isPartOf":{"@id":"https:\/\/juliettesejourne.com\/#website"},"primaryImageOfPage":{"@id":"https:\/\/juliettesejourne.com\/al-qamar-de-marielle-chabal\/#primaryimage"},"image":{"@id":"https:\/\/juliettesejourne.com\/al-qamar-de-marielle-chabal\/#primaryimage"},"thumbnailUrl":"https:\/\/juliettesejourne.com\/wp-content\/uploads\/2023\/08\/PHOTO-QAMAR-2_400.jpeg","datePublished":"2023-08-18T17:21:00+00:00","dateModified":"2023-08-23T21:19:29+00:00","breadcrumb":{"@id":"https:\/\/juliettesejourne.com\/al-qamar-de-marielle-chabal\/#breadcrumb"},"inLanguage":"en-GB","potentialAction":[{"@type":"ReadAction","target":["https:\/\/juliettesejourne.com\/al-qamar-de-marielle-chabal\/"]}]},{"@type":"ImageObject","inLanguage":"en-GB","@id":"https:\/\/juliettesejourne.com\/al-qamar-de-marielle-chabal\/#primaryimage","url":"https:\/\/juliettesejourne.com\/wp-content\/uploads\/2023\/08\/PHOTO-QAMAR-2_400.jpeg","contentUrl":"https:\/\/juliettesejourne.com\/wp-content\/uploads\/2023\/08\/PHOTO-QAMAR-2_400.jpeg","width":400,"height":225},{"@type":"BreadcrumbList","@id":"https:\/\/juliettesejourne.com\/al-qamar-de-marielle-chabal\/#breadcrumb","itemListElement":[{"@type":"ListItem","position":1,"name":"Accueil","item":"https:\/\/juliettesejourne.com\/"},{"@type":"ListItem","position":2,"name":"Al Qamar"}]},{"@type":"WebSite","@id":"https:\/\/juliettesejourne.com\/#website","url":"https:\/\/juliettesejourne.com\/","name":"Juliette S\u00e9journ\u00e9","description":"Juliette Sejourn\u00e9","potentialAction":[{"@type":"SearchAction","target":{"@type":"EntryPoint","urlTemplate":"https:\/\/juliettesejourne.com\/?s={search_term_string}"},"query-input":{"@type":"PropertyValueSpecification","valueRequired":true,"valueName":"search_term_string"}}],"inLanguage":"en-GB"}]}},"_links":{"self":[{"href":"https:\/\/juliettesejourne.com\/en\/wp-json\/wp\/v2\/pages\/396","targetHints":{"allow":["GET"]}}],"collection":[{"href":"https:\/\/juliettesejourne.com\/en\/wp-json\/wp\/v2\/pages"}],"about":[{"href":"https:\/\/juliettesejourne.com\/en\/wp-json\/wp\/v2\/types\/page"}],"author":[{"embeddable":true,"href":"https:\/\/juliettesejourne.com\/en\/wp-json\/wp\/v2\/users\/1"}],"replies":[{"embeddable":true,"href":"https:\/\/juliettesejourne.com\/en\/wp-json\/wp\/v2\/comments?post=396"}],"version-history":[{"count":9,"href":"https:\/\/juliettesejourne.com\/en\/wp-json\/wp\/v2\/pages\/396\/revisions"}],"predecessor-version":[{"id":615,"href":"https:\/\/juliettesejourne.com\/en\/wp-json\/wp\/v2\/pages\/396\/revisions\/615"}],"wp:featuredmedia":[{"embeddable":true,"href":"https:\/\/juliettesejourne.com\/en\/wp-json\/wp\/v2\/media\/181"}],"wp:attachment":[{"href":"https:\/\/juliettesejourne.com\/en\/wp-json\/wp\/v2\/media?parent=396"}],"curies":[{"name":"wp","href":"https:\/\/api.w.org\/{rel}","templated":true}]}}