{"id":40,"date":"2023-08-14T13:28:59","date_gmt":"2023-08-14T11:28:59","guid":{"rendered":"https:\/\/juliettesejourne.com\/?page_id=40"},"modified":"2026-02-05T17:45:27","modified_gmt":"2026-02-05T16:45:27","slug":"portfolio","status":"publish","type":"page","link":"https:\/\/juliettesejourne.com\/en\/","title":{"rendered":"Portfolio"},"content":{"rendered":"<div class=\"wp-block-columns alignwide has-contrast-color has-text-color is-layout-flex wp-container-core-columns-is-layout-d05c7dfd wp-block-columns-is-layout-flex\">\n<div class=\"wp-block-column is-layout-flow wp-block-column-is-layout-flow\">\n<div class=\"wp-block-group is-vertical is-layout-flex wp-container-core-group-is-layout-fe9cc265 wp-block-group-is-layout-flex\">\n<figure class=\"wp-block-image alignleft size-full\"><img loading=\"lazy\" decoding=\"async\" width=\"800\" height=\"600\" src=\"https:\/\/juliettesejourne.com\/wp-content\/uploads\/2026\/02\/Argentella2_800.jpeg\" alt=\"\" class=\"wp-image-1028\" style=\"object-fit:cover\" srcset=\"https:\/\/juliettesejourne.com\/wp-content\/uploads\/2026\/02\/Argentella2_800.jpeg 800w, https:\/\/juliettesejourne.com\/wp-content\/uploads\/2026\/02\/Argentella2_800-300x225.jpeg 300w, https:\/\/juliettesejourne.com\/wp-content\/uploads\/2026\/02\/Argentella2_800-768x576.jpeg 768w, https:\/\/juliettesejourne.com\/wp-content\/uploads\/2026\/02\/Argentella2_800-16x12.jpeg 16w\" sizes=\"auto, (max-width: 800px) 100vw, 800px\" \/><\/figure>\n\n\n\n<p class=\"has-contrast-color has-text-color\" style=\"line-height:1.3;text-transform:none\"><a href=\"https:\/\/juliettesejourne.com\/en\/argentella-mon-amour\/\">Argentella mon amour<\/a><\/p>\n\n\n\n<p style=\"line-height:1.3;text-transform:none\">Forme sc\u00e9nique<\/p>\n<\/div>\n<\/div>\n\n\n\n<div class=\"wp-block-column is-layout-flow wp-block-column-is-layout-flow\">\n<div class=\"wp-block-group is-vertical is-nowrap is-layout-flex wp-container-core-group-is-layout-3655d5c7 wp-block-group-is-layout-flex\">\n<div class=\"wp-block-group is-vertical is-layout-flex wp-container-core-group-is-layout-fe9cc265 wp-block-group-is-layout-flex\">\n<figure class=\"wp-block-image alignleft size-full\"><img loading=\"lazy\" decoding=\"async\" width=\"800\" height=\"640\" src=\"https:\/\/juliettesejourne.com\/wp-content\/uploads\/2026\/02\/Tsukumothemis_800.jpeg\" alt=\"\" class=\"wp-image-1015\" style=\"object-fit:cover\" srcset=\"https:\/\/juliettesejourne.com\/wp-content\/uploads\/2026\/02\/Tsukumothemis_800.jpeg 800w, https:\/\/juliettesejourne.com\/wp-content\/uploads\/2026\/02\/Tsukumothemis_800-300x240.jpeg 300w, https:\/\/juliettesejourne.com\/wp-content\/uploads\/2026\/02\/Tsukumothemis_800-768x614.jpeg 768w, https:\/\/juliettesejourne.com\/wp-content\/uploads\/2026\/02\/Tsukumothemis_800-15x12.jpeg 15w\" sizes=\"auto, (max-width: 800px) 100vw, 800px\" \/><\/figure>\n\n\n\n<p class=\"has-contrast-color has-text-color\" style=\"line-height:1.3;text-transform:none\"><a href=\"https:\/\/juliettesejourne.com\/en\/dans-la-peau-dune-oeuvre-tsukumothemis\/\">Tsukumoth\u00e9mis &#8211; Dans la peau d&rsquo;une \u0153uvre<\/a><\/p>\n\n\n\n<p style=\"line-height:1.3;text-transform:none\">Research-creation residency<\/p>\n<\/div>\n<\/div>\n<\/div>\n\n\n\n<div class=\"wp-block-column is-layout-flow wp-block-column-is-layout-flow\">\n<div class=\"wp-block-group is-vertical is-layout-flex wp-container-core-group-is-layout-fe9cc265 wp-block-group-is-layout-flex\">\n<figure class=\"wp-block-image alignleft size-full\"><img loading=\"lazy\" decoding=\"async\" width=\"800\" height=\"1067\" src=\"https:\/\/juliettesejourne.com\/wp-content\/uploads\/2026\/01\/mosaicode_800.jpeg\" alt=\"\" class=\"wp-image-986\" srcset=\"https:\/\/juliettesejourne.com\/wp-content\/uploads\/2026\/01\/mosaicode_800.jpeg 800w, https:\/\/juliettesejourne.com\/wp-content\/uploads\/2026\/01\/mosaicode_800-225x300.jpeg 225w, https:\/\/juliettesejourne.com\/wp-content\/uploads\/2026\/01\/mosaicode_800-768x1024.jpeg 768w, https:\/\/juliettesejourne.com\/wp-content\/uploads\/2026\/01\/mosaicode_800-9x12.jpeg 9w\" sizes=\"auto, (max-width: 800px) 100vw, 800px\" \/><\/figure>\n\n\n\n<p class=\"has-contrast-color has-text-color\" style=\"line-height:1.3;text-transform:none\"><a href=\"https:\/\/juliettesejourne.com\/en\/ainsi-connu-proche-et-aime\/\">Ainsi Connu proche et aim\u00e9 &#8211; Vieille Petite Fille<\/a><\/p>\n\n\n\n<p style=\"line-height:1.3;text-transform:none\">Dispositif d&rsquo;\u00e9coute et jeu<\/p>\n<\/div>\n<\/div>\n\n\n\n<div class=\"wp-block-column is-layout-flow wp-block-column-is-layout-flow\">\n<div class=\"wp-block-group is-vertical is-layout-flex wp-container-core-group-is-layout-fe9cc265 wp-block-group-is-layout-flex\">\n<figure class=\"wp-block-image alignleft size-full\"><img loading=\"lazy\" decoding=\"async\" width=\"2170\" height=\"2172\" src=\"https:\/\/juliettesejourne.com\/wp-content\/uploads\/2024\/08\/Our_Things-ISEA24_1.jpg\" alt=\"\" class=\"wp-image-662\" style=\"object-fit:cover\" srcset=\"https:\/\/juliettesejourne.com\/wp-content\/uploads\/2024\/08\/Our_Things-ISEA24_1.jpg 2170w, https:\/\/juliettesejourne.com\/wp-content\/uploads\/2024\/08\/Our_Things-ISEA24_1-300x300.jpg 300w, https:\/\/juliettesejourne.com\/wp-content\/uploads\/2024\/08\/Our_Things-ISEA24_1-1024x1024.jpg 1024w, https:\/\/juliettesejourne.com\/wp-content\/uploads\/2024\/08\/Our_Things-ISEA24_1-150x150.jpg 150w, https:\/\/juliettesejourne.com\/wp-content\/uploads\/2024\/08\/Our_Things-ISEA24_1-768x769.jpg 768w, https:\/\/juliettesejourne.com\/wp-content\/uploads\/2024\/08\/Our_Things-ISEA24_1-1536x1536.jpg 1536w, https:\/\/juliettesejourne.com\/wp-content\/uploads\/2024\/08\/Our_Things-ISEA24_1-2046x2048.jpg 2046w, https:\/\/juliettesejourne.com\/wp-content\/uploads\/2024\/08\/Our_Things-ISEA24_1-12x12.jpg 12w\" sizes=\"auto, (max-width: 2170px) 100vw, 2170px\" \/><\/figure>\n\n\n\n<p class=\"has-contrast-color has-text-color\" style=\"line-height:1.3;text-transform:none\"><a data-type=\"page\" data-id=\"380\" href=\"https:\/\/juliettesejourne.com\/en\/our-things\/\">Our Things<\/a><\/p>\n\n\n\n<p style=\"line-height:1.3;text-transform:none\">Immersive sound installation<\/p>\n<\/div>\n<\/div>\n\n\n\n<div class=\"wp-block-column is-vertically-aligned-top is-layout-flow wp-block-column-is-layout-flow\">\n<div class=\"wp-block-group is-vertical is-layout-flex wp-container-core-group-is-layout-2d729e81 wp-block-group-is-layout-flex\">\n<figure class=\"wp-block-image alignleft size-full\"><img loading=\"lazy\" decoding=\"async\" width=\"800\" height=\"1067\" src=\"https:\/\/juliettesejourne.com\/wp-content\/uploads\/2026\/02\/Tsukumocafe_800.jpeg\" alt=\"\" class=\"wp-image-1022\" style=\"object-fit:cover\" srcset=\"https:\/\/juliettesejourne.com\/wp-content\/uploads\/2026\/02\/Tsukumocafe_800.jpeg 800w, https:\/\/juliettesejourne.com\/wp-content\/uploads\/2026\/02\/Tsukumocafe_800-225x300.jpeg 225w, https:\/\/juliettesejourne.com\/wp-content\/uploads\/2026\/02\/Tsukumocafe_800-768x1024.jpeg 768w, https:\/\/juliettesejourne.com\/wp-content\/uploads\/2026\/02\/Tsukumocafe_800-9x12.jpeg 9w\" sizes=\"auto, (max-width: 800px) 100vw, 800px\" \/><\/figure>\n\n\n\n<p class=\"has-contrast-color has-text-color\" style=\"line-height:1.3;text-transform:none\"><a href=\"https:\/\/juliettesejourne.com\/en\/tsukumo-cafe\/\" data-type=\"page\" data-id=\"333\">Tsukumo-caf\u00e9<\/a><\/p>\n\n\n\n<p style=\"line-height:1.3;text-transform:none\">Interactive installation<\/p>\n<\/div>\n<\/div>\n<\/div>\n\n\n\n<div style=\"height:50px\" aria-hidden=\"true\" class=\"wp-block-spacer\"><\/div>\n\n\n\n<div class=\"wp-block-columns alignwide is-layout-flex wp-container-core-columns-is-layout-d05c7dfd wp-block-columns-is-layout-flex\">\n<div class=\"wp-block-column is-layout-flow wp-block-column-is-layout-flow\">\n<div class=\"wp-block-group is-vertical is-layout-flex wp-container-core-group-is-layout-fe9cc265 wp-block-group-is-layout-flex\">\n<figure class=\"wp-block-image alignleft size-full\"><img loading=\"lazy\" decoding=\"async\" width=\"800\" height=\"583\" src=\"https:\/\/juliettesejourne.com\/wp-content\/uploads\/2026\/01\/Ada_800.jpeg\" alt=\"\" class=\"wp-image-991\" style=\"object-fit:cover\" srcset=\"https:\/\/juliettesejourne.com\/wp-content\/uploads\/2026\/01\/Ada_800.jpeg 800w, https:\/\/juliettesejourne.com\/wp-content\/uploads\/2026\/01\/Ada_800-300x219.jpeg 300w, https:\/\/juliettesejourne.com\/wp-content\/uploads\/2026\/01\/Ada_800-768x560.jpeg 768w, https:\/\/juliettesejourne.com\/wp-content\/uploads\/2026\/01\/Ada_800-16x12.jpeg 16w\" sizes=\"auto, (max-width: 800px) 100vw, 800px\" \/><\/figure>\n\n\n\n<p class=\"has-contrast-color has-text-color\" style=\"line-height:1.3;text-transform:none\"><a href=\"https:\/\/juliettesejourne.com\/en\/ada\/\">Ada, au-del\u00e0 de l&rsquo;image<\/a><\/p>\n\n\n\n<p style=\"line-height:1.3;text-transform:none\">Performer<\/p>\n<\/div>\n<\/div>\n\n\n\n<div class=\"wp-block-column is-layout-flow wp-block-column-is-layout-flow\">\n<div class=\"wp-block-group is-vertical is-layout-flex wp-container-core-group-is-layout-fe9cc265 wp-block-group-is-layout-flex\">\n<figure class=\"wp-block-image alignleft size-full\"><a href=\"https:\/\/juliettesejourne.com\/en\/recital-darwich\/\"><img loading=\"lazy\" decoding=\"async\" width=\"400\" height=\"267\" src=\"https:\/\/juliettesejourne.com\/wp-content\/uploads\/2023\/08\/darwich4_400.jpeg\" alt=\"\" class=\"wp-image-521\" style=\"object-fit:cover\" srcset=\"https:\/\/juliettesejourne.com\/wp-content\/uploads\/2023\/08\/darwich4_400.jpeg 400w, https:\/\/juliettesejourne.com\/wp-content\/uploads\/2023\/08\/darwich4_400-300x200.jpeg 300w, https:\/\/juliettesejourne.com\/wp-content\/uploads\/2023\/08\/darwich4_400-18x12.jpeg 18w\" sizes=\"auto, (max-width: 400px) 100vw, 400px\" \/><\/a><\/figure>\n\n\n\n<p class=\"has-contrast-color has-text-color\" style=\"line-height:1.3;text-transform:none\"><a href=\"https:\/\/juliettesejourne.com\/en\/recital-darwich\/\" data-type=\"page\" data-id=\"390\">R\u00e9cital Darwich<\/a><\/p>\n\n\n\n<p style=\"line-height:1.3;text-transform:none\">Director and performer<\/p>\n<\/div>\n<\/div>\n\n\n\n<div class=\"wp-block-column is-layout-flow wp-block-column-is-layout-flow\">\n<div class=\"wp-block-group is-vertical is-layout-flex wp-container-core-group-is-layout-fe9cc265 wp-block-group-is-layout-flex\">\n<figure class=\"wp-block-image alignleft size-full\"><a href=\"https:\/\/juliettesejourne.com\/en\/traviata-vous-meritez-un-avenir-meilleur\/\"><img loading=\"lazy\" decoding=\"async\" width=\"800\" height=\"534\" src=\"http:\/\/juliettesejourne.com\/wp-content\/uploads\/2023\/08\/Traviata-\u00a9-Simon-Gosselin_800.jpeg\" alt=\"\" class=\"wp-image-173\" srcset=\"https:\/\/juliettesejourne.com\/wp-content\/uploads\/2023\/08\/Traviata-\u00a9-Simon-Gosselin_800.jpeg 800w, https:\/\/juliettesejourne.com\/wp-content\/uploads\/2023\/08\/Traviata-\u00a9-Simon-Gosselin_800-300x200.jpeg 300w, https:\/\/juliettesejourne.com\/wp-content\/uploads\/2023\/08\/Traviata-\u00a9-Simon-Gosselin_800-768x513.jpeg 768w, https:\/\/juliettesejourne.com\/wp-content\/uploads\/2023\/08\/Traviata-\u00a9-Simon-Gosselin_800-18x12.jpeg 18w\" sizes=\"auto, (max-width: 800px) 100vw, 800px\" \/><\/a><\/figure>\n\n\n\n<p class=\"has-contrast-color has-text-color\" style=\"line-height:1.3;text-transform:none\"><a href=\"https:\/\/juliettesejourne.com\/en\/traviata-vous-meritez-un-avenir-meilleur\/\" data-type=\"page\" data-id=\"392\">Traviata, Vous M\u00e9ritez un avenir meilleur<\/a><\/p>\n\n\n\n<p style=\"line-height:1.3;text-transform:none\">Performance and assistant director<\/p>\n<\/div>\n<\/div>\n\n\n\n<div class=\"wp-block-column is-layout-flow wp-block-column-is-layout-flow\">\n<div class=\"wp-block-group has-contrast-color has-text-color is-vertical is-layout-flex wp-container-core-group-is-layout-fe9cc265 wp-block-group-is-layout-flex\" style=\"line-height:1.3;text-transform:none\">\n<figure class=\"wp-block-image alignleft size-full\"><a href=\"https:\/\/juliettesejourne.com\/en\/al-qamar-de-marielle-chabal\/\"><img loading=\"lazy\" decoding=\"async\" width=\"800\" height=\"449\" src=\"http:\/\/juliettesejourne.com\/wp-content\/uploads\/2023\/08\/PHOTO-QAMAR_800.jpeg\" alt=\"\" class=\"wp-image-172\" srcset=\"https:\/\/juliettesejourne.com\/wp-content\/uploads\/2023\/08\/PHOTO-QAMAR_800.jpeg 800w, https:\/\/juliettesejourne.com\/wp-content\/uploads\/2023\/08\/PHOTO-QAMAR_800-300x168.jpeg 300w, https:\/\/juliettesejourne.com\/wp-content\/uploads\/2023\/08\/PHOTO-QAMAR_800-768x431.jpeg 768w, https:\/\/juliettesejourne.com\/wp-content\/uploads\/2023\/08\/PHOTO-QAMAR_800-18x10.jpeg 18w\" sizes=\"auto, (max-width: 800px) 100vw, 800px\" \/><\/a><\/figure>\n\n\n\n<p class=\"has-contrast-color has-text-color\" style=\"line-height:1.3;text-transform:none\"><a href=\"https:\/\/juliettesejourne.com\/en\/al-qamar-de-marielle-chabal\/\" data-type=\"page\" data-id=\"396\">Al Qamar<\/a> from Marielle Chabal<\/p>\n\n\n\n<p>Performer<\/p>\n<\/div>\n<\/div>\n\n\n\n<div class=\"wp-block-column is-layout-flow wp-block-column-is-layout-flow\">\n<figure class=\"wp-block-image size-full\"><img loading=\"lazy\" decoding=\"async\" width=\"800\" height=\"600\" src=\"https:\/\/juliettesejourne.com\/wp-content\/uploads\/2023\/08\/Didons-Amers_800.jpeg\" alt=\"\" class=\"wp-image-167\" srcset=\"https:\/\/juliettesejourne.com\/wp-content\/uploads\/2023\/08\/Didons-Amers_800.jpeg 800w, https:\/\/juliettesejourne.com\/wp-content\/uploads\/2023\/08\/Didons-Amers_800-300x225.jpeg 300w, https:\/\/juliettesejourne.com\/wp-content\/uploads\/2023\/08\/Didons-Amers_800-768x576.jpeg 768w, https:\/\/juliettesejourne.com\/wp-content\/uploads\/2023\/08\/Didons-Amers_800-16x12.jpeg 16w\" sizes=\"auto, (max-width: 800px) 100vw, 800px\" \/><\/figure>\n\n\n\n<p><a data-type=\"page\" data-id=\"388\" href=\"https:\/\/juliettesejourne.com\/en\/didons-amers\/\">Didon(s), Amer(s)<\/a><\/p>\n\n\n\n<p>Director and performer<\/p>\n<\/div>\n<\/div>\n\n\n\n<p><\/p>","protected":false},"excerpt":{"rendered":"<p>Argentella mon amour Forme sc\u00e9nique Tsukumoth\u00e9mis &#8211; Dans la peau d&rsquo;une \u0153uvre R\u00e9sidence de recherche-cr\u00e9ation Ainsi Connu proche et aim\u00e9 &#8211; Vieille Petite Fille Dispositif d&rsquo;\u00e9coute et jeu Our Things Installation sonore immersive Tsukumo-caf\u00e9 Installation interactive Ada, au-del\u00e0 de l&rsquo;image Interpr\u00e9tation R\u00e9cital Darwich Direction et interpr\u00e9tation Traviata, Vous M\u00e9ritez un avenir meilleur Interpr\u00e9tation et assistanat [&hellip;]<\/p>","protected":false},"author":2,"featured_media":765,"parent":0,"menu_order":0,"comment_status":"closed","ping_status":"closed","template":"","meta":{"_monsterinsights_skip_tracking":false,"_monsterinsights_sitenote_active":false,"_monsterinsights_sitenote_note":"","_monsterinsights_sitenote_category":0,"footnotes":""},"class_list":["post-40","page","type-page","status-publish","has-post-thumbnail","hentry"],"yoast_head":"<!-- This site is optimized with the Yoast SEO plugin v24.8.1 - https:\/\/yoast.com\/wordpress\/plugins\/seo\/ -->\n<title>Portfolio - Juliette Sejourn\u00e9<\/title>\n<meta name=\"robots\" content=\"index, follow, max-snippet:-1, max-image-preview:large, max-video-preview:-1\" \/>\n<link rel=\"canonical\" href=\"https:\/\/juliettesejourne.com\/en\/\" \/>\n<meta property=\"og:locale\" content=\"en_GB\" \/>\n<meta property=\"og:type\" content=\"article\" \/>\n<meta property=\"og:title\" content=\"Portfolio - Juliette Sejourn\u00e9\" \/>\n<meta property=\"og:description\" content=\"Argentella mon amour Forme sc\u00e9nique Tsukumoth\u00e9mis &#8211; Dans la peau d&rsquo;une \u0153uvre R\u00e9sidence de recherche-cr\u00e9ation Ainsi Connu proche et aim\u00e9 &#8211; Vieille Petite Fille Dispositif d&rsquo;\u00e9coute et jeu Our Things Installation sonore immersive Tsukumo-caf\u00e9 Installation interactive Ada, au-del\u00e0 de l&rsquo;image Interpr\u00e9tation R\u00e9cital Darwich Direction et interpr\u00e9tation Traviata, Vous M\u00e9ritez un avenir meilleur Interpr\u00e9tation et assistanat [&hellip;]\" \/>\n<meta property=\"og:url\" content=\"https:\/\/juliettesejourne.com\/en\/\" \/>\n<meta property=\"og:site_name\" content=\"Juliette Sejourn\u00e9\" \/>\n<meta property=\"article:modified_time\" content=\"2026-02-05T16:45:27+00:00\" \/>\n<meta property=\"og:image\" content=\"https:\/\/juliettesejourne.com\/wp-content\/uploads\/2024\/10\/Our_Things_400.jpeg\" \/>\n\t<meta property=\"og:image:width\" content=\"400\" \/>\n\t<meta property=\"og:image:height\" content=\"401\" \/>\n\t<meta property=\"og:image:type\" content=\"image\/jpeg\" \/>\n<meta name=\"twitter:card\" content=\"summary_large_image\" \/>\n<meta name=\"twitter:label1\" content=\"Estimated reading time\" \/>\n\t<meta name=\"twitter:data1\" content=\"3 minutes\" \/>\n<script type=\"application\/ld+json\" class=\"yoast-schema-graph\">{\"@context\":\"https:\/\/schema.org\",\"@graph\":[{\"@type\":\"WebPage\",\"@id\":\"https:\/\/juliettesejourne.com\/\",\"url\":\"https:\/\/juliettesejourne.com\/\",\"name\":\"Portfolio - Juliette Sejourn\u00e9\",\"isPartOf\":{\"@id\":\"https:\/\/juliettesejourne.com\/#website\"},\"primaryImageOfPage\":{\"@id\":\"https:\/\/juliettesejourne.com\/#primaryimage\"},\"image\":{\"@id\":\"https:\/\/juliettesejourne.com\/#primaryimage\"},\"thumbnailUrl\":\"https:\/\/juliettesejourne.com\/wp-content\/uploads\/2024\/10\/Our_Things_400.jpeg\",\"datePublished\":\"2023-08-14T11:28:59+00:00\",\"dateModified\":\"2026-02-05T16:45:27+00:00\",\"breadcrumb\":{\"@id\":\"https:\/\/juliettesejourne.com\/#breadcrumb\"},\"inLanguage\":\"en-GB\",\"potentialAction\":[{\"@type\":\"ReadAction\",\"target\":[\"https:\/\/juliettesejourne.com\/\"]}]},{\"@type\":\"ImageObject\",\"inLanguage\":\"en-GB\",\"@id\":\"https:\/\/juliettesejourne.com\/#primaryimage\",\"url\":\"https:\/\/juliettesejourne.com\/wp-content\/uploads\/2024\/10\/Our_Things_400.jpeg\",\"contentUrl\":\"https:\/\/juliettesejourne.com\/wp-content\/uploads\/2024\/10\/Our_Things_400.jpeg\",\"width\":400,\"height\":401},{\"@type\":\"BreadcrumbList\",\"@id\":\"https:\/\/juliettesejourne.com\/#breadcrumb\",\"itemListElement\":[{\"@type\":\"ListItem\",\"position\":1,\"name\":\"Accueil\",\"item\":\"https:\/\/juliettesejourne.com\/\"},{\"@type\":\"ListItem\",\"position\":2,\"name\":\"Portfolio\"}]},{\"@type\":\"WebSite\",\"@id\":\"https:\/\/juliettesejourne.com\/#website\",\"url\":\"https:\/\/juliettesejourne.com\/\",\"name\":\"Juliette S\u00e9journ\u00e9\",\"description\":\"Juliette Sejourn\u00e9\",\"potentialAction\":[{\"@type\":\"SearchAction\",\"target\":{\"@type\":\"EntryPoint\",\"urlTemplate\":\"https:\/\/juliettesejourne.com\/?s={search_term_string}\"},\"query-input\":{\"@type\":\"PropertyValueSpecification\",\"valueRequired\":true,\"valueName\":\"search_term_string\"}}],\"inLanguage\":\"en-GB\"}]}<\/script>\n<!-- \/ Yoast SEO plugin. -->","yoast_head_json":{"title":"Portfolio - Juliette Sejourn\u00e9","robots":{"index":"index","follow":"follow","max-snippet":"max-snippet:-1","max-image-preview":"max-image-preview:large","max-video-preview":"max-video-preview:-1"},"canonical":"https:\/\/juliettesejourne.com\/en\/","og_locale":"en_GB","og_type":"article","og_title":"Portfolio - Juliette Sejourn\u00e9","og_description":"Argentella mon amour Forme sc\u00e9nique Tsukumoth\u00e9mis &#8211; Dans la peau d&rsquo;une \u0153uvre R\u00e9sidence de recherche-cr\u00e9ation Ainsi Connu proche et aim\u00e9 &#8211; Vieille Petite Fille Dispositif d&rsquo;\u00e9coute et jeu Our Things Installation sonore immersive Tsukumo-caf\u00e9 Installation interactive Ada, au-del\u00e0 de l&rsquo;image Interpr\u00e9tation R\u00e9cital Darwich Direction et interpr\u00e9tation Traviata, Vous M\u00e9ritez un avenir meilleur Interpr\u00e9tation et assistanat [&hellip;]","og_url":"https:\/\/juliettesejourne.com\/en\/","og_site_name":"Juliette Sejourn\u00e9","article_modified_time":"2026-02-05T16:45:27+00:00","og_image":[{"width":400,"height":401,"url":"https:\/\/juliettesejourne.com\/wp-content\/uploads\/2024\/10\/Our_Things_400.jpeg","type":"image\/jpeg"}],"twitter_card":"summary_large_image","twitter_misc":{"Estimated reading time":"3 minutes"},"schema":{"@context":"https:\/\/schema.org","@graph":[{"@type":"WebPage","@id":"https:\/\/juliettesejourne.com\/","url":"https:\/\/juliettesejourne.com\/","name":"Portfolio - Juliette Sejourn\u00e9","isPartOf":{"@id":"https:\/\/juliettesejourne.com\/#website"},"primaryImageOfPage":{"@id":"https:\/\/juliettesejourne.com\/#primaryimage"},"image":{"@id":"https:\/\/juliettesejourne.com\/#primaryimage"},"thumbnailUrl":"https:\/\/juliettesejourne.com\/wp-content\/uploads\/2024\/10\/Our_Things_400.jpeg","datePublished":"2023-08-14T11:28:59+00:00","dateModified":"2026-02-05T16:45:27+00:00","breadcrumb":{"@id":"https:\/\/juliettesejourne.com\/#breadcrumb"},"inLanguage":"en-GB","potentialAction":[{"@type":"ReadAction","target":["https:\/\/juliettesejourne.com\/"]}]},{"@type":"ImageObject","inLanguage":"en-GB","@id":"https:\/\/juliettesejourne.com\/#primaryimage","url":"https:\/\/juliettesejourne.com\/wp-content\/uploads\/2024\/10\/Our_Things_400.jpeg","contentUrl":"https:\/\/juliettesejourne.com\/wp-content\/uploads\/2024\/10\/Our_Things_400.jpeg","width":400,"height":401},{"@type":"BreadcrumbList","@id":"https:\/\/juliettesejourne.com\/#breadcrumb","itemListElement":[{"@type":"ListItem","position":1,"name":"Accueil","item":"https:\/\/juliettesejourne.com\/"},{"@type":"ListItem","position":2,"name":"Portfolio"}]},{"@type":"WebSite","@id":"https:\/\/juliettesejourne.com\/#website","url":"https:\/\/juliettesejourne.com\/","name":"Juliette S\u00e9journ\u00e9","description":"Juliette Sejourn\u00e9","potentialAction":[{"@type":"SearchAction","target":{"@type":"EntryPoint","urlTemplate":"https:\/\/juliettesejourne.com\/?s={search_term_string}"},"query-input":{"@type":"PropertyValueSpecification","valueRequired":true,"valueName":"search_term_string"}}],"inLanguage":"en-GB"}]}},"_links":{"self":[{"href":"https:\/\/juliettesejourne.com\/en\/wp-json\/wp\/v2\/pages\/40","targetHints":{"allow":["GET"]}}],"collection":[{"href":"https:\/\/juliettesejourne.com\/en\/wp-json\/wp\/v2\/pages"}],"about":[{"href":"https:\/\/juliettesejourne.com\/en\/wp-json\/wp\/v2\/types\/page"}],"author":[{"embeddable":true,"href":"https:\/\/juliettesejourne.com\/en\/wp-json\/wp\/v2\/users\/2"}],"replies":[{"embeddable":true,"href":"https:\/\/juliettesejourne.com\/en\/wp-json\/wp\/v2\/comments?post=40"}],"version-history":[{"count":145,"href":"https:\/\/juliettesejourne.com\/en\/wp-json\/wp\/v2\/pages\/40\/revisions"}],"predecessor-version":[{"id":1037,"href":"https:\/\/juliettesejourne.com\/en\/wp-json\/wp\/v2\/pages\/40\/revisions\/1037"}],"wp:featuredmedia":[{"embeddable":true,"href":"https:\/\/juliettesejourne.com\/en\/wp-json\/wp\/v2\/media\/765"}],"wp:attachment":[{"href":"https:\/\/juliettesejourne.com\/en\/wp-json\/wp\/v2\/media?parent=40"}],"curies":[{"name":"wp","href":"https:\/\/api.w.org\/{rel}","templated":true}]}}