{"id":454,"date":"2023-08-18T22:23:08","date_gmt":"2023-08-18T20:23:08","guid":{"rendered":"https:\/\/juliettesejourne.com\/?page_id=454"},"modified":"2024-08-23T18:30:13","modified_gmt":"2024-08-23T16:30:13","slug":"presse","status":"publish","type":"page","link":"https:\/\/juliettesejourne.com\/en\/presse\/","title":{"rendered":"Press"},"content":{"rendered":"<h2 class=\"wp-block-heading\">Tsukumo-caf\u00e9, mars-avril 2024<\/h2>\n\n\n\n<p>Articles <a href=\"https:\/\/juliettesejourne.com\/wp-content\/uploads\/2024\/08\/RectoVRso-OuestFrance2.jpg\"><em>Ouest France<\/em> 1<\/a>, <a href=\"https:\/\/juliettesejourne.com\/wp-content\/uploads\/2024\/08\/RectoVRso-OuestFrance3-cut.pdf\">2<\/a> and <a href=\"https:\/\/juliettesejourne.com\/wp-content\/uploads\/2024\/08\/RectoVRso-OuestFrance.jpg\">3<\/a> ; L\u00e9a Paule pour le <a href=\"https:\/\/blog.laval-virtual.com\/oeuvre-tsukumo-cafe-recto-vrso-2024\/\"><em>Blog Laval Virtual<\/em><\/a><\/p>\n\n\n\n<div style=\"height:10px\" aria-hidden=\"true\" class=\"wp-block-spacer\"><\/div>\n\n\n\n<h2 class=\"wp-block-heading\">INSTITUT DU MONDE ARABE, OCTOBRE 2019&nbsp;<\/h2>\n\n\n\n<p><a href=\"https:\/\/www.imarabe.org\/fr\/blog\/2019\/10\/je-suis-le-dialogue-des-reveurs\" target=\"_blank\" rel=\"noreferrer noopener\">Interview<\/a> with Brigitte N\u00e9rou about <em>R\u00e9cital Darwich, Je suis le dialogue des r\u00eaveurs \/ <\/em>\u0623\u064e\u0646\u0627\u062d\u0648\u0627\u0631\u064f\u0627\u0644\u062d\u0627\u0644\u0645\u064a\u0646&nbsp;<\/p>\n\n\n\n<div style=\"height:10px\" aria-hidden=\"true\" class=\"wp-block-spacer\"><\/div>\n\n\n\n<h2 class=\"wp-block-heading\">PALAIS DE TOKYO, JUIN 2019<\/h2>\n\n\n\n<p><a href=\"https:\/\/www.youtube.com\/watch?v=qIEN_dy3LKg&amp;t=2s\" target=\"_blank\" rel=\"noreferrer noopener\">Interview <\/a>about<em>Al Qamar <\/em>de Marielle Chabal, pour le prix Audi Talents &nbsp;<\/p>\n\n\n\n<div style=\"height:10px\" aria-hidden=\"true\" class=\"wp-block-spacer\"><\/div>\n\n\n\n<h2 class=\"wp-block-heading\">Le Carr\u00e9, Centre d\u2019Art contemporain, novembre 2018<\/h2>\n\n\n\n<p>Interviews (<em><a href=\"https:\/\/juliettesejourne.com\/wp-content\/uploads\/2023\/08\/2018_11_01_OF_Prog_novembre_et_TP_Juliette_Sejourne.pdf\" data-type=\"attachment\" data-id=\"459\" target=\"_blank\" rel=\"noreferrer noopener\">Ouest France<\/a><\/em> and <em><a href=\"https:\/\/juliettesejourne.com\/wp-content\/uploads\/2023\/08\/2018_11_02_HA_TP_Juliette_Sejourne.pdf\" data-type=\"attachment\" data-id=\"460\" target=\"_blank\" rel=\"noreferrer noopener\">Haut-Anjou<\/a><\/em>) about the residency <em>Didon(s), Amer(s)<\/em><\/p>\n\n\n\n<div style=\"height:10px\" aria-hidden=\"true\" class=\"wp-block-spacer\"><\/div>","protected":false},"excerpt":{"rendered":"<p>Tsukumo-caf\u00e9, mars-avril 2024 Articles Ouest France 1, 2 et 3 ; L\u00e9a Paule pour le Blog Laval Virtual INSTITUT DU MONDE ARABE, OCTOBRE 2019&nbsp; Interview avec Brigitte N\u00e9rou \u00e0 propos du R\u00e9cital Darwich, Je suis le dialogue des r\u00eaveurs \/ \u0623\u064e\u0646\u0627\u062d\u0648\u0627\u0631\u064f\u0627\u0644\u062d\u0627\u0644\u0645\u064a\u0646&nbsp; PALAIS DE TOKYO, JUIN 2019 Interview \u00e0 propos d\u2019Al Qamar de Marielle Chabal, pour [&hellip;]<\/p>","protected":false},"author":1,"featured_media":0,"parent":0,"menu_order":0,"comment_status":"closed","ping_status":"closed","template":"","meta":{"_monsterinsights_skip_tracking":false,"_monsterinsights_sitenote_active":false,"_monsterinsights_sitenote_note":"","_monsterinsights_sitenote_category":0,"footnotes":""},"class_list":["post-454","page","type-page","status-publish","hentry"],"yoast_head":"<!-- This site is optimized with the Yoast SEO plugin v24.8.1 - https:\/\/yoast.com\/wordpress\/plugins\/seo\/ -->\n<title>Presse - Juliette Sejourn\u00e9<\/title>\n<meta name=\"robots\" content=\"index, follow, max-snippet:-1, max-image-preview:large, max-video-preview:-1\" \/>\n<link rel=\"canonical\" href=\"https:\/\/juliettesejourne.com\/en\/presse\/\" \/>\n<meta property=\"og:locale\" content=\"en_GB\" \/>\n<meta property=\"og:type\" content=\"article\" \/>\n<meta property=\"og:title\" content=\"Presse - Juliette Sejourn\u00e9\" \/>\n<meta property=\"og:description\" content=\"Tsukumo-caf\u00e9, mars-avril 2024 Articles Ouest France 1, 2 et 3 ; L\u00e9a Paule pour le Blog Laval Virtual INSTITUT DU MONDE ARABE, OCTOBRE 2019&nbsp; Interview avec Brigitte N\u00e9rou \u00e0 propos du R\u00e9cital Darwich, Je suis le dialogue des r\u00eaveurs \/ \u0623\u064e\u0646\u0627\u062d\u0648\u0627\u0631\u064f\u0627\u0644\u062d\u0627\u0644\u0645\u064a\u0646&nbsp; PALAIS DE TOKYO, JUIN 2019 Interview \u00e0 propos d\u2019Al Qamar de Marielle Chabal, pour [&hellip;]\" \/>\n<meta property=\"og:url\" content=\"https:\/\/juliettesejourne.com\/en\/presse\/\" \/>\n<meta property=\"og:site_name\" content=\"Juliette Sejourn\u00e9\" \/>\n<meta property=\"article:modified_time\" content=\"2024-08-23T16:30:13+00:00\" \/>\n<meta property=\"og:image\" content=\"https:\/\/juliettesejourne.com\/wp-content\/uploads\/2023\/08\/Traviata-\u00a9-Simon-Gosselin_400.jpeg\" \/>\n\t<meta property=\"og:image:width\" content=\"400\" \/>\n\t<meta property=\"og:image:height\" content=\"267\" \/>\n\t<meta property=\"og:image:type\" content=\"image\/jpeg\" \/>\n<meta name=\"twitter:card\" content=\"summary_large_image\" \/>\n<meta name=\"twitter:label1\" content=\"Estimated reading time\" \/>\n\t<meta name=\"twitter:data1\" content=\"1 minute\" \/>\n<script type=\"application\/ld+json\" class=\"yoast-schema-graph\">{\"@context\":\"https:\/\/schema.org\",\"@graph\":[{\"@type\":\"WebPage\",\"@id\":\"https:\/\/juliettesejourne.com\/presse\/\",\"url\":\"https:\/\/juliettesejourne.com\/presse\/\",\"name\":\"Presse - Juliette Sejourn\u00e9\",\"isPartOf\":{\"@id\":\"https:\/\/juliettesejourne.com\/#website\"},\"datePublished\":\"2023-08-18T20:23:08+00:00\",\"dateModified\":\"2024-08-23T16:30:13+00:00\",\"breadcrumb\":{\"@id\":\"https:\/\/juliettesejourne.com\/presse\/#breadcrumb\"},\"inLanguage\":\"en-GB\",\"potentialAction\":[{\"@type\":\"ReadAction\",\"target\":[\"https:\/\/juliettesejourne.com\/presse\/\"]}]},{\"@type\":\"BreadcrumbList\",\"@id\":\"https:\/\/juliettesejourne.com\/presse\/#breadcrumb\",\"itemListElement\":[{\"@type\":\"ListItem\",\"position\":1,\"name\":\"Accueil\",\"item\":\"https:\/\/juliettesejourne.com\/\"},{\"@type\":\"ListItem\",\"position\":2,\"name\":\"Presse\"}]},{\"@type\":\"WebSite\",\"@id\":\"https:\/\/juliettesejourne.com\/#website\",\"url\":\"https:\/\/juliettesejourne.com\/\",\"name\":\"Juliette S\u00e9journ\u00e9\",\"description\":\"Juliette Sejourn\u00e9\",\"potentialAction\":[{\"@type\":\"SearchAction\",\"target\":{\"@type\":\"EntryPoint\",\"urlTemplate\":\"https:\/\/juliettesejourne.com\/?s={search_term_string}\"},\"query-input\":{\"@type\":\"PropertyValueSpecification\",\"valueRequired\":true,\"valueName\":\"search_term_string\"}}],\"inLanguage\":\"en-GB\"}]}<\/script>\n<!-- \/ Yoast SEO plugin. -->","yoast_head_json":{"title":"Presse - Juliette Sejourn\u00e9","robots":{"index":"index","follow":"follow","max-snippet":"max-snippet:-1","max-image-preview":"max-image-preview:large","max-video-preview":"max-video-preview:-1"},"canonical":"https:\/\/juliettesejourne.com\/en\/presse\/","og_locale":"en_GB","og_type":"article","og_title":"Presse - Juliette Sejourn\u00e9","og_description":"Tsukumo-caf\u00e9, mars-avril 2024 Articles Ouest France 1, 2 et 3 ; L\u00e9a Paule pour le Blog Laval Virtual INSTITUT DU MONDE ARABE, OCTOBRE 2019&nbsp; Interview avec Brigitte N\u00e9rou \u00e0 propos du R\u00e9cital Darwich, Je suis le dialogue des r\u00eaveurs \/ \u0623\u064e\u0646\u0627\u062d\u0648\u0627\u0631\u064f\u0627\u0644\u062d\u0627\u0644\u0645\u064a\u0646&nbsp; PALAIS DE TOKYO, JUIN 2019 Interview \u00e0 propos d\u2019Al Qamar de Marielle Chabal, pour [&hellip;]","og_url":"https:\/\/juliettesejourne.com\/en\/presse\/","og_site_name":"Juliette Sejourn\u00e9","article_modified_time":"2024-08-23T16:30:13+00:00","og_image":[{"width":400,"height":267,"url":"https:\/\/juliettesejourne.com\/wp-content\/uploads\/2023\/08\/Traviata-\u00a9-Simon-Gosselin_400.jpeg","type":"image\/jpeg"}],"twitter_card":"summary_large_image","twitter_misc":{"Estimated reading time":"1 minute"},"schema":{"@context":"https:\/\/schema.org","@graph":[{"@type":"WebPage","@id":"https:\/\/juliettesejourne.com\/presse\/","url":"https:\/\/juliettesejourne.com\/presse\/","name":"Presse - Juliette Sejourn\u00e9","isPartOf":{"@id":"https:\/\/juliettesejourne.com\/#website"},"datePublished":"2023-08-18T20:23:08+00:00","dateModified":"2024-08-23T16:30:13+00:00","breadcrumb":{"@id":"https:\/\/juliettesejourne.com\/presse\/#breadcrumb"},"inLanguage":"en-GB","potentialAction":[{"@type":"ReadAction","target":["https:\/\/juliettesejourne.com\/presse\/"]}]},{"@type":"BreadcrumbList","@id":"https:\/\/juliettesejourne.com\/presse\/#breadcrumb","itemListElement":[{"@type":"ListItem","position":1,"name":"Accueil","item":"https:\/\/juliettesejourne.com\/"},{"@type":"ListItem","position":2,"name":"Presse"}]},{"@type":"WebSite","@id":"https:\/\/juliettesejourne.com\/#website","url":"https:\/\/juliettesejourne.com\/","name":"Juliette S\u00e9journ\u00e9","description":"Juliette Sejourn\u00e9","potentialAction":[{"@type":"SearchAction","target":{"@type":"EntryPoint","urlTemplate":"https:\/\/juliettesejourne.com\/?s={search_term_string}"},"query-input":{"@type":"PropertyValueSpecification","valueRequired":true,"valueName":"search_term_string"}}],"inLanguage":"en-GB"}]}},"_links":{"self":[{"href":"https:\/\/juliettesejourne.com\/en\/wp-json\/wp\/v2\/pages\/454","targetHints":{"allow":["GET"]}}],"collection":[{"href":"https:\/\/juliettesejourne.com\/en\/wp-json\/wp\/v2\/pages"}],"about":[{"href":"https:\/\/juliettesejourne.com\/en\/wp-json\/wp\/v2\/types\/page"}],"author":[{"embeddable":true,"href":"https:\/\/juliettesejourne.com\/en\/wp-json\/wp\/v2\/users\/1"}],"replies":[{"embeddable":true,"href":"https:\/\/juliettesejourne.com\/en\/wp-json\/wp\/v2\/comments?post=454"}],"version-history":[{"count":10,"href":"https:\/\/juliettesejourne.com\/en\/wp-json\/wp\/v2\/pages\/454\/revisions"}],"predecessor-version":[{"id":722,"href":"https:\/\/juliettesejourne.com\/en\/wp-json\/wp\/v2\/pages\/454\/revisions\/722"}],"wp:attachment":[{"href":"https:\/\/juliettesejourne.com\/en\/wp-json\/wp\/v2\/media?parent=454"}],"curies":[{"name":"wp","href":"https:\/\/api.w.org\/{rel}","templated":true}]}}