{"id":730,"date":"2024-08-23T18:49:49","date_gmt":"2024-08-23T16:49:49","guid":{"rendered":"https:\/\/juliettesejourne.com\/?page_id=730"},"modified":"2024-08-24T10:20:27","modified_gmt":"2024-08-24T08:20:27","slug":"publications","status":"publish","type":"page","link":"https:\/\/juliettesejourne.com\/en\/publications\/","title":{"rendered":"PUBLICATIONS"},"content":{"rendered":"<div style=\"height:20px\" aria-hidden=\"true\" class=\"wp-block-spacer\"><\/div>\n\n\n\n<p>Juliette S\u00e9journ\u00e9, Our Things, 29th&nbsp;International Symposium on Electronic Art (ISEA) Meanjin (Brusbane), Australia, 2024.<\/p>\n\n\n\n<p><a href=\"https:\/\/juliettesejourne.com\/wp-content\/uploads\/2024\/08\/Our_Things_Juliette_Sejourne_ISEA2024.pdf\">PDF<\/a><\/p>\n\n\n\n<div style=\"height:20px\" aria-hidden=\"true\" class=\"wp-block-spacer\"><\/div>\n\n\n\n<p>Juliette S\u00e9journ\u00e9, Fr\u00e9d\u00e9ric Bevilacqua, Anthonin Gourichon. Tsukumo-caf\u00e9 : Exploration interactive d&rsquo;un objet connect\u00e9 \u00e0 sa propre int\u00e9riorit\u00e9.&nbsp;<em>Dr\u00f4les d&rsquo;objets<\/em>, May 2023, Nancy, France.&nbsp;\u27e810.5281\/zenodo.12783994\u27e9.&nbsp;\u27e8hal-04655357\u27e9<\/p>\n\n\n\n<p><a href=\"https:\/\/juliettesejourne.com\/wp-content\/uploads\/2024\/08\/droledobjets2023_Sejourne_2.pdf\">PDF<\/a><\/p>\n\n\n\n<div style=\"height:20px\" aria-hidden=\"true\" class=\"wp-block-spacer\"><\/div>\n\n\n\n<p>Juliette S\u00e9journ\u00e9, Les caricatures de pianistes au premier XIXe si\u00e8cle, <em>La musique au risque des images<\/em>, Fran\u00e7oise ZAMOUR (dir.), Collection Filigrane, Edition Delatour, 2014<\/p>\n\n\n\n<p><a href=\"https:\/\/www.editions-delatour.com\/fr\/musicologie-analyses\/2323-la-musique-au-risque-des-images-9782752102218.html\">LIEN<\/a><\/p>","protected":false},"excerpt":{"rendered":"<p>Juliette S\u00e9journ\u00e9, Our Things, 29th&nbsp;International Symposium on Electronic Art (ISEA) Meanjin (Brusbane), Australia, 2024. PDF Juliette S\u00e9journ\u00e9, Fr\u00e9d\u00e9ric Bevilacqua, Anthonin Gourichon. Tsukumo-caf\u00e9 : Exploration interactive d&rsquo;un objet connect\u00e9 \u00e0 sa propre int\u00e9riorit\u00e9.&nbsp;Dr\u00f4les d&rsquo;objets, May 2023, Nancy, France.&nbsp;\u27e810.5281\/zenodo.12783994\u27e9.&nbsp;\u27e8hal-04655357\u27e9 PDF Juliette S\u00e9journ\u00e9, Les caricatures de pianistes au premier XIXe si\u00e8cle, La musique au risque des images, Fran\u00e7oise [&hellip;]<\/p>","protected":false},"author":2,"featured_media":0,"parent":0,"menu_order":0,"comment_status":"closed","ping_status":"closed","template":"","meta":{"_monsterinsights_skip_tracking":false,"_monsterinsights_sitenote_active":false,"_monsterinsights_sitenote_note":"","_monsterinsights_sitenote_category":0,"footnotes":""},"class_list":["post-730","page","type-page","status-publish","hentry"],"yoast_head":"<!-- This site is optimized with the Yoast SEO plugin v24.8.1 - https:\/\/yoast.com\/wordpress\/plugins\/seo\/ -->\n<title>PUBLICATIONS - Juliette Sejourn\u00e9<\/title>\n<meta name=\"robots\" content=\"index, follow, max-snippet:-1, max-image-preview:large, max-video-preview:-1\" \/>\n<link rel=\"canonical\" href=\"https:\/\/juliettesejourne.com\/en\/publications\/\" \/>\n<meta property=\"og:locale\" content=\"en_GB\" \/>\n<meta property=\"og:type\" content=\"article\" \/>\n<meta property=\"og:title\" content=\"PUBLICATIONS - Juliette Sejourn\u00e9\" \/>\n<meta property=\"og:description\" content=\"Juliette S\u00e9journ\u00e9, Our Things, 29th&nbsp;International Symposium on Electronic Art (ISEA) Meanjin (Brusbane), Australia, 2024. PDF Juliette S\u00e9journ\u00e9, Fr\u00e9d\u00e9ric Bevilacqua, Anthonin Gourichon. Tsukumo-caf\u00e9 : Exploration interactive d&rsquo;un objet connect\u00e9 \u00e0 sa propre int\u00e9riorit\u00e9.&nbsp;Dr\u00f4les d&rsquo;objets, May 2023, Nancy, France.&nbsp;\u27e810.5281\/zenodo.12783994\u27e9.&nbsp;\u27e8hal-04655357\u27e9 PDF Juliette S\u00e9journ\u00e9, Les caricatures de pianistes au premier XIXe si\u00e8cle, La musique au risque des images, Fran\u00e7oise [&hellip;]\" \/>\n<meta property=\"og:url\" content=\"https:\/\/juliettesejourne.com\/en\/publications\/\" \/>\n<meta property=\"og:site_name\" content=\"Juliette Sejourn\u00e9\" \/>\n<meta property=\"article:modified_time\" content=\"2024-08-24T08:20:27+00:00\" \/>\n<meta property=\"og:image\" content=\"https:\/\/juliettesejourne.com\/wp-content\/uploads\/2023\/08\/Traviata-\u00a9-Simon-Gosselin_400.jpeg\" \/>\n\t<meta property=\"og:image:width\" content=\"400\" \/>\n\t<meta property=\"og:image:height\" content=\"267\" \/>\n\t<meta property=\"og:image:type\" content=\"image\/jpeg\" \/>\n<meta name=\"twitter:card\" content=\"summary_large_image\" \/>\n<meta name=\"twitter:label1\" content=\"Estimated reading time\" \/>\n\t<meta name=\"twitter:data1\" content=\"1 minute\" \/>\n<script type=\"application\/ld+json\" class=\"yoast-schema-graph\">{\"@context\":\"https:\/\/schema.org\",\"@graph\":[{\"@type\":\"WebPage\",\"@id\":\"https:\/\/juliettesejourne.com\/publications\/\",\"url\":\"https:\/\/juliettesejourne.com\/publications\/\",\"name\":\"PUBLICATIONS - Juliette Sejourn\u00e9\",\"isPartOf\":{\"@id\":\"https:\/\/juliettesejourne.com\/#website\"},\"datePublished\":\"2024-08-23T16:49:49+00:00\",\"dateModified\":\"2024-08-24T08:20:27+00:00\",\"breadcrumb\":{\"@id\":\"https:\/\/juliettesejourne.com\/publications\/#breadcrumb\"},\"inLanguage\":\"en-GB\",\"potentialAction\":[{\"@type\":\"ReadAction\",\"target\":[\"https:\/\/juliettesejourne.com\/publications\/\"]}]},{\"@type\":\"BreadcrumbList\",\"@id\":\"https:\/\/juliettesejourne.com\/publications\/#breadcrumb\",\"itemListElement\":[{\"@type\":\"ListItem\",\"position\":1,\"name\":\"Accueil\",\"item\":\"https:\/\/juliettesejourne.com\/\"},{\"@type\":\"ListItem\",\"position\":2,\"name\":\"PUBLICATIONS\"}]},{\"@type\":\"WebSite\",\"@id\":\"https:\/\/juliettesejourne.com\/#website\",\"url\":\"https:\/\/juliettesejourne.com\/\",\"name\":\"Juliette S\u00e9journ\u00e9\",\"description\":\"Juliette Sejourn\u00e9\",\"potentialAction\":[{\"@type\":\"SearchAction\",\"target\":{\"@type\":\"EntryPoint\",\"urlTemplate\":\"https:\/\/juliettesejourne.com\/?s={search_term_string}\"},\"query-input\":{\"@type\":\"PropertyValueSpecification\",\"valueRequired\":true,\"valueName\":\"search_term_string\"}}],\"inLanguage\":\"en-GB\"}]}<\/script>\n<!-- \/ Yoast SEO plugin. -->","yoast_head_json":{"title":"PUBLICATIONS - Juliette Sejourn\u00e9","robots":{"index":"index","follow":"follow","max-snippet":"max-snippet:-1","max-image-preview":"max-image-preview:large","max-video-preview":"max-video-preview:-1"},"canonical":"https:\/\/juliettesejourne.com\/en\/publications\/","og_locale":"en_GB","og_type":"article","og_title":"PUBLICATIONS - Juliette Sejourn\u00e9","og_description":"Juliette S\u00e9journ\u00e9, Our Things, 29th&nbsp;International Symposium on Electronic Art (ISEA) Meanjin (Brusbane), Australia, 2024. PDF Juliette S\u00e9journ\u00e9, Fr\u00e9d\u00e9ric Bevilacqua, Anthonin Gourichon. Tsukumo-caf\u00e9 : Exploration interactive d&rsquo;un objet connect\u00e9 \u00e0 sa propre int\u00e9riorit\u00e9.&nbsp;Dr\u00f4les d&rsquo;objets, May 2023, Nancy, France.&nbsp;\u27e810.5281\/zenodo.12783994\u27e9.&nbsp;\u27e8hal-04655357\u27e9 PDF Juliette S\u00e9journ\u00e9, Les caricatures de pianistes au premier XIXe si\u00e8cle, La musique au risque des images, Fran\u00e7oise [&hellip;]","og_url":"https:\/\/juliettesejourne.com\/en\/publications\/","og_site_name":"Juliette Sejourn\u00e9","article_modified_time":"2024-08-24T08:20:27+00:00","og_image":[{"width":400,"height":267,"url":"https:\/\/juliettesejourne.com\/wp-content\/uploads\/2023\/08\/Traviata-\u00a9-Simon-Gosselin_400.jpeg","type":"image\/jpeg"}],"twitter_card":"summary_large_image","twitter_misc":{"Estimated reading time":"1 minute"},"schema":{"@context":"https:\/\/schema.org","@graph":[{"@type":"WebPage","@id":"https:\/\/juliettesejourne.com\/publications\/","url":"https:\/\/juliettesejourne.com\/publications\/","name":"PUBLICATIONS - Juliette Sejourn\u00e9","isPartOf":{"@id":"https:\/\/juliettesejourne.com\/#website"},"datePublished":"2024-08-23T16:49:49+00:00","dateModified":"2024-08-24T08:20:27+00:00","breadcrumb":{"@id":"https:\/\/juliettesejourne.com\/publications\/#breadcrumb"},"inLanguage":"en-GB","potentialAction":[{"@type":"ReadAction","target":["https:\/\/juliettesejourne.com\/publications\/"]}]},{"@type":"BreadcrumbList","@id":"https:\/\/juliettesejourne.com\/publications\/#breadcrumb","itemListElement":[{"@type":"ListItem","position":1,"name":"Accueil","item":"https:\/\/juliettesejourne.com\/"},{"@type":"ListItem","position":2,"name":"PUBLICATIONS"}]},{"@type":"WebSite","@id":"https:\/\/juliettesejourne.com\/#website","url":"https:\/\/juliettesejourne.com\/","name":"Juliette S\u00e9journ\u00e9","description":"Juliette Sejourn\u00e9","potentialAction":[{"@type":"SearchAction","target":{"@type":"EntryPoint","urlTemplate":"https:\/\/juliettesejourne.com\/?s={search_term_string}"},"query-input":{"@type":"PropertyValueSpecification","valueRequired":true,"valueName":"search_term_string"}}],"inLanguage":"en-GB"}]}},"_links":{"self":[{"href":"https:\/\/juliettesejourne.com\/en\/wp-json\/wp\/v2\/pages\/730","targetHints":{"allow":["GET"]}}],"collection":[{"href":"https:\/\/juliettesejourne.com\/en\/wp-json\/wp\/v2\/pages"}],"about":[{"href":"https:\/\/juliettesejourne.com\/en\/wp-json\/wp\/v2\/types\/page"}],"author":[{"embeddable":true,"href":"https:\/\/juliettesejourne.com\/en\/wp-json\/wp\/v2\/users\/2"}],"replies":[{"embeddable":true,"href":"https:\/\/juliettesejourne.com\/en\/wp-json\/wp\/v2\/comments?post=730"}],"version-history":[{"count":8,"href":"https:\/\/juliettesejourne.com\/en\/wp-json\/wp\/v2\/pages\/730\/revisions"}],"predecessor-version":[{"id":750,"href":"https:\/\/juliettesejourne.com\/en\/wp-json\/wp\/v2\/pages\/730\/revisions\/750"}],"wp:attachment":[{"href":"https:\/\/juliettesejourne.com\/en\/wp-json\/wp\/v2\/media?parent=730"}],"curies":[{"name":"wp","href":"https:\/\/api.w.org\/{rel}","templated":true}]}}