{"id":932,"date":"2025-05-01T17:23:55","date_gmt":"2025-05-01T15:23:55","guid":{"rendered":"https:\/\/juliettesejourne.com\/?page_id=932"},"modified":"2025-05-01T17:26:12","modified_gmt":"2025-05-01T15:26:12","slug":"lettre-test","status":"publish","type":"page","link":"https:\/\/juliettesejourne.com\/en\/lettre-test\/","title":{"rendered":"lettre-test"},"content":{"rendered":"<div style=\"height:21px\" aria-hidden=\"true\" class=\"wp-block-spacer\"><\/div>\n\n\n\n<p>Lettre 1 sans reverb<\/p>\n\n\n\n<figure class=\"wp-block-audio\"><audio controls src=\"https:\/\/juliettesejourne.com\/wp-content\/uploads\/2025\/05\/lettre-1-noreverb.mp3\"><\/audio><\/figure>\n\n\n\n<p>Lettre 1 reverb faible<\/p>\n\n\n\n<figure class=\"wp-block-audio\"><audio controls src=\"https:\/\/juliettesejourne.com\/wp-content\/uploads\/2025\/05\/lettre-1-reverb-low.mp3\"><\/audio><\/figure>\n\n\n\n<p>Lettre 1 reverb plus forte<\/p>\n\n\n\n<figure class=\"wp-block-audio\"><audio controls src=\"https:\/\/juliettesejourne.com\/wp-content\/uploads\/2025\/05\/lettre-1-reverb-higher-10.mp3\"><\/audio><\/figure>","protected":false},"excerpt":{"rendered":"<p>Lettre 1 sans reverb Lettre 1 reverb faible Lettre 1 reverb plus forte<\/p>","protected":false},"author":2,"featured_media":0,"parent":0,"menu_order":0,"comment_status":"closed","ping_status":"closed","template":"sans_menu_2","meta":{"_monsterinsights_skip_tracking":false,"_monsterinsights_sitenote_active":false,"_monsterinsights_sitenote_note":"","_monsterinsights_sitenote_category":0,"footnotes":""},"class_list":["post-932","page","type-page","status-publish","hentry"],"yoast_head":"<!-- This site is optimized with the Yoast SEO plugin v24.8.1 - https:\/\/yoast.com\/wordpress\/plugins\/seo\/ -->\n<title>lettre-test - Juliette Sejourn\u00e9<\/title>\n<meta name=\"robots\" content=\"index, follow, max-snippet:-1, max-image-preview:large, max-video-preview:-1\" \/>\n<link rel=\"canonical\" href=\"https:\/\/juliettesejourne.com\/en\/lettre-test\/\" \/>\n<meta property=\"og:locale\" content=\"en_GB\" \/>\n<meta property=\"og:type\" content=\"article\" \/>\n<meta property=\"og:title\" content=\"lettre-test - Juliette Sejourn\u00e9\" \/>\n<meta property=\"og:description\" content=\"Lettre 1 sans reverb Lettre 1 reverb faible Lettre 1 reverb plus forte\" \/>\n<meta property=\"og:url\" content=\"https:\/\/juliettesejourne.com\/en\/lettre-test\/\" \/>\n<meta property=\"og:site_name\" content=\"Juliette Sejourn\u00e9\" \/>\n<meta property=\"article:modified_time\" content=\"2025-05-01T15:26:12+00:00\" \/>\n<meta property=\"og:image\" content=\"https:\/\/juliettesejourne.com\/wp-content\/uploads\/2023\/08\/Traviata-\u00a9-Simon-Gosselin_400.jpeg\" \/>\n\t<meta property=\"og:image:width\" content=\"400\" \/>\n\t<meta property=\"og:image:height\" content=\"267\" \/>\n\t<meta property=\"og:image:type\" content=\"image\/jpeg\" \/>\n<meta name=\"twitter:card\" content=\"summary_large_image\" \/>\n<script type=\"application\/ld+json\" class=\"yoast-schema-graph\">{\"@context\":\"https:\/\/schema.org\",\"@graph\":[{\"@type\":\"WebPage\",\"@id\":\"https:\/\/juliettesejourne.com\/lettre-test\/\",\"url\":\"https:\/\/juliettesejourne.com\/lettre-test\/\",\"name\":\"lettre-test - Juliette Sejourn\u00e9\",\"isPartOf\":{\"@id\":\"https:\/\/juliettesejourne.com\/#website\"},\"datePublished\":\"2025-05-01T15:23:55+00:00\",\"dateModified\":\"2025-05-01T15:26:12+00:00\",\"breadcrumb\":{\"@id\":\"https:\/\/juliettesejourne.com\/lettre-test\/#breadcrumb\"},\"inLanguage\":\"en-GB\",\"potentialAction\":[{\"@type\":\"ReadAction\",\"target\":[\"https:\/\/juliettesejourne.com\/lettre-test\/\"]}]},{\"@type\":\"BreadcrumbList\",\"@id\":\"https:\/\/juliettesejourne.com\/lettre-test\/#breadcrumb\",\"itemListElement\":[{\"@type\":\"ListItem\",\"position\":1,\"name\":\"Accueil\",\"item\":\"https:\/\/juliettesejourne.com\/\"},{\"@type\":\"ListItem\",\"position\":2,\"name\":\"lettre-test\"}]},{\"@type\":\"WebSite\",\"@id\":\"https:\/\/juliettesejourne.com\/#website\",\"url\":\"https:\/\/juliettesejourne.com\/\",\"name\":\"Juliette S\u00e9journ\u00e9\",\"description\":\"Juliette Sejourn\u00e9\",\"potentialAction\":[{\"@type\":\"SearchAction\",\"target\":{\"@type\":\"EntryPoint\",\"urlTemplate\":\"https:\/\/juliettesejourne.com\/?s={search_term_string}\"},\"query-input\":{\"@type\":\"PropertyValueSpecification\",\"valueRequired\":true,\"valueName\":\"search_term_string\"}}],\"inLanguage\":\"en-GB\"}]}<\/script>\n<!-- \/ Yoast SEO plugin. -->","yoast_head_json":{"title":"lettre-test - Juliette Sejourn\u00e9","robots":{"index":"index","follow":"follow","max-snippet":"max-snippet:-1","max-image-preview":"max-image-preview:large","max-video-preview":"max-video-preview:-1"},"canonical":"https:\/\/juliettesejourne.com\/en\/lettre-test\/","og_locale":"en_GB","og_type":"article","og_title":"lettre-test - Juliette Sejourn\u00e9","og_description":"Lettre 1 sans reverb Lettre 1 reverb faible Lettre 1 reverb plus forte","og_url":"https:\/\/juliettesejourne.com\/en\/lettre-test\/","og_site_name":"Juliette Sejourn\u00e9","article_modified_time":"2025-05-01T15:26:12+00:00","og_image":[{"width":400,"height":267,"url":"https:\/\/juliettesejourne.com\/wp-content\/uploads\/2023\/08\/Traviata-\u00a9-Simon-Gosselin_400.jpeg","type":"image\/jpeg"}],"twitter_card":"summary_large_image","schema":{"@context":"https:\/\/schema.org","@graph":[{"@type":"WebPage","@id":"https:\/\/juliettesejourne.com\/lettre-test\/","url":"https:\/\/juliettesejourne.com\/lettre-test\/","name":"lettre-test - Juliette Sejourn\u00e9","isPartOf":{"@id":"https:\/\/juliettesejourne.com\/#website"},"datePublished":"2025-05-01T15:23:55+00:00","dateModified":"2025-05-01T15:26:12+00:00","breadcrumb":{"@id":"https:\/\/juliettesejourne.com\/lettre-test\/#breadcrumb"},"inLanguage":"en-GB","potentialAction":[{"@type":"ReadAction","target":["https:\/\/juliettesejourne.com\/lettre-test\/"]}]},{"@type":"BreadcrumbList","@id":"https:\/\/juliettesejourne.com\/lettre-test\/#breadcrumb","itemListElement":[{"@type":"ListItem","position":1,"name":"Accueil","item":"https:\/\/juliettesejourne.com\/"},{"@type":"ListItem","position":2,"name":"lettre-test"}]},{"@type":"WebSite","@id":"https:\/\/juliettesejourne.com\/#website","url":"https:\/\/juliettesejourne.com\/","name":"Juliette S\u00e9journ\u00e9","description":"Juliette Sejourn\u00e9","potentialAction":[{"@type":"SearchAction","target":{"@type":"EntryPoint","urlTemplate":"https:\/\/juliettesejourne.com\/?s={search_term_string}"},"query-input":{"@type":"PropertyValueSpecification","valueRequired":true,"valueName":"search_term_string"}}],"inLanguage":"en-GB"}]}},"_links":{"self":[{"href":"https:\/\/juliettesejourne.com\/en\/wp-json\/wp\/v2\/pages\/932","targetHints":{"allow":["GET"]}}],"collection":[{"href":"https:\/\/juliettesejourne.com\/en\/wp-json\/wp\/v2\/pages"}],"about":[{"href":"https:\/\/juliettesejourne.com\/en\/wp-json\/wp\/v2\/types\/page"}],"author":[{"embeddable":true,"href":"https:\/\/juliettesejourne.com\/en\/wp-json\/wp\/v2\/users\/2"}],"replies":[{"embeddable":true,"href":"https:\/\/juliettesejourne.com\/en\/wp-json\/wp\/v2\/comments?post=932"}],"version-history":[{"count":1,"href":"https:\/\/juliettesejourne.com\/en\/wp-json\/wp\/v2\/pages\/932\/revisions"}],"predecessor-version":[{"id":933,"href":"https:\/\/juliettesejourne.com\/en\/wp-json\/wp\/v2\/pages\/932\/revisions\/933"}],"wp:attachment":[{"href":"https:\/\/juliettesejourne.com\/en\/wp-json\/wp\/v2\/media?parent=932"}],"curies":[{"name":"wp","href":"https:\/\/api.w.org\/{rel}","templated":true}]}}